{"id":2661,"date":"2025-09-02T09:01:01","date_gmt":"2025-09-02T09:01:01","guid":{"rendered":"https:\/\/poyrazcam.com.tr\/projects\/"},"modified":"2025-09-08T12:43:32","modified_gmt":"2025-09-08T12:43:32","slug":"urunlerimiz","status":"publish","type":"page","link":"https:\/\/poyrazcam.com.tr\/en\/urunlerimiz\/","title":{"rendered":"Our Products"},"content":{"rendered":"<div data-elementor-type=\"wp-page\" data-elementor-id=\"2661\" class=\"elementor elementor-2661\">\n\t\t\t\t<div class=\"elementor-element elementor-element-1b6161c e-con-full animated-slow e-flex elementor-invisible e-con e-parent\" data-id=\"1b6161c\" data-element_type=\"container\" data-settings=\"{&quot;background_background&quot;:&quot;classic&quot;,&quot;animation&quot;:&quot;fadeInLeft&quot;,&quot;animation_delay&quot;:300}\">\n\t\t<div class=\"elementor-element elementor-element-a621323 e-con-full e-flex e-con e-child\" data-id=\"a621323\" data-element_type=\"container\">\n\t\t\t\t<div class=\"elementor-element elementor-element-2ff45f2 elementor-widget elementor-widget-heading\" data-id=\"2ff45f2\" data-element_type=\"widget\" data-widget_type=\"heading.default\">\n\t\t\t\t<div class=\"elementor-widget-container\">\n\t\t\t\t\t<h1 class=\"elementor-heading-title elementor-size-default\">Our Products<\/h1>\t\t\t\t<\/div>\n\t\t\t\t<\/div>\n\t\t\t\t<\/div>\n\t\t\t\t<\/div>\n\t\t<div class=\"elementor-element elementor-element-3a31dfd e-flex e-con-boxed e-con e-parent\" data-id=\"3a31dfd\" data-element_type=\"container\" data-settings=\"{&quot;background_background&quot;:&quot;classic&quot;}\">\n\t\t\t\t\t<div class=\"e-con-inner\">\n\t\t<div class=\"elementor-element elementor-element-d5b2ddf e-con-full e-flex e-con e-child\" data-id=\"d5b2ddf\" data-element_type=\"container\">\n\t\t\t\t<div class=\"elementor-element elementor-element-fdd3d01 elementor-widget elementor-widget-heading\" data-id=\"fdd3d01\" data-element_type=\"widget\" data-widget_type=\"heading.default\">\n\t\t\t\t<div class=\"elementor-widget-container\">\n\t\t\t\t\t<h2 class=\"elementor-heading-title elementor-size-default\">Explore Our Products<\/h2>\t\t\t\t<\/div>\n\t\t\t\t<\/div>\n\t\t\t\t<\/div>\n\t\t\t\t\t<\/div>\n\t\t\t\t<\/div>\n\t\t<div class=\"elementor-element elementor-element-1af1caa e-con-full e-flex e-con e-parent\" data-id=\"1af1caa\" data-element_type=\"container\">\n\t\t<div class=\"elementor-element elementor-element-1830028 e-con-full e-flex elementor-invisible e-con e-child\" data-id=\"1830028\" data-element_type=\"container\" id=\"infocard\" data-settings=\"{&quot;background_background&quot;:&quot;classic&quot;,&quot;animation&quot;:&quot;fadeIn&quot;}\">\n\t\t\t\t\t\t\t<div data-eael_opacity=\"{&quot;opacity&quot;:0.85}\" data-eael_duration=\"{&quot;transitionDuration&quot;:600}\" data-eael_easing=\"{&quot;transitionEasing&quot;:&quot;ease&quot;}\" data-eael_opacity_hover=\"{&quot;opacity&quot;:1}\" data-eael_contrast_hover_effect=\"{&quot;contrast&quot;:104}\" data-eael_saturate_hover_effect=\"{&quot;saturate&quot;:100}\" data-eael_offset_hover_left=\"{&quot;size&quot;:-6,&quot;unit&quot;:&quot;px&quot;}\" data-eael_scale_hover_effect=\"{&quot;scale_x&quot;:1.03,&quot;scale_y&quot;:0}\" data-eael_hover_duration=\"{&quot;transitionDuration&quot;:350}\" data-eael_hover_easing=\"{&quot;transitionEasing&quot;:&quot;ease-in-out&quot;}\" class=\"eael_hover_effect elementor-element elementor-element-3196850 elementor-invisible elementor-widget elementor-widget-hfe-infocard\" data-id=\"3196850\" data-element_type=\"widget\" id=\"cardinfos\" data-settings=\"{&quot;eael_hover_effect_opacity_popover_hover&quot;:&quot;yes&quot;,&quot;eael_hover_effect_contrast_hover&quot;:{&quot;unit&quot;:&quot;%&quot;,&quot;size&quot;:104,&quot;sizes&quot;:[]},&quot;eael_hover_effect_offset_hover_popover&quot;:&quot;yes&quot;,&quot;eael_hover_effect_offset_hover_left&quot;:{&quot;unit&quot;:&quot;px&quot;,&quot;size&quot;:-6,&quot;sizes&quot;:[]},&quot;eael_hover_effect_transform_hover_popover&quot;:&quot;yes&quot;,&quot;eael_hover_effect_general_settings_hover_easing&quot;:&quot;ease-in-out&quot;,&quot;_animation&quot;:&quot;fadeIn&quot;,&quot;_animation_delay&quot;:0,&quot;eael_hover_effect_general_settings_easing&quot;:&quot;ease&quot;,&quot;eael_hover_effect_opacity_hover&quot;:{&quot;unit&quot;:&quot;px&quot;,&quot;size&quot;:1,&quot;sizes&quot;:[]},&quot;eael_hover_effect_saturate_hover&quot;:{&quot;unit&quot;:&quot;%&quot;,&quot;size&quot;:100,&quot;sizes&quot;:[]},&quot;eael_hover_effect_offset_hover_left_tablet&quot;:{&quot;unit&quot;:&quot;px&quot;,&quot;size&quot;:&quot;&quot;,&quot;sizes&quot;:[]},&quot;eael_hover_effect_offset_hover_left_mobile&quot;:{&quot;unit&quot;:&quot;px&quot;,&quot;size&quot;:&quot;&quot;,&quot;sizes&quot;:[]},&quot;eael_hover_effect_offset_hover_top&quot;:{&quot;unit&quot;:&quot;px&quot;,&quot;size&quot;:0,&quot;sizes&quot;:[]},&quot;eael_hover_effect_offset_hover_top_tablet&quot;:{&quot;unit&quot;:&quot;px&quot;,&quot;size&quot;:&quot;&quot;,&quot;sizes&quot;:[]},&quot;eael_hover_effect_offset_hover_top_mobile&quot;:{&quot;unit&quot;:&quot;px&quot;,&quot;size&quot;:&quot;&quot;,&quot;sizes&quot;:[]}}\" data-widget_type=\"hfe-infocard.default\">\n\t\t\t\t<div class=\"elementor-widget-container\">\n\t\t\t\t\t\n\t\t<div class=\"hfe-infocard\">\n\t\t\t\t\t\t\t\t\t<div class=\"hfe-infocard-title-wrap\">\n\t\t\t\t<h4 class=\"hfe-infocard-title elementor-inline-editing\" data-elementor-setting-key=\"infocard_title\" data-elementor-inline-editing-toolbar=\"basic\" >Insulation Glasses<\/h4>\t\t\t<\/div>\n\t\t\t\t\t\t<div class=\"hfe-infocard-text-wrap\">\n\t\t\t\t<div class=\"hfe-infocard-text elementor-inline-editing\" data-elementor-setting-key=\"infocard_description\" data-elementor-inline-editing-toolbar=\"advanced\">\n\t\t\t\t\t\t\t\t\t<\/div>\n\t\t\t\t\t\t\t<div class=\"hfe-button-wrapper elementor-widget-button\">\n\t\t\t\t<a href=\"\/en\/yalitim-camlari\/\" class=\"elementor-button-link elementor-button elementor-size-sm\">\n\t\t\t\t\t<span class=\"elementor-button-text elementor-inline-editing\"  data-elementor-setting-key=\"infocard_button_text\" data-elementor-inline-editing-toolbar=\"none\">View Details<\/span>\n\t\t\t\t<\/a>\n\t\t\t<\/div>\n\t\t\t\t\t\t<\/div>\n\t\t<\/div>\n\n\t\t\t\t\t\t<\/div>\n\t\t\t\t<\/div>\n\t\t\t\t<\/div>\n\t\t<div class=\"elementor-element elementor-element-9ff08f6 e-con-full e-flex elementor-invisible e-con e-child\" data-id=\"9ff08f6\" data-element_type=\"container\" data-settings=\"{&quot;background_background&quot;:&quot;classic&quot;,&quot;animation&quot;:&quot;fadeIn&quot;}\">\n\t\t\t\t\t\t\t<div data-eael_opacity=\"{&quot;opacity&quot;:0.85}\" data-eael_duration=\"{&quot;transitionDuration&quot;:600}\" data-eael_easing=\"{&quot;transitionEasing&quot;:&quot;ease&quot;}\" data-eael_opacity_hover=\"{&quot;opacity&quot;:1}\" data-eael_contrast_hover_effect=\"{&quot;contrast&quot;:104}\" data-eael_saturate_hover_effect=\"{&quot;saturate&quot;:100}\" data-eael_offset_hover_left=\"{&quot;size&quot;:-6,&quot;unit&quot;:&quot;px&quot;}\" data-eael_scale_hover_effect=\"{&quot;scale_x&quot;:1.03,&quot;scale_y&quot;:0}\" data-eael_hover_duration=\"{&quot;transitionDuration&quot;:350}\" data-eael_hover_easing=\"{&quot;transitionEasing&quot;:&quot;ease-in-out&quot;}\" class=\"eael_hover_effect elementor-element elementor-element-6ca54be elementor-invisible elementor-widget elementor-widget-hfe-infocard\" data-id=\"6ca54be\" data-element_type=\"widget\" id=\"cardinfos\" data-settings=\"{&quot;eael_hover_effect_opacity_popover_hover&quot;:&quot;yes&quot;,&quot;eael_hover_effect_contrast_hover&quot;:{&quot;unit&quot;:&quot;%&quot;,&quot;size&quot;:104,&quot;sizes&quot;:[]},&quot;eael_hover_effect_offset_hover_popover&quot;:&quot;yes&quot;,&quot;eael_hover_effect_offset_hover_left&quot;:{&quot;unit&quot;:&quot;px&quot;,&quot;size&quot;:-6,&quot;sizes&quot;:[]},&quot;eael_hover_effect_transform_hover_popover&quot;:&quot;yes&quot;,&quot;eael_hover_effect_general_settings_hover_easing&quot;:&quot;ease-in-out&quot;,&quot;_animation&quot;:&quot;fadeIn&quot;,&quot;_animation_delay&quot;:0,&quot;eael_hover_effect_general_settings_easing&quot;:&quot;ease&quot;,&quot;eael_hover_effect_opacity_hover&quot;:{&quot;unit&quot;:&quot;px&quot;,&quot;size&quot;:1,&quot;sizes&quot;:[]},&quot;eael_hover_effect_saturate_hover&quot;:{&quot;unit&quot;:&quot;%&quot;,&quot;size&quot;:100,&quot;sizes&quot;:[]},&quot;eael_hover_effect_offset_hover_left_tablet&quot;:{&quot;unit&quot;:&quot;px&quot;,&quot;size&quot;:&quot;&quot;,&quot;sizes&quot;:[]},&quot;eael_hover_effect_offset_hover_left_mobile&quot;:{&quot;unit&quot;:&quot;px&quot;,&quot;size&quot;:&quot;&quot;,&quot;sizes&quot;:[]},&quot;eael_hover_effect_offset_hover_top&quot;:{&quot;unit&quot;:&quot;px&quot;,&quot;size&quot;:0,&quot;sizes&quot;:[]},&quot;eael_hover_effect_offset_hover_top_tablet&quot;:{&quot;unit&quot;:&quot;px&quot;,&quot;size&quot;:&quot;&quot;,&quot;sizes&quot;:[]},&quot;eael_hover_effect_offset_hover_top_mobile&quot;:{&quot;unit&quot;:&quot;px&quot;,&quot;size&quot;:&quot;&quot;,&quot;sizes&quot;:[]}}\" data-widget_type=\"hfe-infocard.default\">\n\t\t\t\t<div class=\"elementor-widget-container\">\n\t\t\t\t\t\n\t\t<div class=\"hfe-infocard\">\n\t\t\t\t\t\t\t\t\t<div class=\"hfe-infocard-title-wrap\">\n\t\t\t\t<h4 class=\"hfe-infocard-title elementor-inline-editing\" data-elementor-setting-key=\"infocard_title\" data-elementor-inline-editing-toolbar=\"basic\" >Safety Glasses<\/h4>\t\t\t<\/div>\n\t\t\t\t\t\t<div class=\"hfe-infocard-text-wrap\">\n\t\t\t\t<div class=\"hfe-infocard-text elementor-inline-editing\" data-elementor-setting-key=\"infocard_description\" data-elementor-inline-editing-toolbar=\"advanced\">\n\t\t\t\t\t\t\t\t\t<\/div>\n\t\t\t\t\t\t\t<div class=\"hfe-button-wrapper elementor-widget-button\">\n\t\t\t\t<a href=\"\/en\/guvenlik-camlari\/\" class=\"elementor-button-link elementor-button elementor-size-sm\">\n\t\t\t\t\t<span class=\"elementor-button-text elementor-inline-editing\"  data-elementor-setting-key=\"infocard_button_text\" data-elementor-inline-editing-toolbar=\"none\">View Details<\/span>\n\t\t\t\t<\/a>\n\t\t\t<\/div>\n\t\t\t\t\t\t<\/div>\n\t\t<\/div>\n\n\t\t\t\t\t\t<\/div>\n\t\t\t\t<\/div>\n\t\t\t\t<\/div>\n\t\t\t\t<\/div>\n\t\t<div class=\"elementor-element elementor-element-09fbbec e-con-full e-flex e-con e-parent\" data-id=\"09fbbec\" data-element_type=\"container\">\n\t\t<div class=\"elementor-element elementor-element-fa539b0 e-con-full e-flex elementor-invisible e-con e-child\" data-id=\"fa539b0\" data-element_type=\"container\" data-settings=\"{&quot;background_background&quot;:&quot;classic&quot;,&quot;animation&quot;:&quot;fadeIn&quot;}\">\n\t\t\t\t\t\t\t<div data-eael_opacity=\"{&quot;opacity&quot;:0.85}\" data-eael_duration=\"{&quot;transitionDuration&quot;:600}\" data-eael_easing=\"{&quot;transitionEasing&quot;:&quot;ease&quot;}\" data-eael_opacity_hover=\"{&quot;opacity&quot;:1}\" data-eael_contrast_hover_effect=\"{&quot;contrast&quot;:104}\" data-eael_saturate_hover_effect=\"{&quot;saturate&quot;:100}\" data-eael_offset_hover_left=\"{&quot;size&quot;:-6,&quot;unit&quot;:&quot;px&quot;}\" data-eael_scale_hover_effect=\"{&quot;scale_x&quot;:1.03,&quot;scale_y&quot;:0}\" data-eael_hover_duration=\"{&quot;transitionDuration&quot;:350}\" data-eael_hover_easing=\"{&quot;transitionEasing&quot;:&quot;ease-in-out&quot;}\" class=\"eael_hover_effect elementor-element elementor-element-aa4340b elementor-invisible elementor-widget elementor-widget-hfe-infocard\" data-id=\"aa4340b\" data-element_type=\"widget\" id=\"cardinfos\" data-settings=\"{&quot;eael_hover_effect_opacity_popover_hover&quot;:&quot;yes&quot;,&quot;eael_hover_effect_contrast_hover&quot;:{&quot;unit&quot;:&quot;%&quot;,&quot;size&quot;:104,&quot;sizes&quot;:[]},&quot;eael_hover_effect_offset_hover_popover&quot;:&quot;yes&quot;,&quot;eael_hover_effect_offset_hover_left&quot;:{&quot;unit&quot;:&quot;px&quot;,&quot;size&quot;:-6,&quot;sizes&quot;:[]},&quot;eael_hover_effect_transform_hover_popover&quot;:&quot;yes&quot;,&quot;eael_hover_effect_general_settings_hover_easing&quot;:&quot;ease-in-out&quot;,&quot;_animation&quot;:&quot;fadeIn&quot;,&quot;_animation_delay&quot;:0,&quot;eael_hover_effect_general_settings_easing&quot;:&quot;ease&quot;,&quot;eael_hover_effect_opacity_hover&quot;:{&quot;unit&quot;:&quot;px&quot;,&quot;size&quot;:1,&quot;sizes&quot;:[]},&quot;eael_hover_effect_saturate_hover&quot;:{&quot;unit&quot;:&quot;%&quot;,&quot;size&quot;:100,&quot;sizes&quot;:[]},&quot;eael_hover_effect_offset_hover_left_tablet&quot;:{&quot;unit&quot;:&quot;px&quot;,&quot;size&quot;:&quot;&quot;,&quot;sizes&quot;:[]},&quot;eael_hover_effect_offset_hover_left_mobile&quot;:{&quot;unit&quot;:&quot;px&quot;,&quot;size&quot;:&quot;&quot;,&quot;sizes&quot;:[]},&quot;eael_hover_effect_offset_hover_top&quot;:{&quot;unit&quot;:&quot;px&quot;,&quot;size&quot;:0,&quot;sizes&quot;:[]},&quot;eael_hover_effect_offset_hover_top_tablet&quot;:{&quot;unit&quot;:&quot;px&quot;,&quot;size&quot;:&quot;&quot;,&quot;sizes&quot;:[]},&quot;eael_hover_effect_offset_hover_top_mobile&quot;:{&quot;unit&quot;:&quot;px&quot;,&quot;size&quot;:&quot;&quot;,&quot;sizes&quot;:[]}}\" data-widget_type=\"hfe-infocard.default\">\n\t\t\t\t<div class=\"elementor-widget-container\">\n\t\t\t\t\t\n\t\t<div class=\"hfe-infocard\">\n\t\t\t\t\t\t\t\t\t<div class=\"hfe-infocard-title-wrap\">\n\t\t\t\t<h4 class=\"hfe-infocard-title elementor-inline-editing\" data-elementor-setting-key=\"infocard_title\" data-elementor-inline-editing-toolbar=\"basic\" >Akustik Camlar<\/h4>\t\t\t<\/div>\n\t\t\t\t\t\t<div class=\"hfe-infocard-text-wrap\">\n\t\t\t\t<div class=\"hfe-infocard-text elementor-inline-editing\" data-elementor-setting-key=\"infocard_description\" data-elementor-inline-editing-toolbar=\"advanced\">\n\t\t\t\t\t\t\t\t\t<\/div>\n\t\t\t\t\t\t\t<div class=\"hfe-button-wrapper elementor-widget-button\">\n\t\t\t\t<a href=\"\/en\/ses-kontrol-camlari\/\" class=\"elementor-button-link elementor-button elementor-size-sm\">\n\t\t\t\t\t<span class=\"elementor-button-text elementor-inline-editing\"  data-elementor-setting-key=\"infocard_button_text\" data-elementor-inline-editing-toolbar=\"none\">View Details<\/span>\n\t\t\t\t<\/a>\n\t\t\t<\/div>\n\t\t\t\t\t\t<\/div>\n\t\t<\/div>\n\n\t\t\t\t\t\t<\/div>\n\t\t\t\t<\/div>\n\t\t\t\t<\/div>\n\t\t<div class=\"elementor-element elementor-element-51d1f80 e-con-full e-flex elementor-invisible e-con e-child\" data-id=\"51d1f80\" data-element_type=\"container\" data-settings=\"{&quot;background_background&quot;:&quot;classic&quot;,&quot;animation&quot;:&quot;fadeIn&quot;}\">\n\t\t\t\t\t\t\t<div data-eael_opacity=\"{&quot;opacity&quot;:0.85}\" data-eael_duration=\"{&quot;transitionDuration&quot;:600}\" data-eael_easing=\"{&quot;transitionEasing&quot;:&quot;ease&quot;}\" data-eael_opacity_hover=\"{&quot;opacity&quot;:1}\" data-eael_contrast_hover_effect=\"{&quot;contrast&quot;:104}\" data-eael_saturate_hover_effect=\"{&quot;saturate&quot;:100}\" data-eael_offset_hover_left=\"{&quot;size&quot;:-6,&quot;unit&quot;:&quot;px&quot;}\" data-eael_scale_hover_effect=\"{&quot;scale_x&quot;:1.03,&quot;scale_y&quot;:0}\" data-eael_hover_duration=\"{&quot;transitionDuration&quot;:350}\" data-eael_hover_easing=\"{&quot;transitionEasing&quot;:&quot;ease-in-out&quot;}\" class=\"eael_hover_effect elementor-element elementor-element-e15cf63 elementor-invisible elementor-widget elementor-widget-hfe-infocard\" data-id=\"e15cf63\" data-element_type=\"widget\" id=\"cardinfos\" data-settings=\"{&quot;eael_hover_effect_opacity_popover_hover&quot;:&quot;yes&quot;,&quot;eael_hover_effect_contrast_hover&quot;:{&quot;unit&quot;:&quot;%&quot;,&quot;size&quot;:104,&quot;sizes&quot;:[]},&quot;eael_hover_effect_offset_hover_popover&quot;:&quot;yes&quot;,&quot;eael_hover_effect_offset_hover_left&quot;:{&quot;unit&quot;:&quot;px&quot;,&quot;size&quot;:-6,&quot;sizes&quot;:[]},&quot;eael_hover_effect_transform_hover_popover&quot;:&quot;yes&quot;,&quot;eael_hover_effect_general_settings_hover_easing&quot;:&quot;ease-in-out&quot;,&quot;_animation&quot;:&quot;fadeIn&quot;,&quot;_animation_delay&quot;:0,&quot;eael_hover_effect_general_settings_easing&quot;:&quot;ease&quot;,&quot;eael_hover_effect_opacity_hover&quot;:{&quot;unit&quot;:&quot;px&quot;,&quot;size&quot;:1,&quot;sizes&quot;:[]},&quot;eael_hover_effect_saturate_hover&quot;:{&quot;unit&quot;:&quot;%&quot;,&quot;size&quot;:100,&quot;sizes&quot;:[]},&quot;eael_hover_effect_offset_hover_left_tablet&quot;:{&quot;unit&quot;:&quot;px&quot;,&quot;size&quot;:&quot;&quot;,&quot;sizes&quot;:[]},&quot;eael_hover_effect_offset_hover_left_mobile&quot;:{&quot;unit&quot;:&quot;px&quot;,&quot;size&quot;:&quot;&quot;,&quot;sizes&quot;:[]},&quot;eael_hover_effect_offset_hover_top&quot;:{&quot;unit&quot;:&quot;px&quot;,&quot;size&quot;:0,&quot;sizes&quot;:[]},&quot;eael_hover_effect_offset_hover_top_tablet&quot;:{&quot;unit&quot;:&quot;px&quot;,&quot;size&quot;:&quot;&quot;,&quot;sizes&quot;:[]},&quot;eael_hover_effect_offset_hover_top_mobile&quot;:{&quot;unit&quot;:&quot;px&quot;,&quot;size&quot;:&quot;&quot;,&quot;sizes&quot;:[]}}\" data-widget_type=\"hfe-infocard.default\">\n\t\t\t\t<div class=\"elementor-widget-container\">\n\t\t\t\t\t\n\t\t<div class=\"hfe-infocard\">\n\t\t\t\t\t\t\t\t\t<div class=\"hfe-infocard-title-wrap\">\n\t\t\t\t<h4 class=\"hfe-infocard-title elementor-inline-editing\" data-elementor-setting-key=\"infocard_title\" data-elementor-inline-editing-toolbar=\"basic\" >Flat &amp; Decorative Glass<\/h4>\t\t\t<\/div>\n\t\t\t\t\t\t<div class=\"hfe-infocard-text-wrap\">\n\t\t\t\t<div class=\"hfe-infocard-text elementor-inline-editing\" data-elementor-setting-key=\"infocard_description\" data-elementor-inline-editing-toolbar=\"advanced\">\n\t\t\t\t\t\t\t\t\t<\/div>\n\t\t\t\t\t\t\t<div class=\"hfe-button-wrapper elementor-widget-button\">\n\t\t\t\t<a href=\"\/en\/duz-dekoratif-camlar\/\" class=\"elementor-button-link elementor-button elementor-size-sm\">\n\t\t\t\t\t<span class=\"elementor-button-text elementor-inline-editing\"  data-elementor-setting-key=\"infocard_button_text\" data-elementor-inline-editing-toolbar=\"none\">View Details<\/span>\n\t\t\t\t<\/a>\n\t\t\t<\/div>\n\t\t\t\t\t\t<\/div>\n\t\t<\/div>\n\n\t\t\t\t\t\t<\/div>\n\t\t\t\t<\/div>\n\t\t\t\t<\/div>\n\t\t\t\t<\/div>\n\t\t<div class=\"elementor-element elementor-element-b9c37e1 e-flex e-con-boxed e-con e-parent\" data-id=\"b9c37e1\" data-element_type=\"container\" data-settings=\"{&quot;background_background&quot;:&quot;classic&quot;}\">\n\t\t\t\t\t<div class=\"e-con-inner\">\n\t\t\t\t<div class=\"elementor-element elementor-element-18e7d38 elementor-widget__width-inherit elementor-widget elementor-widget-heading\" data-id=\"18e7d38\" data-element_type=\"widget\" data-widget_type=\"heading.default\">\n\t\t\t\t<div class=\"elementor-widget-container\">\n\t\t\t\t\t<h3 class=\"elementor-heading-title elementor-size-default\">Poyraz Cam \u2014 The Address of Trust and Quality<\/h3>\t\t\t\t<\/div>\n\t\t\t\t<\/div>\n\t\t\t\t\t<\/div>\n\t\t\t\t<\/div>\n\t\t\t\t<\/div>","protected":false},"excerpt":{"rendered":"<p>\u00dcr\u00fcnlerimiz \u00dcr\u00fcnlerimize G\u00f6z At\u0131n Yal\u0131t\u0131m Camlar\u0131 Detayl\u0131 \u0130ncele G\u00fcvenlik Camlar\u0131 Detayl\u0131 \u0130ncele Akustik Camlar Detayl\u0131 \u0130ncele D\u00fcz &amp; Dekoratif Camlar Detayl\u0131 \u0130ncele G\u00fcven ve Kalite&#8217;nin Adresi Poyraz Cam&#8230;<\/p>","protected":false},"author":1,"featured_media":0,"parent":0,"menu_order":0,"comment_status":"closed","ping_status":"closed","template":"","meta":{"_eb_attr":"","_uag_custom_page_level_css":"","site-sidebar-layout":"no-sidebar","site-content-layout":"page-builder","ast-site-content-layout":"default","site-content-style":"default","site-sidebar-style":"default","ast-global-header-display":"","ast-banner-title-visibility":"","ast-main-header-display":"","ast-hfb-above-header-display":"","ast-hfb-below-header-display":"","ast-hfb-mobile-header-display":"","site-post-title":"disabled","ast-breadcrumbs-content":"disabled","ast-featured-img":"disabled","footer-sml-layout":"","theme-transparent-header-meta":"enabled","adv-header-id-meta":"","stick-header-meta":"","header-above-stick-meta":"","header-main-stick-meta":"","header-below-stick-meta":"","astra-migrate-meta-layouts":"default","ast-page-background-enabled":"default","ast-page-background-meta":{"desktop":{"background-color":"var(--ast-global-color-4)","background-image":"","background-repeat":"repeat","background-position":"center center","background-size":"auto","background-attachment":"scroll","background-type":"","background-media":"","overlay-type":"","overlay-color":"","overlay-opacity":"","overlay-gradient":""},"tablet":{"background-color":"","background-image":"","background-repeat":"repeat","background-position":"center center","background-size":"auto","background-attachment":"scroll","background-type":"","background-media":"","overlay-type":"","overlay-color":"","overlay-opacity":"","overlay-gradient":""},"mobile":{"background-color":"","background-image":"","background-repeat":"repeat","background-position":"center center","background-size":"auto","background-attachment":"scroll","background-type":"","background-media":"","overlay-type":"","overlay-color":"","overlay-opacity":"","overlay-gradient":""}},"ast-content-background-meta":{"desktop":{"background-color":"var(--ast-global-color-5)","background-image":"","background-repeat":"repeat","background-position":"center center","background-size":"auto","background-attachment":"scroll","background-type":"","background-media":"","overlay-type":"","overlay-color":"","overlay-opacity":"","overlay-gradient":""},"tablet":{"background-color":"var(--ast-global-color-5)","background-image":"","background-repeat":"repeat","background-position":"center center","background-size":"auto","background-attachment":"scroll","background-type":"","background-media":"","overlay-type":"","overlay-color":"","overlay-opacity":"","overlay-gradient":""},"mobile":{"background-color":"var(--ast-global-color-5)","background-image":"","background-repeat":"repeat","background-position":"center center","background-size":"auto","background-attachment":"scroll","background-type":"","background-media":"","overlay-type":"","overlay-color":"","overlay-opacity":"","overlay-gradient":""}},"footnotes":""},"class_list":["post-2661","page","type-page","status-publish","hentry"],"uagb_featured_image_src":{"full":false,"thumbnail":false,"medium":false,"medium_large":false,"large":false,"1536x1536":false,"2048x2048":false,"trp-custom-language-flag":false},"uagb_author_info":{"display_name":"merttanilekinci@gmail.com","author_link":"https:\/\/poyrazcam.com.tr\/en\/author\/merttanilekinci@gmail.com\/"},"uagb_comment_info":0,"uagb_excerpt":"\u00dcr\u00fcnlerimiz \u00dcr\u00fcnlerimize G\u00f6z At\u0131n Yal\u0131t\u0131m Camlar\u0131 Detayl\u0131 \u0130ncele G\u00fcvenlik Camlar\u0131 Detayl\u0131 \u0130ncele Akustik Camlar Detayl\u0131 \u0130ncele D\u00fcz &amp; Dekoratif Camlar Detayl\u0131 \u0130ncele G\u00fcven ve Kalite&#8217;nin Adresi Poyraz Cam&#8230;","_links":{"self":[{"href":"https:\/\/poyrazcam.com.tr\/en\/wp-json\/wp\/v2\/pages\/2661","targetHints":{"allow":["GET"]}}],"collection":[{"href":"https:\/\/poyrazcam.com.tr\/en\/wp-json\/wp\/v2\/pages"}],"about":[{"href":"https:\/\/poyrazcam.com.tr\/en\/wp-json\/wp\/v2\/types\/page"}],"author":[{"embeddable":true,"href":"https:\/\/poyrazcam.com.tr\/en\/wp-json\/wp\/v2\/users\/1"}],"replies":[{"embeddable":true,"href":"https:\/\/poyrazcam.com.tr\/en\/wp-json\/wp\/v2\/comments?post=2661"}],"version-history":[{"count":94,"href":"https:\/\/poyrazcam.com.tr\/en\/wp-json\/wp\/v2\/pages\/2661\/revisions"}],"predecessor-version":[{"id":3697,"href":"https:\/\/poyrazcam.com.tr\/en\/wp-json\/wp\/v2\/pages\/2661\/revisions\/3697"}],"wp:attachment":[{"href":"https:\/\/poyrazcam.com.tr\/en\/wp-json\/wp\/v2\/media?parent=2661"}],"curies":[{"name":"wp","href":"https:\/\/api.w.org\/{rel}","templated":true}]}}