{"id":2925,"date":"2025-09-06T12:37:41","date_gmt":"2025-09-06T12:37:41","guid":{"rendered":"https:\/\/poyrazcam.com.tr\/?page_id=2925"},"modified":"2025-09-08T13:39:11","modified_gmt":"2025-09-08T13:39:11","slug":"isicam-c-serisi","status":"publish","type":"page","link":"https:\/\/poyrazcam.com.tr\/en\/isicam-c-serisi\/","title":{"rendered":"Is\u0131cam System C Series"},"content":{"rendered":"<div data-elementor-type=\"wp-page\" data-elementor-id=\"2925\" class=\"elementor elementor-2925\">\n\t\t\t\t<div class=\"elementor-element elementor-element-1b6161c e-con-full animated-slow e-flex elementor-invisible e-con e-parent\" data-id=\"1b6161c\" data-element_type=\"container\" data-settings=\"{&quot;background_background&quot;:&quot;classic&quot;,&quot;animation&quot;:&quot;fadeInLeft&quot;,&quot;animation_delay&quot;:300}\">\n\t\t\t\t<\/div>\n\t\t<div class=\"elementor-element elementor-element-a287a68 e-flex e-con-boxed e-con e-parent\" data-id=\"a287a68\" data-element_type=\"container\">\n\t\t\t\t\t<div class=\"e-con-inner\">\n\t\t\t\t<div class=\"elementor-element elementor-element-d2f1276 elementor-widget elementor-widget-heading\" data-id=\"d2f1276\" data-element_type=\"widget\" data-widget_type=\"heading.default\">\n\t\t\t\t<div class=\"elementor-widget-container\">\n\t\t\t\t\t<h2 class=\"elementor-heading-title elementor-size-default\">Is\u0131cam System C Series<\/h2>\t\t\t\t<\/div>\n\t\t\t\t<\/div>\n\t\t<div class=\"elementor-element elementor-element-3528f95 e-con-full e-flex e-con e-child\" data-id=\"3528f95\" data-element_type=\"container\">\n\t\t\t\t<div class=\"elementor-element elementor-element-c2ca6d0 elementor-widget__width-inherit elementor-widget elementor-widget-image\" data-id=\"c2ca6d0\" data-element_type=\"widget\" data-widget_type=\"image.default\">\n\t\t\t\t<div class=\"elementor-widget-container\">\n\t\t\t\t\t\t\t\t\t\t\t\t\t\t\t<img fetchpriority=\"high\" decoding=\"async\" width=\"1536\" height=\"1024\" src=\"https:\/\/poyrazcam.com.tr\/wp-content\/uploads\/2025\/09\/isicam-c-serisi-1.webp\" class=\"attachment-2048x2048 size-2048x2048 wp-image-3517\" alt=\"isicam c serisi\" srcset=\"https:\/\/poyrazcam.com.tr\/wp-content\/uploads\/2025\/09\/isicam-c-serisi-1.webp 1536w, https:\/\/poyrazcam.com.tr\/wp-content\/uploads\/2025\/09\/isicam-c-serisi-1-300x200.webp 300w, https:\/\/poyrazcam.com.tr\/wp-content\/uploads\/2025\/09\/isicam-c-serisi-1-1024x683.webp 1024w, https:\/\/poyrazcam.com.tr\/wp-content\/uploads\/2025\/09\/isicam-c-serisi-1-768x512.webp 768w\" sizes=\"(max-width: 1536px) 100vw, 1536px\" title=\"Is\u0131cam System C Series\">\t\t\t\t\t\t\t\t\t\t\t\t\t\t\t<\/div>\n\t\t\t\t<\/div>\n\t\t\t\t<\/div>\n\t\t\t\t<div class=\"elementor-element elementor-element-8f81261 animated-slow elementor-widget elementor-widget-eael-adv-tabs\" data-id=\"8f81261\" data-element_type=\"widget\" data-settings=\"{&quot;_animation&quot;:&quot;none&quot;,&quot;_animation_delay&quot;:300}\" data-widget_type=\"eael-adv-tabs.default\">\n\t\t\t\t<div class=\"elementor-widget-container\">\n\t\t\t\t\t        <div data-scroll-on-click=\"\" data-scroll-speed=\"300\" id=\"eael-advance-tabs-8f81261\" class=\"eael-advance-tabs eael-tabs-vertical eael-tab-auto-active  active-caret-on\" data-tabid=\"8f81261\">\n            <div class=\"eael-tabs-nav\">\n                <ul class=\"\" role=\"tablist\">\n                                            <li id=\"rn-aklamas\" class=\"active-default eael-tab-item-trigger eael-tab-nav-item\" aria-selected=\"true\" data-tab=\"1\" role=\"tab\" tabindex=\"0\" aria-controls=\"rn-aklamas-tab\" aria-expanded=\"false\">\n                            \n                            \n                            \n                                                            <span class=\"eael-tab-title title-after-icon\" >Product Description<\/span>                                                    <\/li>\n                                            <li id=\"kullanm-avantajlar\" class=\"inactive eael-tab-item-trigger eael-tab-nav-item\" aria-selected=\"false\" data-tab=\"2\" role=\"tab\" tabindex=\"-1\" aria-controls=\"kullanm-avantajlar-tab\" aria-expanded=\"false\">\n                            \n                            \n                            \n                                                            <span class=\"eael-tab-title title-after-icon\" >Usage Advantages<\/span>                                                    <\/li>\n                                            <li id=\"kullanm-alanlar\" class=\"inactive eael-tab-item-trigger eael-tab-nav-item\" aria-selected=\"false\" data-tab=\"3\" role=\"tab\" tabindex=\"-1\" aria-controls=\"kullanm-alanlar-tab\" aria-expanded=\"false\">\n                            \n                            \n                            \n                                                            <span class=\"eael-tab-title title-after-icon\" >Areas of Application<\/span>                                                    <\/li>\n                    \n                                  <\/ul>\n            <\/div>\n            \n            <div class=\"eael-tabs-content\">\n\t\t        \n                    <div id=\"rn-aklamas-tab\" class=\"clearfix eael-tab-content-item active-default\" data-title-link=\"rn-aklamas-tab\">\n\t\t\t\t        <div style=\"line-height: 1.65; color: rgba(31,45,59,.85);\"><p>Is\u0131cam Systems are insulating glass units produced by assembling two or more glass panes under factory conditions. The cavity between the panes is filled with dry air or special gases, ensuring energy efficiency, thermal insulation, and comfort in compliance with standards. Is\u0131cam units have high performance values defined by international standards in terms of light transmittance, solar energy control, and thermal transmittance (U-value). These features enhance comfort while reducing energy consumption.\n\nIs\u0131cam products comply with TS 3539, EN 1279, and other relevant glass-based insulation standards. The glass and raw materials used meet international quality criteria for durability and safety. Glass types include Float Glass (TS EN 572\/2), Frosted and Decorative Glass (TS EN 572\/5), Tempered and Semi-Tempered Glass (TS EN 1215, TS EN 1863), Laminated Glass (TS EN ISO 12543), and Coated Glass (TS EN 1096).\n\nIs\u0131cam units are inspected for optical and visual quality according to TS EN 1279 and TS EN 572\/8 standards. Point defects are acceptable within specified tolerances, while scratches and abrasions are not permitted. Special precautions are taken during production and storage to prevent foreign substances, dust, and moisture.\n\nIs\u0131cam units may be affected by altitude differences between production and installation sites or by atmospheric pressure changes during transport. To prevent this, a pressure equalization process is applied. This is mandatory particularly for installations in high-altitude regions and for large-sized units. The steps are as follows: a small equalization hole is opened at an appropriate point on the unit, and after pressure is balanced, it is temporarily sealed with a plug or valve. Before installation, the hole is completely sealed with special materials to ensure airtightness.<\/p><\/div>                    <\/div>\n\t\t        \n                    <div id=\"kullanm-avantajlar-tab\" class=\"clearfix eael-tab-content-item inactive\" data-title-link=\"kullanm-avantajlar-tab\">\n\t\t\t\t        <div style=\"line-height: 1.65; color: rgba(31,45,59,.85);\"><article class=\"text-token-text-primary w-full focus:outline-none scroll-mt-[calc(var(--header-height)+min(200px,max(70px,20svh)))]\" dir=\"auto\" tabindex=\"-1\" data-turn-id=\"request-WEB:2e084d02-6374-4b0c-9e61-4ee195b3a152-217\" data-testid=\"conversation-turn-174\" data-scroll-anchor=\"true\" data-turn=\"assistant\"><div class=\"text-base my-auto mx-auto pb-10 [--thread-content-margin:--spacing(4)] thread-sm:[--thread-content-margin:--spacing(6)] thread-lg:[--thread-content-margin:--spacing(16)] px-(--thread-content-margin)\"><div class=\"[--thread-content-max-width:40rem] thread-sm:[--thread-content-max-width:40rem] thread-lg:[--thread-content-max-width:48rem] mx-auto max-w-(--thread-content-max-width) flex-1 group\/turn-messages focus-visible:outline-hidden relative flex w-full min-w-0 flex-col agent-turn\" tabindex=\"-1\"><div class=\"flex max-w-full flex-col grow\"><div class=\"min-h-8 text-message relative flex w-full flex-col items-end gap-2 text-start break-words whitespace-normal [.text-message+&amp;]:mt-5\" dir=\"auto\" data-message-author-role=\"assistant\" data-message-id=\"2d9aadd4-a4fb-4774-9cf6-ea71267825ff\" data-message-model-slug=\"gpt-5\"><div class=\"flex w-full flex-col gap-1 empty:hidden first:pt-[3px]\"><div class=\"markdown prose dark:prose-invert w-full break-words dark markdown-new-styling\"><p data-start=\"0\" data-end=\"445\">Is\u0131cam Systems C Series is a classic solution that provides energy savings with long-lasting insulation performance and reliable production standards. Quality is assured through regularly monitored production processes. With the use of high-quality glass, it offers long-term performance, efficient thermal insulation by reducing energy loss, and up to 10 years of production warranty. It delivers a balanced solution between transparency, light transmittance, and aesthetic design.<\/p><p data-start=\"447\" data-end=\"844\" data-is-last-node=\"\" data-is-only-node=\"\" class=\"translation-block\">Additionally, it can be customized for different needs: <strong>Is\u0131cam C L<\/strong> includes laminated safety glass for impact resistance, <strong>Is\u0131cam C AL<\/strong> uses acoustic laminated glass to reduce noise, <strong>Is\u0131cam C R<\/strong> balances sunlight and adds aesthetics with tinted glass options, and <strong>Is\u0131cam C RF<\/strong> provides solar control with reflective coating, enhancing indoor comfort while offering a modern exterior appearance.<\/p><\/div><\/div><\/div><\/div><div class=\"flex min-h-[46px] justify-start\">\u00a0<\/div><div class=\"mt-3 w-full empty:hidden\"><div class=\"text-center\">\u00a0<\/div><\/div><\/div><\/div><\/article><div class=\"pointer-events-none h-px w-px\" aria-hidden=\"true\" data-edge=\"true\">\u00a0<\/div><\/div>                    <\/div>\n\t\t        \n                    <div id=\"kullanm-alanlar-tab\" class=\"clearfix eael-tab-content-item inactive\" data-title-link=\"kullanm-alanlar-tab\">\n\t\t\t\t        Is\u0131cam Systems are reliably preferred in newly constructed or renovated residential buildings, as well as in modern commercial structures when combined with solar control glass.                    <\/div>\n\t\t                    <\/div>\n        <\/div>\n\t\t\t\t<\/div>\n\t\t\t\t<\/div>\n\t\t\t\t\t<\/div>\n\t\t\t\t<\/div>\n\t\t\t\t<\/div>","protected":false},"excerpt":{"rendered":"<p>Is\u0131cam C Serisi \u00dcr\u00fcn A\u00e7\u0131klamas\u0131 Kullan\u0131m Avantajlar\u0131 Kullan\u0131m Alanlar\u0131 Is\u0131cam Sistemleri, iki veya daha fazla cam plakas\u0131n\u0131n fabrika ko\u015fullar\u0131nda bir araya getirilmesiyle \u00fcretilen yal\u0131t\u0131m cam\u0131 \u00fcniteleridir. Aradaki bo\u015fluk kuru hava veya \u00f6zel gazlarla doldurulur ve b\u00f6ylece enerji verimlili\u011fi, \u0131s\u0131 yal\u0131t\u0131m\u0131 ve konfor standartlara uygun \u015fekilde garanti alt\u0131na al\u0131n\u0131r. Is\u0131cam \u00fcniteleri, \u0131\u015f\u0131k ge\u00e7irgenli\u011fi, g\u00fcne\u015f enerjisi denetimi [&hellip;]<\/p>","protected":false},"author":1,"featured_media":0,"parent":0,"menu_order":0,"comment_status":"closed","ping_status":"closed","template":"","meta":{"_eb_attr":"","_uag_custom_page_level_css":"","site-sidebar-layout":"no-sidebar","site-content-layout":"page-builder","ast-site-content-layout":"default","site-content-style":"default","site-sidebar-style":"default","ast-global-header-display":"","ast-banner-title-visibility":"","ast-main-header-display":"","ast-hfb-above-header-display":"","ast-hfb-below-header-display":"","ast-hfb-mobile-header-display":"","site-post-title":"disabled","ast-breadcrumbs-content":"disabled","ast-featured-img":"disabled","footer-sml-layout":"","theme-transparent-header-meta":"enabled","adv-header-id-meta":"","stick-header-meta":"","header-above-stick-meta":"","header-main-stick-meta":"","header-below-stick-meta":"","astra-migrate-meta-layouts":"default","ast-page-background-enabled":"default","ast-page-background-meta":{"desktop":{"background-color":"var(--ast-global-color-4)","background-image":"","background-repeat":"repeat","background-position":"center center","background-size":"auto","background-attachment":"scroll","background-type":"","background-media":"","overlay-type":"","overlay-color":"","overlay-opacity":"","overlay-gradient":""},"tablet":{"background-color":"","background-image":"","background-repeat":"repeat","background-position":"center center","background-size":"auto","background-attachment":"scroll","background-type":"","background-media":"","overlay-type":"","overlay-color":"","overlay-opacity":"","overlay-gradient":""},"mobile":{"background-color":"","background-image":"","background-repeat":"repeat","background-position":"center center","background-size":"auto","background-attachment":"scroll","background-type":"","background-media":"","overlay-type":"","overlay-color":"","overlay-opacity":"","overlay-gradient":""}},"ast-content-background-meta":{"desktop":{"background-color":"var(--ast-global-color-5)","background-image":"","background-repeat":"repeat","background-position":"center center","background-size":"auto","background-attachment":"scroll","background-type":"","background-media":"","overlay-type":"","overlay-color":"","overlay-opacity":"","overlay-gradient":""},"tablet":{"background-color":"var(--ast-global-color-5)","background-image":"","background-repeat":"repeat","background-position":"center center","background-size":"auto","background-attachment":"scroll","background-type":"","background-media":"","overlay-type":"","overlay-color":"","overlay-opacity":"","overlay-gradient":""},"mobile":{"background-color":"var(--ast-global-color-5)","background-image":"","background-repeat":"repeat","background-position":"center center","background-size":"auto","background-attachment":"scroll","background-type":"","background-media":"","overlay-type":"","overlay-color":"","overlay-opacity":"","overlay-gradient":""}},"footnotes":""},"class_list":["post-2925","page","type-page","status-publish","hentry"],"uagb_featured_image_src":{"full":false,"thumbnail":false,"medium":false,"medium_large":false,"large":false,"1536x1536":false,"2048x2048":false,"trp-custom-language-flag":false},"uagb_author_info":{"display_name":"merttanilekinci@gmail.com","author_link":"https:\/\/poyrazcam.com.tr\/en\/author\/merttanilekinci@gmail.com\/"},"uagb_comment_info":0,"uagb_excerpt":"Is\u0131cam C Serisi \u00dcr\u00fcn A\u00e7\u0131klamas\u0131 Kullan\u0131m Avantajlar\u0131 Kullan\u0131m Alanlar\u0131 Is\u0131cam Sistemleri, iki veya daha fazla cam plakas\u0131n\u0131n fabrika ko\u015fullar\u0131nda bir araya getirilmesiyle \u00fcretilen yal\u0131t\u0131m cam\u0131 \u00fcniteleridir. Aradaki bo\u015fluk kuru hava veya \u00f6zel gazlarla doldurulur ve b\u00f6ylece enerji verimlili\u011fi, \u0131s\u0131 yal\u0131t\u0131m\u0131 ve konfor standartlara uygun \u015fekilde garanti alt\u0131na al\u0131n\u0131r. Is\u0131cam \u00fcniteleri, \u0131\u015f\u0131k ge\u00e7irgenli\u011fi, g\u00fcne\u015f enerjisi denetimi&hellip;","_links":{"self":[{"href":"https:\/\/poyrazcam.com.tr\/en\/wp-json\/wp\/v2\/pages\/2925","targetHints":{"allow":["GET"]}}],"collection":[{"href":"https:\/\/poyrazcam.com.tr\/en\/wp-json\/wp\/v2\/pages"}],"about":[{"href":"https:\/\/poyrazcam.com.tr\/en\/wp-json\/wp\/v2\/types\/page"}],"author":[{"embeddable":true,"href":"https:\/\/poyrazcam.com.tr\/en\/wp-json\/wp\/v2\/users\/1"}],"replies":[{"embeddable":true,"href":"https:\/\/poyrazcam.com.tr\/en\/wp-json\/wp\/v2\/comments?post=2925"}],"version-history":[{"count":65,"href":"https:\/\/poyrazcam.com.tr\/en\/wp-json\/wp\/v2\/pages\/2925\/revisions"}],"predecessor-version":[{"id":3712,"href":"https:\/\/poyrazcam.com.tr\/en\/wp-json\/wp\/v2\/pages\/2925\/revisions\/3712"}],"wp:attachment":[{"href":"https:\/\/poyrazcam.com.tr\/en\/wp-json\/wp\/v2\/media?parent=2925"}],"curies":[{"name":"wp","href":"https:\/\/api.w.org\/{rel}","templated":true}]}}