{"id":3054,"date":"2025-09-06T16:56:56","date_gmt":"2025-09-06T16:56:56","guid":{"rendered":"https:\/\/poyrazcam.com.tr\/?page_id=3054"},"modified":"2025-09-08T10:38:04","modified_gmt":"2025-09-08T10:38:04","slug":"guvenlik-camlari","status":"publish","type":"page","link":"https:\/\/poyrazcam.com.tr\/en\/guvenlik-camlari\/","title":{"rendered":"Safety Glasses"},"content":{"rendered":"<div data-elementor-type=\"wp-page\" data-elementor-id=\"3054\" class=\"elementor elementor-3054\">\n\t\t\t\t<div class=\"elementor-element elementor-element-1b6161c animated-slow e-flex e-con-boxed elementor-invisible e-con e-parent\" data-id=\"1b6161c\" data-element_type=\"container\" data-settings=\"{&quot;background_background&quot;:&quot;classic&quot;,&quot;animation&quot;:&quot;fadeInLeft&quot;,&quot;animation_delay&quot;:300}\">\n\t\t\t\t\t<div class=\"e-con-inner\">\n\t\t<div class=\"elementor-element elementor-element-a621323 e-con-full e-flex e-con e-child\" data-id=\"a621323\" data-element_type=\"container\">\n\t\t\t\t<div class=\"elementor-element elementor-element-2ff45f2 elementor-widget elementor-widget-heading\" data-id=\"2ff45f2\" data-element_type=\"widget\" data-widget_type=\"heading.default\">\n\t\t\t\t<div class=\"elementor-widget-container\">\n\t\t\t\t\t<h1 class=\"elementor-heading-title elementor-size-default\">Safety Glasses<\/h1>\t\t\t\t<\/div>\n\t\t\t\t<\/div>\n\t\t\t\t<\/div>\n\t\t\t\t\t<\/div>\n\t\t\t\t<\/div>\n\t\t<div class=\"elementor-element elementor-element-6341013 animated-slow e-flex e-con-boxed e-con e-parent\" data-id=\"6341013\" data-element_type=\"container\" data-settings=\"{&quot;animation&quot;:&quot;none&quot;,&quot;animation_mobile&quot;:&quot;none&quot;,&quot;animation_delay&quot;:200}\">\n\t\t\t\t\t<div class=\"e-con-inner\">\n\t\t<div class=\"elementor-element elementor-element-a52b002 e-con-full e-flex e-con e-child\" data-id=\"a52b002\" data-element_type=\"container\">\n\t\t\t\t<div class=\"elementor-element elementor-element-c60c9a0 elementor-widget elementor-widget-heading\" data-id=\"c60c9a0\" data-element_type=\"widget\" data-widget_type=\"heading.default\">\n\t\t\t\t<div class=\"elementor-widget-container\">\n\t\t\t\t\t<h2 class=\"elementor-heading-title elementor-size-default\">Safety Glasses Systems<\/h2>\t\t\t\t<\/div>\n\t\t\t\t<\/div>\n\t\t\t\t<\/div>\n\t\t<div class=\"elementor-element elementor-element-eaae9f1 e-con-full animated-slow e-flex e-con e-child\" data-id=\"eaae9f1\" data-element_type=\"container\" data-settings=\"{&quot;background_background&quot;:&quot;classic&quot;,&quot;animation&quot;:&quot;none&quot;,&quot;animation_delay&quot;:300}\">\n\t\t<div class=\"elementor-element elementor-element-23ed921 e-con-full e-flex e-con e-child\" data-id=\"23ed921\" data-element_type=\"container\">\n\t\t\t\t\t\t\t<div data-eael_opacity=\"{&quot;opacity&quot;:0.8}\" data-eael_scale_effect=\"{&quot;scale_x&quot;:1.05,&quot;scale_y&quot;:1.05}\" data-eael_duration=\"{&quot;transitionDuration&quot;:500}\" data-eael_delay=\"{&quot;transitionDelay&quot;:100}\" data-eael_easing=\"{&quot;transitionEasing&quot;:&quot;ease-out&quot;}\" data-eael_hover_duration=\"{&quot;transitionDuration&quot;:1000}\" data-eael_hover_easing=\"{&quot;transitionEasing&quot;:&quot;ease&quot;}\" class=\"eael_hover_effect elementor-element elementor-element-5ba9472 elementor-widget__width-inherit animated-slow elementor-invisible elementor-widget elementor-widget-image\" data-id=\"5ba9472\" data-element_type=\"widget\" data-settings=\"{&quot;eael_hover_effect_transform_popover&quot;:&quot;yes&quot;,&quot;eael_hover_effect_general_settings_easing&quot;:&quot;ease-out&quot;,&quot;_animation&quot;:&quot;fadeIn&quot;,&quot;_animation_delay&quot;:200,&quot;eael_hover_effect_general_settings_hover_easing&quot;:&quot;ease&quot;}\" data-widget_type=\"image.default\">\n\t\t\t\t<div class=\"elementor-widget-container\">\n\t\t\t\t\t\t\t\t\t\t\t\t\t\t\t<img fetchpriority=\"high\" decoding=\"async\" width=\"900\" height=\"595\" src=\"https:\/\/poyrazcam.com.tr\/wp-content\/uploads\/2025\/09\/temperli-cam.webp\" class=\"attachment-2048x2048 size-2048x2048 wp-image-3529\" alt=\"temperli cam\" srcset=\"https:\/\/poyrazcam.com.tr\/wp-content\/uploads\/2025\/09\/temperli-cam.webp 900w, https:\/\/poyrazcam.com.tr\/wp-content\/uploads\/2025\/09\/temperli-cam-300x198.webp 300w, https:\/\/poyrazcam.com.tr\/wp-content\/uploads\/2025\/09\/temperli-cam-768x508.webp 768w\" sizes=\"(max-width: 900px) 100vw, 900px\" title=\"Safety Glasses\">\t\t\t\t\t\t\t\t\t\t\t\t\t\t\t<\/div>\n\t\t\t\t<\/div>\n\t\t\t\t<\/div>\n\t\t<div class=\"elementor-element elementor-element-84b86df e-con-full e-flex e-con e-child\" data-id=\"84b86df\" data-element_type=\"container\">\n\t\t\t\t<div class=\"elementor-element elementor-element-35fdbfd elementor-widget elementor-widget-heading\" data-id=\"35fdbfd\" data-element_type=\"widget\" data-widget_type=\"heading.default\">\n\t\t\t\t<div class=\"elementor-widget-container\">\n\t\t\t\t\t<h3 class=\"elementor-heading-title elementor-size-default\">Tempered Glasses<\/h3>\t\t\t\t<\/div>\n\t\t\t\t<\/div>\n\t\t\t\t<div class=\"elementor-element elementor-element-55a563c elementor-widget elementor-widget-heading\" data-id=\"55a563c\" data-element_type=\"widget\" data-widget_type=\"heading.default\">\n\t\t\t\t<div class=\"elementor-widget-container\">\n\t\t\t\t\t<p class=\"elementor-heading-title elementor-size-default\">Poyraz Cam Tempered Glass is a high-performance safety glass produced by heating glass close to its softening point in special furnaces and rapidly cooling it to increase its strength. This process makes the glass approximately five times stronger than standard glass.<\/p>\t\t\t\t<\/div>\n\t\t\t\t<\/div>\n\t\t\t\t<div class=\"elementor-element elementor-element-1bbb5af elementor-widget elementor-widget-button\" data-id=\"1bbb5af\" data-element_type=\"widget\" data-widget_type=\"button.default\">\n\t\t\t\t<div class=\"elementor-widget-container\">\n\t\t\t\t\t\t\t\t\t<div class=\"elementor-button-wrapper\">\n\t\t\t\t\t<a class=\"elementor-button elementor-button-link elementor-size-sm\" href=\"\/en\/temperli-cam\/\">\n\t\t\t\t\t\t<span class=\"elementor-button-content-wrapper\">\n\t\t\t\t\t\t\t\t\t<span class=\"elementor-button-text\">VIEW<\/span>\n\t\t\t\t\t<\/span>\n\t\t\t\t\t<\/a>\n\t\t\t\t<\/div>\n\t\t\t\t\t\t\t\t<\/div>\n\t\t\t\t<\/div>\n\t\t\t\t<\/div>\n\t\t\t\t<\/div>\n\t\t\t\t\t<\/div>\n\t\t\t\t<\/div>\n\t\t<div class=\"elementor-element elementor-element-e05ddc6 animated-slow e-flex e-con-boxed e-con e-parent\" data-id=\"e05ddc6\" data-element_type=\"container\" data-settings=\"{&quot;animation&quot;:&quot;none&quot;,&quot;animation_mobile&quot;:&quot;none&quot;,&quot;animation_delay&quot;:200}\">\n\t\t\t\t\t<div class=\"e-con-inner\">\n\t\t<div class=\"elementor-element elementor-element-76aefcb e-con-full animated-slow e-flex e-con e-child\" data-id=\"76aefcb\" data-element_type=\"container\" data-settings=\"{&quot;background_background&quot;:&quot;classic&quot;,&quot;animation&quot;:&quot;none&quot;,&quot;animation_delay&quot;:300}\">\n\t\t<div class=\"elementor-element elementor-element-9f1ac01 e-con-full e-flex e-con e-child\" data-id=\"9f1ac01\" data-element_type=\"container\">\n\t\t\t\t<div class=\"elementor-element elementor-element-8d173cc elementor-widget elementor-widget-heading\" data-id=\"8d173cc\" data-element_type=\"widget\" data-widget_type=\"heading.default\">\n\t\t\t\t<div class=\"elementor-widget-container\">\n\t\t\t\t\t<h3 class=\"elementor-heading-title elementor-size-default\">Curved Glass<\/h3>\t\t\t\t<\/div>\n\t\t\t\t<\/div>\n\t\t\t\t<div class=\"elementor-element elementor-element-5dd4f29 elementor-widget elementor-widget-heading\" data-id=\"5dd4f29\" data-element_type=\"widget\" data-widget_type=\"heading.default\">\n\t\t\t\t<div class=\"elementor-widget-container\">\n\t\t\t\t\t<p class=\"elementor-heading-title elementor-size-default\">Poyraz Cam Curved Glass is produced by heating flat glass in a tempering furnace and shaping it into concave or convex forms according to a specific radius. During this process, the glass is both shaped and tempered, gaining high strength. Compared to standard glass, curved glass is far more durable and provides long-lasting solutions in aesthetic designs, safety-required applications, and modern architectural projects.<\/p>\t\t\t\t<\/div>\n\t\t\t\t<\/div>\n\t\t\t\t<div class=\"elementor-element elementor-element-1c7e439 elementor-widget elementor-widget-button\" data-id=\"1c7e439\" data-element_type=\"widget\" data-widget_type=\"button.default\">\n\t\t\t\t<div class=\"elementor-widget-container\">\n\t\t\t\t\t\t\t\t\t<div class=\"elementor-button-wrapper\">\n\t\t\t\t\t<a class=\"elementor-button elementor-button-link elementor-size-sm\" href=\"\/en\/bombeli-cam\/\">\n\t\t\t\t\t\t<span class=\"elementor-button-content-wrapper\">\n\t\t\t\t\t\t\t\t\t<span class=\"elementor-button-text\">VIEW<\/span>\n\t\t\t\t\t<\/span>\n\t\t\t\t\t<\/a>\n\t\t\t\t<\/div>\n\t\t\t\t\t\t\t\t<\/div>\n\t\t\t\t<\/div>\n\t\t\t\t<\/div>\n\t\t<div class=\"elementor-element elementor-element-6d7d4e5 e-con-full e-flex e-con e-child\" data-id=\"6d7d4e5\" data-element_type=\"container\">\n\t\t\t\t\t\t\t<div data-eael_opacity=\"{&quot;opacity&quot;:0.8}\" data-eael_scale_effect=\"{&quot;scale_x&quot;:1.05,&quot;scale_y&quot;:1.05}\" data-eael_duration=\"{&quot;transitionDuration&quot;:500}\" data-eael_delay=\"{&quot;transitionDelay&quot;:100}\" data-eael_easing=\"{&quot;transitionEasing&quot;:&quot;ease-out&quot;}\" data-eael_hover_duration=\"{&quot;transitionDuration&quot;:1000}\" data-eael_hover_easing=\"{&quot;transitionEasing&quot;:&quot;ease&quot;}\" class=\"eael_hover_effect elementor-element elementor-element-61ac702 elementor-widget__width-inherit animated-slow elementor-invisible elementor-widget elementor-widget-image\" data-id=\"61ac702\" data-element_type=\"widget\" data-settings=\"{&quot;eael_hover_effect_transform_popover&quot;:&quot;yes&quot;,&quot;eael_hover_effect_general_settings_easing&quot;:&quot;ease-out&quot;,&quot;_animation&quot;:&quot;fadeIn&quot;,&quot;_animation_delay&quot;:200,&quot;eael_hover_effect_general_settings_hover_easing&quot;:&quot;ease&quot;}\" data-widget_type=\"image.default\">\n\t\t\t\t<div class=\"elementor-widget-container\">\n\t\t\t\t\t\t\t\t\t\t\t\t\t\t\t<img decoding=\"async\" width=\"1024\" height=\"768\" src=\"https:\/\/poyrazcam.com.tr\/wp-content\/uploads\/2025\/09\/bombeli-cam.webp\" class=\"attachment-2048x2048 size-2048x2048 wp-image-3513\" alt=\"bombeli cam\" srcset=\"https:\/\/poyrazcam.com.tr\/wp-content\/uploads\/2025\/09\/bombeli-cam.webp 1024w, https:\/\/poyrazcam.com.tr\/wp-content\/uploads\/2025\/09\/bombeli-cam-300x225.webp 300w, https:\/\/poyrazcam.com.tr\/wp-content\/uploads\/2025\/09\/bombeli-cam-768x576.webp 768w\" sizes=\"(max-width: 1024px) 100vw, 1024px\" title=\"Safety Glasses\">\t\t\t\t\t\t\t\t\t\t\t\t\t\t\t<\/div>\n\t\t\t\t<\/div>\n\t\t\t\t<\/div>\n\t\t\t\t<\/div>\n\t\t\t\t\t<\/div>\n\t\t\t\t<\/div>\n\t\t<div class=\"elementor-element elementor-element-87cab2d animated-slow e-flex e-con-boxed e-con e-parent\" data-id=\"87cab2d\" data-element_type=\"container\" data-settings=\"{&quot;animation&quot;:&quot;none&quot;,&quot;animation_mobile&quot;:&quot;none&quot;,&quot;animation_delay&quot;:200}\">\n\t\t\t\t\t<div class=\"e-con-inner\">\n\t\t<div class=\"elementor-element elementor-element-29a9e17 e-con-full animated-slow e-flex e-con e-child\" data-id=\"29a9e17\" data-element_type=\"container\" data-settings=\"{&quot;background_background&quot;:&quot;classic&quot;,&quot;animation&quot;:&quot;none&quot;,&quot;animation_delay&quot;:300}\">\n\t\t<div class=\"elementor-element elementor-element-dfa7cd9 e-con-full e-flex e-con e-child\" data-id=\"dfa7cd9\" data-element_type=\"container\">\n\t\t\t\t\t\t\t<div data-eael_opacity=\"{&quot;opacity&quot;:0.8}\" data-eael_scale_effect=\"{&quot;scale_x&quot;:1.05,&quot;scale_y&quot;:1.05}\" data-eael_duration=\"{&quot;transitionDuration&quot;:500}\" data-eael_delay=\"{&quot;transitionDelay&quot;:100}\" data-eael_easing=\"{&quot;transitionEasing&quot;:&quot;ease-out&quot;}\" data-eael_hover_duration=\"{&quot;transitionDuration&quot;:1000}\" data-eael_hover_easing=\"{&quot;transitionEasing&quot;:&quot;ease&quot;}\" class=\"eael_hover_effect elementor-element elementor-element-cabd3e7 elementor-widget__width-inherit animated-slow elementor-invisible elementor-widget elementor-widget-image\" data-id=\"cabd3e7\" data-element_type=\"widget\" data-settings=\"{&quot;eael_hover_effect_transform_popover&quot;:&quot;yes&quot;,&quot;eael_hover_effect_general_settings_easing&quot;:&quot;ease-out&quot;,&quot;_animation&quot;:&quot;fadeIn&quot;,&quot;_animation_delay&quot;:200,&quot;eael_hover_effect_general_settings_hover_easing&quot;:&quot;ease&quot;}\" data-widget_type=\"image.default\">\n\t\t\t\t<div class=\"elementor-widget-container\">\n\t\t\t\t\t\t\t\t\t\t\t\t\t\t\t<img decoding=\"async\" width=\"1536\" height=\"1024\" src=\"https:\/\/poyrazcam.com.tr\/wp-content\/uploads\/2025\/09\/lamine-cam.webp\" class=\"attachment-2048x2048 size-2048x2048 wp-image-3522\" alt=\"lamine cam\" srcset=\"https:\/\/poyrazcam.com.tr\/wp-content\/uploads\/2025\/09\/lamine-cam.webp 1536w, https:\/\/poyrazcam.com.tr\/wp-content\/uploads\/2025\/09\/lamine-cam-300x200.webp 300w, https:\/\/poyrazcam.com.tr\/wp-content\/uploads\/2025\/09\/lamine-cam-1024x683.webp 1024w, https:\/\/poyrazcam.com.tr\/wp-content\/uploads\/2025\/09\/lamine-cam-768x512.webp 768w\" sizes=\"(max-width: 1536px) 100vw, 1536px\" title=\"Safety Glasses\">\t\t\t\t\t\t\t\t\t\t\t\t\t\t\t<\/div>\n\t\t\t\t<\/div>\n\t\t\t\t<\/div>\n\t\t<div class=\"elementor-element elementor-element-b00a724 e-con-full e-flex e-con e-child\" data-id=\"b00a724\" data-element_type=\"container\">\n\t\t\t\t<div class=\"elementor-element elementor-element-d5b1859 elementor-widget elementor-widget-heading\" data-id=\"d5b1859\" data-element_type=\"widget\" data-widget_type=\"heading.default\">\n\t\t\t\t<div class=\"elementor-widget-container\">\n\t\t\t\t\t<h3 class=\"elementor-heading-title elementor-size-default\">Laminated Glass<\/h3>\t\t\t\t<\/div>\n\t\t\t\t<\/div>\n\t\t\t\t<div class=\"elementor-element elementor-element-05e8984 elementor-widget elementor-widget-heading\" data-id=\"05e8984\" data-element_type=\"widget\" data-widget_type=\"heading.default\">\n\t\t\t\t<div class=\"elementor-widget-container\">\n\t\t\t\t\t<p class=\"elementor-heading-title elementor-size-default\">Poyraz Cam Laminated Glass is produced by permanently bonding two or more layers of glass with a polyvinyl butyral (PVB) interlayer under heat and pressure. When broken, the PVB interlayer prevents the fragments from scattering, enhancing safety. This feature minimizes the risk of injury and makes it a preferred choice as safety glass.<\/p>\t\t\t\t<\/div>\n\t\t\t\t<\/div>\n\t\t\t\t<div class=\"elementor-element elementor-element-de9bcba elementor-widget elementor-widget-button\" data-id=\"de9bcba\" data-element_type=\"widget\" data-widget_type=\"button.default\">\n\t\t\t\t<div class=\"elementor-widget-container\">\n\t\t\t\t\t\t\t\t\t<div class=\"elementor-button-wrapper\">\n\t\t\t\t\t<a class=\"elementor-button elementor-button-link elementor-size-sm\" href=\"\/en\/lamine-cam\/\">\n\t\t\t\t\t\t<span class=\"elementor-button-content-wrapper\">\n\t\t\t\t\t\t\t\t\t<span class=\"elementor-button-text\">VIEW<\/span>\n\t\t\t\t\t<\/span>\n\t\t\t\t\t<\/a>\n\t\t\t\t<\/div>\n\t\t\t\t\t\t\t\t<\/div>\n\t\t\t\t<\/div>\n\t\t\t\t<\/div>\n\t\t\t\t<\/div>\n\t\t\t\t\t<\/div>\n\t\t\t\t<\/div>\n\t\t\t\t<\/div>","protected":false},"excerpt":{"rendered":"<p>G\u00fcvenlik Camlar\u0131 G\u00fcvenlik Camlar\u0131 Sistemleri Temperli Cam Poyraz Cam Temperli Cam, camlar\u0131n \u00f6zel f\u0131r\u0131nlarda yumu\u015fama noktas\u0131na yak\u0131n bir s\u0131cakl\u0131\u011fa kadar \u0131s\u0131t\u0131l\u0131p ani so\u011futma i\u015flemiyle dayan\u0131kl\u0131l\u0131\u011f\u0131n\u0131n art\u0131r\u0131lmas\u0131 sonucu elde edilen y\u00fcksek performansl\u0131 g\u00fcvenlik cam\u0131d\u0131r. Bu i\u015flem sayesinde cam, standart camlara g\u00f6re yakla\u015f\u0131k 5 kat daha dayan\u0131kl\u0131 hale gelir. \u0130NCELE Bombeli Cam Poyraz Cam Bombeli Cam, d\u00fcz [&hellip;]<\/p>","protected":false},"author":1,"featured_media":0,"parent":0,"menu_order":0,"comment_status":"closed","ping_status":"closed","template":"","meta":{"_eb_attr":"","_uag_custom_page_level_css":"","site-sidebar-layout":"no-sidebar","site-content-layout":"page-builder","ast-site-content-layout":"default","site-content-style":"default","site-sidebar-style":"default","ast-global-header-display":"","ast-banner-title-visibility":"","ast-main-header-display":"","ast-hfb-above-header-display":"","ast-hfb-below-header-display":"","ast-hfb-mobile-header-display":"","site-post-title":"disabled","ast-breadcrumbs-content":"disabled","ast-featured-img":"disabled","footer-sml-layout":"","theme-transparent-header-meta":"enabled","adv-header-id-meta":"","stick-header-meta":"","header-above-stick-meta":"","header-main-stick-meta":"","header-below-stick-meta":"","astra-migrate-meta-layouts":"default","ast-page-background-enabled":"default","ast-page-background-meta":{"desktop":{"background-color":"var(--ast-global-color-4)","background-image":"","background-repeat":"repeat","background-position":"center center","background-size":"auto","background-attachment":"scroll","background-type":"","background-media":"","overlay-type":"","overlay-color":"","overlay-opacity":"","overlay-gradient":""},"tablet":{"background-color":"","background-image":"","background-repeat":"repeat","background-position":"center center","background-size":"auto","background-attachment":"scroll","background-type":"","background-media":"","overlay-type":"","overlay-color":"","overlay-opacity":"","overlay-gradient":""},"mobile":{"background-color":"","background-image":"","background-repeat":"repeat","background-position":"center center","background-size":"auto","background-attachment":"scroll","background-type":"","background-media":"","overlay-type":"","overlay-color":"","overlay-opacity":"","overlay-gradient":""}},"ast-content-background-meta":{"desktop":{"background-color":"var(--ast-global-color-5)","background-image":"","background-repeat":"repeat","background-position":"center center","background-size":"auto","background-attachment":"scroll","background-type":"","background-media":"","overlay-type":"","overlay-color":"","overlay-opacity":"","overlay-gradient":""},"tablet":{"background-color":"var(--ast-global-color-5)","background-image":"","background-repeat":"repeat","background-position":"center center","background-size":"auto","background-attachment":"scroll","background-type":"","background-media":"","overlay-type":"","overlay-color":"","overlay-opacity":"","overlay-gradient":""},"mobile":{"background-color":"var(--ast-global-color-5)","background-image":"","background-repeat":"repeat","background-position":"center center","background-size":"auto","background-attachment":"scroll","background-type":"","background-media":"","overlay-type":"","overlay-color":"","overlay-opacity":"","overlay-gradient":""}},"footnotes":""},"class_list":["post-3054","page","type-page","status-publish","hentry"],"uagb_featured_image_src":{"full":false,"thumbnail":false,"medium":false,"medium_large":false,"large":false,"1536x1536":false,"2048x2048":false,"trp-custom-language-flag":false},"uagb_author_info":{"display_name":"merttanilekinci@gmail.com","author_link":"https:\/\/poyrazcam.com.tr\/en\/author\/merttanilekinci@gmail.com\/"},"uagb_comment_info":0,"uagb_excerpt":"G\u00fcvenlik Camlar\u0131 G\u00fcvenlik Camlar\u0131 Sistemleri Temperli Cam Poyraz Cam Temperli Cam, camlar\u0131n \u00f6zel f\u0131r\u0131nlarda yumu\u015fama noktas\u0131na yak\u0131n bir s\u0131cakl\u0131\u011fa kadar \u0131s\u0131t\u0131l\u0131p ani so\u011futma i\u015flemiyle dayan\u0131kl\u0131l\u0131\u011f\u0131n\u0131n art\u0131r\u0131lmas\u0131 sonucu elde edilen y\u00fcksek performansl\u0131 g\u00fcvenlik cam\u0131d\u0131r. Bu i\u015flem sayesinde cam, standart camlara g\u00f6re yakla\u015f\u0131k 5 kat daha dayan\u0131kl\u0131 hale gelir. \u0130NCELE Bombeli Cam Poyraz Cam Bombeli Cam, d\u00fcz&hellip;","_links":{"self":[{"href":"https:\/\/poyrazcam.com.tr\/en\/wp-json\/wp\/v2\/pages\/3054","targetHints":{"allow":["GET"]}}],"collection":[{"href":"https:\/\/poyrazcam.com.tr\/en\/wp-json\/wp\/v2\/pages"}],"about":[{"href":"https:\/\/poyrazcam.com.tr\/en\/wp-json\/wp\/v2\/types\/page"}],"author":[{"embeddable":true,"href":"https:\/\/poyrazcam.com.tr\/en\/wp-json\/wp\/v2\/users\/1"}],"replies":[{"embeddable":true,"href":"https:\/\/poyrazcam.com.tr\/en\/wp-json\/wp\/v2\/comments?post=3054"}],"version-history":[{"count":16,"href":"https:\/\/poyrazcam.com.tr\/en\/wp-json\/wp\/v2\/pages\/3054\/revisions"}],"predecessor-version":[{"id":3656,"href":"https:\/\/poyrazcam.com.tr\/en\/wp-json\/wp\/v2\/pages\/3054\/revisions\/3656"}],"wp:attachment":[{"href":"https:\/\/poyrazcam.com.tr\/en\/wp-json\/wp\/v2\/media?parent=3054"}],"curies":[{"name":"wp","href":"https:\/\/api.w.org\/{rel}","templated":true}]}}