{"id":3061,"date":"2025-09-06T17:05:44","date_gmt":"2025-09-06T17:05:44","guid":{"rendered":"https:\/\/poyrazcam.com.tr\/?page_id=3061"},"modified":"2025-09-08T13:47:10","modified_gmt":"2025-09-08T13:47:10","slug":"tentesol-titanyum-reflekte","status":"publish","type":"page","link":"https:\/\/poyrazcam.com.tr\/en\/tentesol-titanyum-reflekte\/","title":{"rendered":"Tentesol Titanium Reflekta"},"content":{"rendered":"<div data-elementor-type=\"wp-page\" data-elementor-id=\"3061\" class=\"elementor elementor-3061\">\n\t\t\t\t<div class=\"elementor-element elementor-element-1b6161c e-con-full animated-slow e-flex elementor-invisible e-con e-parent\" data-id=\"1b6161c\" data-element_type=\"container\" data-settings=\"{&quot;background_background&quot;:&quot;classic&quot;,&quot;animation&quot;:&quot;fadeInLeft&quot;,&quot;animation_delay&quot;:300}\">\n\t\t\t\t<\/div>\n\t\t<div class=\"elementor-element elementor-element-a287a68 e-flex e-con-boxed e-con e-parent\" data-id=\"a287a68\" data-element_type=\"container\">\n\t\t\t\t\t<div class=\"e-con-inner\">\n\t\t\t\t<div class=\"elementor-element elementor-element-d2f1276 elementor-widget elementor-widget-heading\" data-id=\"d2f1276\" data-element_type=\"widget\" data-widget_type=\"heading.default\">\n\t\t\t\t<div class=\"elementor-widget-container\">\n\t\t\t\t\t<h2 class=\"elementor-heading-title elementor-size-default\">Tentesol Titanium - Reflekta<\/h2>\t\t\t\t<\/div>\n\t\t\t\t<\/div>\n\t\t<div class=\"elementor-element elementor-element-526d9a8 e-con-full e-flex e-con e-child\" data-id=\"526d9a8\" data-element_type=\"container\">\n\t\t\t\t<div class=\"elementor-element elementor-element-46de2fe elementor-widget__width-inherit elementor-widget elementor-widget-image\" data-id=\"46de2fe\" data-element_type=\"widget\" data-widget_type=\"image.default\">\n\t\t\t\t<div class=\"elementor-widget-container\">\n\t\t\t\t\t\t\t\t\t\t\t\t\t\t\t<img fetchpriority=\"high\" decoding=\"async\" width=\"1536\" height=\"1024\" src=\"https:\/\/poyrazcam.com.tr\/wp-content\/uploads\/2025\/09\/tentesol-titanyum-reflekte.webp\" class=\"attachment-2048x2048 size-2048x2048 wp-image-3531\" alt=\"tentesol titanyum reflekte\" srcset=\"https:\/\/poyrazcam.com.tr\/wp-content\/uploads\/2025\/09\/tentesol-titanyum-reflekte.webp 1536w, https:\/\/poyrazcam.com.tr\/wp-content\/uploads\/2025\/09\/tentesol-titanyum-reflekte-300x200.webp 300w, https:\/\/poyrazcam.com.tr\/wp-content\/uploads\/2025\/09\/tentesol-titanyum-reflekte-1024x683.webp 1024w, https:\/\/poyrazcam.com.tr\/wp-content\/uploads\/2025\/09\/tentesol-titanyum-reflekte-768x512.webp 768w\" sizes=\"(max-width: 1536px) 100vw, 1536px\" title=\"Tentesol Titanium Reflekta\">\t\t\t\t\t\t\t\t\t\t\t\t\t\t\t<\/div>\n\t\t\t\t<\/div>\n\t\t\t\t<\/div>\n\t\t\t\t<div class=\"elementor-element elementor-element-8f81261 animated-slow elementor-widget elementor-widget-eael-adv-tabs\" data-id=\"8f81261\" data-element_type=\"widget\" data-settings=\"{&quot;_animation&quot;:&quot;none&quot;,&quot;_animation_delay&quot;:300}\" data-widget_type=\"eael-adv-tabs.default\">\n\t\t\t\t<div class=\"elementor-widget-container\">\n\t\t\t\t\t        <div data-scroll-on-click=\"\" data-scroll-speed=\"300\" id=\"eael-advance-tabs-8f81261\" class=\"eael-advance-tabs eael-tabs-vertical eael-tab-auto-active  active-caret-on\" data-tabid=\"8f81261\">\n            <div class=\"eael-tabs-nav\">\n                <ul class=\"\" role=\"tablist\">\n                                            <li id=\"rn-aklamas\" class=\"active-default eael-tab-item-trigger eael-tab-nav-item\" aria-selected=\"true\" data-tab=\"1\" role=\"tab\" tabindex=\"0\" aria-controls=\"rn-aklamas-tab\" aria-expanded=\"false\">\n                            \n                            \n                            \n                                                            <span class=\"eael-tab-title title-after-icon\" >Product Description<\/span>                                                    <\/li>\n                                            <li id=\"kullanm-avantajlar\" class=\"inactive eael-tab-item-trigger eael-tab-nav-item\" aria-selected=\"false\" data-tab=\"2\" role=\"tab\" tabindex=\"-1\" aria-controls=\"kullanm-avantajlar-tab\" aria-expanded=\"false\">\n                            \n                            \n                            \n                                                            <span class=\"eael-tab-title title-after-icon\" >Usage Advantages<\/span>                                                    <\/li>\n                                            <li id=\"kullanm-alanlar\" class=\"inactive eael-tab-item-trigger eael-tab-nav-item\" aria-selected=\"false\" data-tab=\"3\" role=\"tab\" tabindex=\"-1\" aria-controls=\"kullanm-alanlar-tab\" aria-expanded=\"false\">\n                            \n                            \n                            \n                                                            <span class=\"eael-tab-title title-after-icon\" >Areas of Application<\/span>                                                    <\/li>\n                    \n                                  <\/ul>\n            <\/div>\n            \n            <div class=\"eael-tabs-content\">\n\t\t        \n                    <div id=\"rn-aklamas-tab\" class=\"clearfix eael-tab-content-item active-default\" data-title-link=\"rn-aklamas-tab\">\n\t\t\t\t        <article class=\"text-token-text-primary w-full focus:outline-none scroll-mt-[calc(var(--header-height)+min(200px,max(70px,20svh)))]\" dir=\"auto\" tabindex=\"-1\" data-turn-id=\"request-WEB:2e084d02-6374-4b0c-9e61-4ee195b3a152-229\" data-testid=\"conversation-turn-198\" data-scroll-anchor=\"true\" data-turn=\"assistant\"><div class=\"text-base my-auto mx-auto pb-10 [--thread-content-margin:--spacing(4)] thread-sm:[--thread-content-margin:--spacing(6)] thread-lg:[--thread-content-margin:--spacing(16)] px-(--thread-content-margin)\"><div class=\"[--thread-content-max-width:40rem] thread-sm:[--thread-content-max-width:40rem] thread-lg:[--thread-content-max-width:48rem] mx-auto max-w-(--thread-content-max-width) flex-1 group\/turn-messages focus-visible:outline-hidden relative flex w-full min-w-0 flex-col agent-turn\" tabindex=\"-1\"><div class=\"flex max-w-full flex-col grow\"><div class=\"min-h-8 text-message relative flex w-full flex-col items-end gap-2 text-start break-words whitespace-normal [.text-message+&amp;]:mt-5\" dir=\"auto\" data-message-author-role=\"assistant\" data-message-id=\"492cb0f1-5776-4f8e-8735-509a4baffb26\" data-message-model-slug=\"gpt-5\"><div class=\"flex w-full flex-col gap-1 empty:hidden first:pt-[3px]\"><div class=\"markdown prose dark:prose-invert w-full break-words dark markdown-new-styling\"><p data-start=\"0\" data-end=\"293\" data-is-last-node=\"\" data-is-only-node=\"\" class=\"translation-block\"><strong>Poyraz Glass Tentesol Titanium Reflective<\/strong> is an advanced solar control glass produced with a thin and durable pyrolytic hard coating applied on clear or tinted flat glass. With its high mechanical and chemical resistance, it offers long-lasting performance while providing a modern and aesthetic appearance on fa\u00e7ades.<\/p><\/div><\/div><\/div><\/div><div class=\"flex min-h-[46px] justify-start\">\u00a0<\/div><div class=\"mt-3 w-full empty:hidden\"><div class=\"text-center\">\u00a0<\/div><\/div><\/div><\/div><\/article><div class=\"pointer-events-none h-px w-px\" aria-hidden=\"true\" data-edge=\"true\">\u00a0<\/div>                    <\/div>\n\t\t        \n                    <div id=\"kullanm-avantajlar-tab\" class=\"clearfix eael-tab-content-item inactive\" data-title-link=\"kullanm-avantajlar-tab\">\n\t\t\t\t        <p class=\"translation-block\"><strong>Poyraz Glass Tentesol Titanium<\/strong> limits solar heat in summer for cooler interiors and ensures balanced indoor comfort in winter. By controlling brightness, it creates a comfortable environment and reduces energy consumption in air-conditioned buildings. With high daylight transmittance, it maintains natural lighting. Its reflective structure conceals columns and service spaces, ensuring fa\u00e7ade continuity, and provides one-way vision with a mirror effect during the day. Thanks to its hard-coating structure, it can be safely stored for long periods and is suitable for tempering, bending, enamel printing, and lamination processes. <em>Note: For protection against thermal breakage, tempered or heat-strengthened use is recommended.<\/em><\/p>                    <\/div>\n\t\t        \n                    <div id=\"kullanm-alanlar-tab\" class=\"clearfix eael-tab-content-item inactive\" data-title-link=\"kullanm-alanlar-tab\">\n\t\t\t\t        <p class=\"translation-block\"><strong>Poyraz Glass Tentesol Titanium Reflective<\/strong> is widely used in commercial building curtain walls, office and store windows, and balcony glazing. In interiors, it offers modern and aesthetic solutions for partition walls and decorative glass applications. Combining energy efficiency with architectural elegance, it stands out in both fa\u00e7ade designs and interior applications.<\/p>                    <\/div>\n\t\t                    <\/div>\n        <\/div>\n\t\t\t\t<\/div>\n\t\t\t\t<\/div>\n\t\t\t\t\t<\/div>\n\t\t\t\t<\/div>\n\t\t\t\t<\/div>","protected":false},"excerpt":{"rendered":"<p>Tentesol Titanyum &#8211; Reflekte \u00dcr\u00fcn A\u00e7\u0131klamas\u0131 Kullan\u0131m Avantajlar\u0131 Kullan\u0131m Alanlar\u0131 Poyraz Cam Tentesol Titanyum Reflekte, renksiz veya renkli d\u00fczcam \u00fczerine uygulanan ince ve dayan\u0131kl\u0131 pirolitik sert kaplama ile \u00fcretilmi\u015f geli\u015fmi\u015f bir g\u00fcne\u015f kontrol cam\u0131d\u0131r. Y\u00fcksek mekanik ve kimyasal direnciyle uzun \u00f6m\u00fcrl\u00fc kullan\u0131m sunar, cephelerde modern ve estetik bir g\u00f6r\u00fcn\u00fcm sa\u011flar. \u00a0\u00a0 \u00a0 Poyraz Cam Tentesol [&hellip;]<\/p>","protected":false},"author":1,"featured_media":0,"parent":0,"menu_order":0,"comment_status":"closed","ping_status":"closed","template":"","meta":{"_eb_attr":"","_uag_custom_page_level_css":"","site-sidebar-layout":"no-sidebar","site-content-layout":"page-builder","ast-site-content-layout":"default","site-content-style":"default","site-sidebar-style":"default","ast-global-header-display":"","ast-banner-title-visibility":"","ast-main-header-display":"","ast-hfb-above-header-display":"","ast-hfb-below-header-display":"","ast-hfb-mobile-header-display":"","site-post-title":"disabled","ast-breadcrumbs-content":"disabled","ast-featured-img":"disabled","footer-sml-layout":"","theme-transparent-header-meta":"enabled","adv-header-id-meta":"","stick-header-meta":"","header-above-stick-meta":"","header-main-stick-meta":"","header-below-stick-meta":"","astra-migrate-meta-layouts":"default","ast-page-background-enabled":"default","ast-page-background-meta":{"desktop":{"background-color":"var(--ast-global-color-4)","background-image":"","background-repeat":"repeat","background-position":"center center","background-size":"auto","background-attachment":"scroll","background-type":"","background-media":"","overlay-type":"","overlay-color":"","overlay-opacity":"","overlay-gradient":""},"tablet":{"background-color":"","background-image":"","background-repeat":"repeat","background-position":"center center","background-size":"auto","background-attachment":"scroll","background-type":"","background-media":"","overlay-type":"","overlay-color":"","overlay-opacity":"","overlay-gradient":""},"mobile":{"background-color":"","background-image":"","background-repeat":"repeat","background-position":"center center","background-size":"auto","background-attachment":"scroll","background-type":"","background-media":"","overlay-type":"","overlay-color":"","overlay-opacity":"","overlay-gradient":""}},"ast-content-background-meta":{"desktop":{"background-color":"var(--ast-global-color-5)","background-image":"","background-repeat":"repeat","background-position":"center center","background-size":"auto","background-attachment":"scroll","background-type":"","background-media":"","overlay-type":"","overlay-color":"","overlay-opacity":"","overlay-gradient":""},"tablet":{"background-color":"var(--ast-global-color-5)","background-image":"","background-repeat":"repeat","background-position":"center center","background-size":"auto","background-attachment":"scroll","background-type":"","background-media":"","overlay-type":"","overlay-color":"","overlay-opacity":"","overlay-gradient":""},"mobile":{"background-color":"var(--ast-global-color-5)","background-image":"","background-repeat":"repeat","background-position":"center center","background-size":"auto","background-attachment":"scroll","background-type":"","background-media":"","overlay-type":"","overlay-color":"","overlay-opacity":"","overlay-gradient":""}},"footnotes":""},"class_list":["post-3061","page","type-page","status-publish","hentry"],"uagb_featured_image_src":{"full":false,"thumbnail":false,"medium":false,"medium_large":false,"large":false,"1536x1536":false,"2048x2048":false,"trp-custom-language-flag":false},"uagb_author_info":{"display_name":"merttanilekinci@gmail.com","author_link":"https:\/\/poyrazcam.com.tr\/en\/author\/merttanilekinci@gmail.com\/"},"uagb_comment_info":0,"uagb_excerpt":"Tentesol Titanyum &#8211; Reflekte \u00dcr\u00fcn A\u00e7\u0131klamas\u0131 Kullan\u0131m Avantajlar\u0131 Kullan\u0131m Alanlar\u0131 Poyraz Cam Tentesol Titanyum Reflekte, renksiz veya renkli d\u00fczcam \u00fczerine uygulanan ince ve dayan\u0131kl\u0131 pirolitik sert kaplama ile \u00fcretilmi\u015f geli\u015fmi\u015f bir g\u00fcne\u015f kontrol cam\u0131d\u0131r. Y\u00fcksek mekanik ve kimyasal direnciyle uzun \u00f6m\u00fcrl\u00fc kullan\u0131m sunar, cephelerde modern ve estetik bir g\u00f6r\u00fcn\u00fcm sa\u011flar. \u00a0\u00a0 \u00a0 Poyraz Cam Tentesol&hellip;","_links":{"self":[{"href":"https:\/\/poyrazcam.com.tr\/en\/wp-json\/wp\/v2\/pages\/3061","targetHints":{"allow":["GET"]}}],"collection":[{"href":"https:\/\/poyrazcam.com.tr\/en\/wp-json\/wp\/v2\/pages"}],"about":[{"href":"https:\/\/poyrazcam.com.tr\/en\/wp-json\/wp\/v2\/types\/page"}],"author":[{"embeddable":true,"href":"https:\/\/poyrazcam.com.tr\/en\/wp-json\/wp\/v2\/users\/1"}],"replies":[{"embeddable":true,"href":"https:\/\/poyrazcam.com.tr\/en\/wp-json\/wp\/v2\/comments?post=3061"}],"version-history":[{"count":19,"href":"https:\/\/poyrazcam.com.tr\/en\/wp-json\/wp\/v2\/pages\/3061\/revisions"}],"predecessor-version":[{"id":3725,"href":"https:\/\/poyrazcam.com.tr\/en\/wp-json\/wp\/v2\/pages\/3061\/revisions\/3725"}],"wp:attachment":[{"href":"https:\/\/poyrazcam.com.tr\/en\/wp-json\/wp\/v2\/media?parent=3061"}],"curies":[{"name":"wp","href":"https:\/\/api.w.org\/{rel}","templated":true}]}}