{"id":3100,"date":"2025-09-06T17:24:13","date_gmt":"2025-09-06T17:24:13","guid":{"rendered":"https:\/\/poyrazcam.com.tr\/?page_id=3100"},"modified":"2025-09-08T13:49:58","modified_gmt":"2025-09-08T13:49:58","slug":"temperlenebilir-low-e","status":"publish","type":"page","link":"https:\/\/poyrazcam.com.tr\/en\/temperlenebilir-low-e\/","title":{"rendered":"Tempered Low-E"},"content":{"rendered":"<div data-elementor-type=\"wp-page\" data-elementor-id=\"3100\" class=\"elementor elementor-3100\">\n\t\t\t\t<div class=\"elementor-element elementor-element-1b6161c e-con-full animated-slow e-flex elementor-invisible e-con e-parent\" data-id=\"1b6161c\" data-element_type=\"container\" data-settings=\"{&quot;background_background&quot;:&quot;classic&quot;,&quot;animation&quot;:&quot;fadeInLeft&quot;,&quot;animation_delay&quot;:300}\">\n\t\t\t\t<\/div>\n\t\t<div class=\"elementor-element elementor-element-a287a68 e-flex e-con-boxed e-con e-parent\" data-id=\"a287a68\" data-element_type=\"container\">\n\t\t\t\t\t<div class=\"e-con-inner\">\n\t\t\t\t<div class=\"elementor-element elementor-element-d2f1276 elementor-widget elementor-widget-heading\" data-id=\"d2f1276\" data-element_type=\"widget\" data-widget_type=\"heading.default\">\n\t\t\t\t<div class=\"elementor-widget-container\">\n\t\t\t\t\t<h2 class=\"elementor-heading-title elementor-size-default\">Tempered Low-E<\/h2>\t\t\t\t<\/div>\n\t\t\t\t<\/div>\n\t\t<div class=\"elementor-element elementor-element-81ff7b9 e-con-full e-flex e-con e-child\" data-id=\"81ff7b9\" data-element_type=\"container\">\n\t\t\t\t<div class=\"elementor-element elementor-element-7dfe994 elementor-widget__width-inherit elementor-widget elementor-widget-image\" data-id=\"7dfe994\" data-element_type=\"widget\" data-widget_type=\"image.default\">\n\t\t\t\t<div class=\"elementor-widget-container\">\n\t\t\t\t\t\t\t\t\t\t\t\t\t\t\t<img fetchpriority=\"high\" decoding=\"async\" width=\"1536\" height=\"1024\" src=\"https:\/\/poyrazcam.com.tr\/wp-content\/uploads\/2025\/09\/temperlenebilir-low-e.webp\" class=\"attachment-2048x2048 size-2048x2048 wp-image-3527\" alt=\"temperlenebilir low e\" srcset=\"https:\/\/poyrazcam.com.tr\/wp-content\/uploads\/2025\/09\/temperlenebilir-low-e.webp 1536w, https:\/\/poyrazcam.com.tr\/wp-content\/uploads\/2025\/09\/temperlenebilir-low-e-300x200.webp 300w, https:\/\/poyrazcam.com.tr\/wp-content\/uploads\/2025\/09\/temperlenebilir-low-e-1024x683.webp 1024w, https:\/\/poyrazcam.com.tr\/wp-content\/uploads\/2025\/09\/temperlenebilir-low-e-768x512.webp 768w\" sizes=\"(max-width: 1536px) 100vw, 1536px\" title=\"Tempered Low-E\">\t\t\t\t\t\t\t\t\t\t\t\t\t\t\t<\/div>\n\t\t\t\t<\/div>\n\t\t\t\t<\/div>\n\t\t\t\t<div class=\"elementor-element elementor-element-8f81261 animated-slow elementor-widget elementor-widget-eael-adv-tabs\" data-id=\"8f81261\" data-element_type=\"widget\" data-settings=\"{&quot;_animation&quot;:&quot;none&quot;,&quot;_animation_delay&quot;:300}\" data-widget_type=\"eael-adv-tabs.default\">\n\t\t\t\t<div class=\"elementor-widget-container\">\n\t\t\t\t\t        <div data-scroll-on-click=\"\" data-scroll-speed=\"300\" id=\"eael-advance-tabs-8f81261\" class=\"eael-advance-tabs eael-tabs-vertical eael-tab-auto-active  active-caret-on\" data-tabid=\"8f81261\">\n            <div class=\"eael-tabs-nav\">\n                <ul class=\"\" role=\"tablist\">\n                                            <li id=\"rn-aklamas\" class=\"active-default eael-tab-item-trigger eael-tab-nav-item\" aria-selected=\"true\" data-tab=\"1\" role=\"tab\" tabindex=\"0\" aria-controls=\"rn-aklamas-tab\" aria-expanded=\"false\">\n                            \n                            \n                            \n                                                            <span class=\"eael-tab-title title-after-icon\" >Product Description<\/span>                                                    <\/li>\n                                            <li id=\"kullanm-avantajlar\" class=\"inactive eael-tab-item-trigger eael-tab-nav-item\" aria-selected=\"false\" data-tab=\"2\" role=\"tab\" tabindex=\"-1\" aria-controls=\"kullanm-avantajlar-tab\" aria-expanded=\"false\">\n                            \n                            \n                            \n                                                            <span class=\"eael-tab-title title-after-icon\" >Usage Advantages<\/span>                                                    <\/li>\n                                            <li id=\"kullanm-alanlar\" class=\"inactive eael-tab-item-trigger eael-tab-nav-item\" aria-selected=\"false\" data-tab=\"3\" role=\"tab\" tabindex=\"-1\" aria-controls=\"kullanm-alanlar-tab\" aria-expanded=\"false\">\n                            \n                            \n                            \n                                                            <span class=\"eael-tab-title title-after-icon\" >Areas of Application<\/span>                                                    <\/li>\n                    \n                                  <\/ul>\n            <\/div>\n            \n            <div class=\"eael-tabs-content\">\n\t\t        \n                    <div id=\"rn-aklamas-tab\" class=\"clearfix eael-tab-content-item active-default\" data-title-link=\"rn-aklamas-tab\">\n\t\t\t\t        <p class=\"translation-block\"><strong>Poyraz Glass Temperable Low-E Glass<\/strong> is a high-performance glass produced by applying a thin metal\/metal oxide layer onto flat glass using the electron sputtering method, combining thermal insulation and solar control. With its low U-value, it provides energy savings, prevents overheating in summer, maintains brightness with high daylight transmittance, and offers visual comfort with exterior reflectance. Thanks to its temperable structure, when broken it shatters into small, blunt pieces, ensuring safety. By combining energy efficiency, solar control, and safety, it is an ideal solution preferred in modern buildings.<\/p>                    <\/div>\n\t\t        \n                    <div id=\"kullanm-avantajlar-tab\" class=\"clearfix eael-tab-content-item inactive\" data-title-link=\"kullanm-avantajlar-tab\">\n\t\t\t\t        <p><strong data-start=\"0\" data-end=\"40\" data-is-only-node=\"\">Poyraz Cam Temperlenebilir Low-E Cam<\/strong>, \u0131s\u0131 kontrol\u00fcyle yak\u0131t giderlerini azalt\u0131rken \u015feffafl\u0131\u011f\u0131 koruyarak ayd\u0131nl\u0131k ve ferah i\u00e7 mek\u00e2nlar sunar. Temperlenebilir yap\u0131s\u0131 k\u0131r\u0131ld\u0131\u011f\u0131nda k\u00fc\u00e7\u00fck par\u00e7alara ayr\u0131larak g\u00fcvenlik sa\u011flar, tempersiz camlara g\u00f6re 5 kat daha dayan\u0131kl\u0131d\u0131r. S\u0131radan \u00e7ift camlara k\u0131yasla %50 daha iyi yal\u0131t\u0131m yapar, bu\u011fulanmay\u0131 geciktirir ve pencere \u00f6nlerinde so\u011fuk hissini \u00f6nler. G\u00fcne\u015f \u0131\u015f\u0131\u011f\u0131ndan maksimum fayda sa\u011flayarak do\u011fal \u0131s\u0131nma sunar, ayr\u0131ca renksiz cam\u0131n yan\u0131nda ye\u015fil, f\u00fcme, bronz ve mavi se\u00e7enekleriyle \u00fcretilebilir.<\/p>                    <\/div>\n\t\t        \n                    <div id=\"kullanm-alanlar-tab\" class=\"clearfix eael-tab-content-item inactive\" data-title-link=\"kullanm-alanlar-tab\">\n\t\t\t\t        <p class=\"translation-block\"><strong>Poyraz Glass Temperable Low-E Glass<\/strong> is an ideal solution that stands out in modern buildings with its thermal control and safety features. Thanks to its transparency and low reflectance, it can be safely used on large glass surfaces. It provides energy savings and comfort in residences and housing projects, while ensuring natural light and efficiency in offices and commercial buildings. In hotels and shopping malls, it creates spacious and safe environments, offers durability advantages in airports, and delivers year-round controlled daylight and comfortable use in skylights and winter gardens.<\/p>                    <\/div>\n\t\t                    <\/div>\n        <\/div>\n\t\t\t\t<\/div>\n\t\t\t\t<\/div>\n\t\t\t\t\t<\/div>\n\t\t\t\t<\/div>\n\t\t\t\t<\/div>","protected":false},"excerpt":{"rendered":"<p>Temperlenebilir Low-E \u00dcr\u00fcn A\u00e7\u0131klamas\u0131 Kullan\u0131m Avantajlar\u0131 Kullan\u0131m Alanlar\u0131 Poyraz Cam Temperlenebilir Low-E Cam, d\u00fczcam \u00fczerine elektron sa\u00e7\u0131lma y\u00f6ntemiyle kaplanan ince metal\/metaloksit tabakas\u0131yla \u00fcretilen, \u0131s\u0131 yal\u0131t\u0131m\u0131 ve g\u00fcne\u015f kontrol\u00fcn\u00fc bir arada sunan y\u00fcksek performansl\u0131 bir camd\u0131r. D\u00fc\u015f\u00fck U de\u011feri ile enerji tasarrufu sa\u011flar, yaz\u0131n a\u015f\u0131r\u0131 \u0131s\u0131nmay\u0131 \u00f6nler, y\u00fcksek g\u00fcn \u0131\u015f\u0131\u011f\u0131 ge\u00e7irgenli\u011fi ile mek\u00e2nlar\u0131 ayd\u0131nl\u0131k tutar ve [&hellip;]<\/p>","protected":false},"author":1,"featured_media":0,"parent":0,"menu_order":0,"comment_status":"closed","ping_status":"closed","template":"","meta":{"_eb_attr":"","_uag_custom_page_level_css":"","site-sidebar-layout":"no-sidebar","site-content-layout":"page-builder","ast-site-content-layout":"default","site-content-style":"default","site-sidebar-style":"default","ast-global-header-display":"","ast-banner-title-visibility":"","ast-main-header-display":"","ast-hfb-above-header-display":"","ast-hfb-below-header-display":"","ast-hfb-mobile-header-display":"","site-post-title":"disabled","ast-breadcrumbs-content":"disabled","ast-featured-img":"disabled","footer-sml-layout":"","theme-transparent-header-meta":"enabled","adv-header-id-meta":"","stick-header-meta":"","header-above-stick-meta":"","header-main-stick-meta":"","header-below-stick-meta":"","astra-migrate-meta-layouts":"default","ast-page-background-enabled":"default","ast-page-background-meta":{"desktop":{"background-color":"var(--ast-global-color-4)","background-image":"","background-repeat":"repeat","background-position":"center center","background-size":"auto","background-attachment":"scroll","background-type":"","background-media":"","overlay-type":"","overlay-color":"","overlay-opacity":"","overlay-gradient":""},"tablet":{"background-color":"","background-image":"","background-repeat":"repeat","background-position":"center center","background-size":"auto","background-attachment":"scroll","background-type":"","background-media":"","overlay-type":"","overlay-color":"","overlay-opacity":"","overlay-gradient":""},"mobile":{"background-color":"","background-image":"","background-repeat":"repeat","background-position":"center center","background-size":"auto","background-attachment":"scroll","background-type":"","background-media":"","overlay-type":"","overlay-color":"","overlay-opacity":"","overlay-gradient":""}},"ast-content-background-meta":{"desktop":{"background-color":"var(--ast-global-color-5)","background-image":"","background-repeat":"repeat","background-position":"center center","background-size":"auto","background-attachment":"scroll","background-type":"","background-media":"","overlay-type":"","overlay-color":"","overlay-opacity":"","overlay-gradient":""},"tablet":{"background-color":"var(--ast-global-color-5)","background-image":"","background-repeat":"repeat","background-position":"center center","background-size":"auto","background-attachment":"scroll","background-type":"","background-media":"","overlay-type":"","overlay-color":"","overlay-opacity":"","overlay-gradient":""},"mobile":{"background-color":"var(--ast-global-color-5)","background-image":"","background-repeat":"repeat","background-position":"center center","background-size":"auto","background-attachment":"scroll","background-type":"","background-media":"","overlay-type":"","overlay-color":"","overlay-opacity":"","overlay-gradient":""}},"footnotes":""},"class_list":["post-3100","page","type-page","status-publish","hentry"],"uagb_featured_image_src":{"full":false,"thumbnail":false,"medium":false,"medium_large":false,"large":false,"1536x1536":false,"2048x2048":false,"trp-custom-language-flag":false},"uagb_author_info":{"display_name":"merttanilekinci@gmail.com","author_link":"https:\/\/poyrazcam.com.tr\/en\/author\/merttanilekinci@gmail.com\/"},"uagb_comment_info":0,"uagb_excerpt":"Temperlenebilir Low-E \u00dcr\u00fcn A\u00e7\u0131klamas\u0131 Kullan\u0131m Avantajlar\u0131 Kullan\u0131m Alanlar\u0131 Poyraz Cam Temperlenebilir Low-E Cam, d\u00fczcam \u00fczerine elektron sa\u00e7\u0131lma y\u00f6ntemiyle kaplanan ince metal\/metaloksit tabakas\u0131yla \u00fcretilen, \u0131s\u0131 yal\u0131t\u0131m\u0131 ve g\u00fcne\u015f kontrol\u00fcn\u00fc bir arada sunan y\u00fcksek performansl\u0131 bir camd\u0131r. D\u00fc\u015f\u00fck U de\u011feri ile enerji tasarrufu sa\u011flar, yaz\u0131n a\u015f\u0131r\u0131 \u0131s\u0131nmay\u0131 \u00f6nler, y\u00fcksek g\u00fcn \u0131\u015f\u0131\u011f\u0131 ge\u00e7irgenli\u011fi ile mek\u00e2nlar\u0131 ayd\u0131nl\u0131k tutar ve&hellip;","_links":{"self":[{"href":"https:\/\/poyrazcam.com.tr\/en\/wp-json\/wp\/v2\/pages\/3100","targetHints":{"allow":["GET"]}}],"collection":[{"href":"https:\/\/poyrazcam.com.tr\/en\/wp-json\/wp\/v2\/pages"}],"about":[{"href":"https:\/\/poyrazcam.com.tr\/en\/wp-json\/wp\/v2\/types\/page"}],"author":[{"embeddable":true,"href":"https:\/\/poyrazcam.com.tr\/en\/wp-json\/wp\/v2\/users\/1"}],"replies":[{"embeddable":true,"href":"https:\/\/poyrazcam.com.tr\/en\/wp-json\/wp\/v2\/comments?post=3100"}],"version-history":[{"count":13,"href":"https:\/\/poyrazcam.com.tr\/en\/wp-json\/wp\/v2\/pages\/3100\/revisions"}],"predecessor-version":[{"id":3731,"href":"https:\/\/poyrazcam.com.tr\/en\/wp-json\/wp\/v2\/pages\/3100\/revisions\/3731"}],"wp:attachment":[{"href":"https:\/\/poyrazcam.com.tr\/en\/wp-json\/wp\/v2\/media?parent=3100"}],"curies":[{"name":"wp","href":"https:\/\/api.w.org\/{rel}","templated":true}]}}