{"id":3102,"date":"2025-09-06T17:24:40","date_gmt":"2025-09-06T17:24:40","guid":{"rendered":"https:\/\/poyrazcam.com.tr\/?page_id=3102"},"modified":"2025-09-08T13:51:36","modified_gmt":"2025-09-08T13:51:36","slug":"solar-low-e-konfor","status":"publish","type":"page","link":"https:\/\/poyrazcam.com.tr\/en\/solar-low-e-konfor\/","title":{"rendered":"Solar Low-E Comfort"},"content":{"rendered":"<div data-elementor-type=\"wp-page\" data-elementor-id=\"3102\" class=\"elementor elementor-3102\">\n\t\t\t\t<div class=\"elementor-element elementor-element-1b6161c e-con-full animated-slow e-flex elementor-invisible e-con e-parent\" data-id=\"1b6161c\" data-element_type=\"container\" data-settings=\"{&quot;background_background&quot;:&quot;classic&quot;,&quot;animation&quot;:&quot;fadeInLeft&quot;,&quot;animation_delay&quot;:300}\">\n\t\t\t\t<\/div>\n\t\t<div class=\"elementor-element elementor-element-a287a68 e-flex e-con-boxed e-con e-parent\" data-id=\"a287a68\" data-element_type=\"container\">\n\t\t\t\t\t<div class=\"e-con-inner\">\n\t\t\t\t<div class=\"elementor-element elementor-element-d2f1276 elementor-widget elementor-widget-heading\" data-id=\"d2f1276\" data-element_type=\"widget\" data-widget_type=\"heading.default\">\n\t\t\t\t<div class=\"elementor-widget-container\">\n\t\t\t\t\t<h2 class=\"elementor-heading-title elementor-size-default\">Solar Low-E Comfort<\/h2>\t\t\t\t<\/div>\n\t\t\t\t<\/div>\n\t\t<div class=\"elementor-element elementor-element-ef8fc3e e-con-full e-flex e-con e-child\" data-id=\"ef8fc3e\" data-element_type=\"container\">\n\t\t\t\t<div class=\"elementor-element elementor-element-ff761e3 elementor-widget__width-inherit elementor-widget elementor-widget-image\" data-id=\"ff761e3\" data-element_type=\"widget\" data-widget_type=\"image.default\">\n\t\t\t\t<div class=\"elementor-widget-container\">\n\t\t\t\t\t\t\t\t\t\t\t\t\t\t\t<img fetchpriority=\"high\" decoding=\"async\" width=\"1024\" height=\"680\" src=\"https:\/\/poyrazcam.com.tr\/wp-content\/uploads\/2025\/09\/solar-low-e-konfor.webp\" class=\"attachment-2048x2048 size-2048x2048 wp-image-3526\" alt=\"solar low e konfor\" srcset=\"https:\/\/poyrazcam.com.tr\/wp-content\/uploads\/2025\/09\/solar-low-e-konfor.webp 1024w, https:\/\/poyrazcam.com.tr\/wp-content\/uploads\/2025\/09\/solar-low-e-konfor-300x199.webp 300w, https:\/\/poyrazcam.com.tr\/wp-content\/uploads\/2025\/09\/solar-low-e-konfor-768x510.webp 768w\" sizes=\"(max-width: 1024px) 100vw, 1024px\" title=\"Solar Low-E Comfort\">\t\t\t\t\t\t\t\t\t\t\t\t\t\t\t<\/div>\n\t\t\t\t<\/div>\n\t\t\t\t<\/div>\n\t\t\t\t<div class=\"elementor-element elementor-element-8f81261 animated-slow elementor-widget elementor-widget-eael-adv-tabs\" data-id=\"8f81261\" data-element_type=\"widget\" data-settings=\"{&quot;_animation&quot;:&quot;none&quot;,&quot;_animation_delay&quot;:300}\" data-widget_type=\"eael-adv-tabs.default\">\n\t\t\t\t<div class=\"elementor-widget-container\">\n\t\t\t\t\t        <div data-scroll-on-click=\"\" data-scroll-speed=\"300\" id=\"eael-advance-tabs-8f81261\" class=\"eael-advance-tabs eael-tabs-vertical eael-tab-auto-active  active-caret-on\" data-tabid=\"8f81261\">\n            <div class=\"eael-tabs-nav\">\n                <ul class=\"\" role=\"tablist\">\n                                            <li id=\"rn-aklamas\" class=\"active-default eael-tab-item-trigger eael-tab-nav-item\" aria-selected=\"true\" data-tab=\"1\" role=\"tab\" tabindex=\"0\" aria-controls=\"rn-aklamas-tab\" aria-expanded=\"false\">\n                            \n                            \n                            \n                                                            <span class=\"eael-tab-title title-after-icon\" >Product Description<\/span>                                                    <\/li>\n                                            <li id=\"kullanm-avantajlar\" class=\"inactive eael-tab-item-trigger eael-tab-nav-item\" aria-selected=\"false\" data-tab=\"2\" role=\"tab\" tabindex=\"-1\" aria-controls=\"kullanm-avantajlar-tab\" aria-expanded=\"false\">\n                            \n                            \n                            \n                                                            <span class=\"eael-tab-title title-after-icon\" >Usage Advantages<\/span>                                                    <\/li>\n                                            <li id=\"kullanm-alanlar\" class=\"inactive eael-tab-item-trigger eael-tab-nav-item\" aria-selected=\"false\" data-tab=\"3\" role=\"tab\" tabindex=\"-1\" aria-controls=\"kullanm-alanlar-tab\" aria-expanded=\"false\">\n                            \n                            \n                            \n                                                            <span class=\"eael-tab-title title-after-icon\" >Areas of Application<\/span>                                                    <\/li>\n                    \n                                  <\/ul>\n            <\/div>\n            \n            <div class=\"eael-tabs-content\">\n\t\t        \n                    <div id=\"rn-aklamas-tab\" class=\"clearfix eael-tab-content-item active-default\" data-title-link=\"rn-aklamas-tab\">\n\t\t\t\t        <p class=\"translation-block\"><strong>Poyraz Glass Solar Low-E Comfort<\/strong> is a thermal control glass produced by applying a thin metal\/metal oxide layer onto flat glass using the electron sputtering method. With its high insulation performance and solar control, it provides energy savings and comfort in both residential and commercial buildings. Its low U-value reduces heat loss, while its low solar energy transmittance prevents overheating in summer. High daylight transmittance preserves natural lighting, and exterior reflectance ensures glare control.\n\nIts temperable structure allows safe use. During cutting, handling, and storage, special care is required; coating edges must be properly stripped, and the glass must be converted into Is\u0131cam units within 24 hours. Under proper conditions, it can be safely stored for up to 6 months. By combining energy efficiency, natural light, and visual comfort, it stands out as a preferred solution in modern buildings.<\/p>                    <\/div>\n\t\t        \n                    <div id=\"kullanm-avantajlar-tab\" class=\"clearfix eael-tab-content-item inactive\" data-title-link=\"kullanm-avantajlar-tab\">\n\t\t\t\t        <p><strong data-start=\"0\" data-end=\"33\" data-is-only-node=\"\">Poyraz Cam Solar Low-E Konfor<\/strong>, tek bir kaplama ile hem \u0131s\u0131 yal\u0131t\u0131m\u0131 hem de g\u00fcne\u015f kontrol\u00fc sa\u011flar. K\u0131\u015f\u0131n yak\u0131t, yaz\u0131n klima giderlerini azaltarak enerji tasarrufu sunar; g\u00fcn \u0131\u015f\u0131\u011f\u0131ndan maksimum fayda sa\u011flarken \u015feffafl\u0131\u011f\u0131 korur. Pencere \u00f6nlerinde s\u0131cakl\u0131k dengesizli\u011fini \u00f6nler, bu\u011fulanmay\u0131 geciktirir ve zararl\u0131 UV \u0131\u015f\u0131nlar\u0131n\u0131n %91\u2019ini engelleyerek mobilya ile kuma\u015flar\u0131 korur. Y\u00fcksek yal\u0131t\u0131m performans\u0131 sayesinde yat\u0131r\u0131m maliyetini 1\u20132 y\u0131l i\u00e7inde geri kazand\u0131r\u0131r. Is\u0131cam K Serisi ile birlikte kullan\u0131ld\u0131\u011f\u0131nda tek cama g\u00f6re %77, s\u0131radan \u00e7ift cama g\u00f6re %50 daha fazla \u0131s\u0131 yal\u0131t\u0131m\u0131 sa\u011flar ve g\u00fcne\u015f \u0131s\u0131s\u0131n\u0131 %40 oran\u0131nda s\u0131n\u0131rlar.<\/p>                    <\/div>\n\t\t        \n                    <div id=\"kullanm-alanlar-tab\" class=\"clearfix eael-tab-content-item inactive\" data-title-link=\"kullanm-alanlar-tab\">\n\t\t\t\t        <p class=\"translation-block\"><strong>Poyraz Glass Solar Low-E Glass<\/strong> is preferred in residential buildings as well as small- and medium-scale commercial structures. With its thermal and solar control properties, it provides comfortable living and working spaces throughout all four seasons. Offering energy savings, high transparency, and the benefits of natural daylight, it is a widely used solution in modern architecture.<\/p>                    <\/div>\n\t\t                    <\/div>\n        <\/div>\n\t\t\t\t<\/div>\n\t\t\t\t<\/div>\n\t\t\t\t\t<\/div>\n\t\t\t\t<\/div>\n\t\t\t\t<\/div>","protected":false},"excerpt":{"rendered":"<p>Solar Low-E Konfor \u00dcr\u00fcn A\u00e7\u0131klamas\u0131 Kullan\u0131m Avantajlar\u0131 Kullan\u0131m Alanlar\u0131 Poyraz Cam Solar Low-E Konfor, d\u00fczcam \u00fczerine elektron sa\u00e7\u0131lma y\u00f6ntemiyle kaplanan ince metal\/metaloksit tabakas\u0131yla \u00fcretilen \u0131s\u0131 kontrol cam\u0131d\u0131r. Y\u00fcksek yal\u0131t\u0131m performans\u0131 ve g\u00fcne\u015f kontrol\u00fc sayesinde hem konut hem de ticari yap\u0131larda enerji tasarrufu ve konfor sunar. D\u00fc\u015f\u00fck U de\u011feri ile \u0131s\u0131 kay\u0131plar\u0131n\u0131 azalt\u0131r, g\u00fcne\u015f enerjisi ge\u00e7irgenli\u011fi [&hellip;]<\/p>","protected":false},"author":1,"featured_media":0,"parent":0,"menu_order":0,"comment_status":"closed","ping_status":"closed","template":"","meta":{"_eb_attr":"","_uag_custom_page_level_css":"","site-sidebar-layout":"no-sidebar","site-content-layout":"page-builder","ast-site-content-layout":"default","site-content-style":"default","site-sidebar-style":"default","ast-global-header-display":"","ast-banner-title-visibility":"","ast-main-header-display":"","ast-hfb-above-header-display":"","ast-hfb-below-header-display":"","ast-hfb-mobile-header-display":"","site-post-title":"disabled","ast-breadcrumbs-content":"disabled","ast-featured-img":"disabled","footer-sml-layout":"","theme-transparent-header-meta":"enabled","adv-header-id-meta":"","stick-header-meta":"","header-above-stick-meta":"","header-main-stick-meta":"","header-below-stick-meta":"","astra-migrate-meta-layouts":"default","ast-page-background-enabled":"default","ast-page-background-meta":{"desktop":{"background-color":"var(--ast-global-color-4)","background-image":"","background-repeat":"repeat","background-position":"center center","background-size":"auto","background-attachment":"scroll","background-type":"","background-media":"","overlay-type":"","overlay-color":"","overlay-opacity":"","overlay-gradient":""},"tablet":{"background-color":"","background-image":"","background-repeat":"repeat","background-position":"center center","background-size":"auto","background-attachment":"scroll","background-type":"","background-media":"","overlay-type":"","overlay-color":"","overlay-opacity":"","overlay-gradient":""},"mobile":{"background-color":"","background-image":"","background-repeat":"repeat","background-position":"center center","background-size":"auto","background-attachment":"scroll","background-type":"","background-media":"","overlay-type":"","overlay-color":"","overlay-opacity":"","overlay-gradient":""}},"ast-content-background-meta":{"desktop":{"background-color":"var(--ast-global-color-5)","background-image":"","background-repeat":"repeat","background-position":"center center","background-size":"auto","background-attachment":"scroll","background-type":"","background-media":"","overlay-type":"","overlay-color":"","overlay-opacity":"","overlay-gradient":""},"tablet":{"background-color":"var(--ast-global-color-5)","background-image":"","background-repeat":"repeat","background-position":"center center","background-size":"auto","background-attachment":"scroll","background-type":"","background-media":"","overlay-type":"","overlay-color":"","overlay-opacity":"","overlay-gradient":""},"mobile":{"background-color":"var(--ast-global-color-5)","background-image":"","background-repeat":"repeat","background-position":"center center","background-size":"auto","background-attachment":"scroll","background-type":"","background-media":"","overlay-type":"","overlay-color":"","overlay-opacity":"","overlay-gradient":""}},"footnotes":""},"class_list":["post-3102","page","type-page","status-publish","hentry"],"uagb_featured_image_src":{"full":false,"thumbnail":false,"medium":false,"medium_large":false,"large":false,"1536x1536":false,"2048x2048":false,"trp-custom-language-flag":false},"uagb_author_info":{"display_name":"merttanilekinci@gmail.com","author_link":"https:\/\/poyrazcam.com.tr\/en\/author\/merttanilekinci@gmail.com\/"},"uagb_comment_info":0,"uagb_excerpt":"Solar Low-E Konfor \u00dcr\u00fcn A\u00e7\u0131klamas\u0131 Kullan\u0131m Avantajlar\u0131 Kullan\u0131m Alanlar\u0131 Poyraz Cam Solar Low-E Konfor, d\u00fczcam \u00fczerine elektron sa\u00e7\u0131lma y\u00f6ntemiyle kaplanan ince metal\/metaloksit tabakas\u0131yla \u00fcretilen \u0131s\u0131 kontrol cam\u0131d\u0131r. Y\u00fcksek yal\u0131t\u0131m performans\u0131 ve g\u00fcne\u015f kontrol\u00fc sayesinde hem konut hem de ticari yap\u0131larda enerji tasarrufu ve konfor sunar. D\u00fc\u015f\u00fck U de\u011feri ile \u0131s\u0131 kay\u0131plar\u0131n\u0131 azalt\u0131r, g\u00fcne\u015f enerjisi ge\u00e7irgenli\u011fi&hellip;","_links":{"self":[{"href":"https:\/\/poyrazcam.com.tr\/en\/wp-json\/wp\/v2\/pages\/3102","targetHints":{"allow":["GET"]}}],"collection":[{"href":"https:\/\/poyrazcam.com.tr\/en\/wp-json\/wp\/v2\/pages"}],"about":[{"href":"https:\/\/poyrazcam.com.tr\/en\/wp-json\/wp\/v2\/types\/page"}],"author":[{"embeddable":true,"href":"https:\/\/poyrazcam.com.tr\/en\/wp-json\/wp\/v2\/users\/1"}],"replies":[{"embeddable":true,"href":"https:\/\/poyrazcam.com.tr\/en\/wp-json\/wp\/v2\/comments?post=3102"}],"version-history":[{"count":13,"href":"https:\/\/poyrazcam.com.tr\/en\/wp-json\/wp\/v2\/pages\/3102\/revisions"}],"predecessor-version":[{"id":3734,"href":"https:\/\/poyrazcam.com.tr\/en\/wp-json\/wp\/v2\/pages\/3102\/revisions\/3734"}],"wp:attachment":[{"href":"https:\/\/poyrazcam.com.tr\/en\/wp-json\/wp\/v2\/media?parent=3102"}],"curies":[{"name":"wp","href":"https:\/\/api.w.org\/{rel}","templated":true}]}}