{"id":3177,"date":"2025-09-06T18:12:41","date_gmt":"2025-09-06T18:12:41","guid":{"rendered":"https:\/\/poyrazcam.com.tr\/?page_id=3177"},"modified":"2025-09-08T13:54:55","modified_gmt":"2025-09-08T13:54:55","slug":"temperli-cam","status":"publish","type":"page","link":"https:\/\/poyrazcam.com.tr\/en\/temperli-cam\/","title":{"rendered":"Tempered Glasses"},"content":{"rendered":"<div data-elementor-type=\"wp-page\" data-elementor-id=\"3177\" class=\"elementor elementor-3177\">\n\t\t\t\t<div class=\"elementor-element elementor-element-1b6161c e-con-full animated-slow e-flex elementor-invisible e-con e-parent\" data-id=\"1b6161c\" data-element_type=\"container\" data-settings=\"{&quot;background_background&quot;:&quot;classic&quot;,&quot;animation&quot;:&quot;fadeInLeft&quot;,&quot;animation_delay&quot;:300}\">\n\t\t\t\t<\/div>\n\t\t<div class=\"elementor-element elementor-element-a287a68 e-flex e-con-boxed e-con e-parent\" data-id=\"a287a68\" data-element_type=\"container\">\n\t\t\t\t\t<div class=\"e-con-inner\">\n\t\t\t\t<div class=\"elementor-element elementor-element-d2f1276 elementor-widget elementor-widget-heading\" data-id=\"d2f1276\" data-element_type=\"widget\" data-widget_type=\"heading.default\">\n\t\t\t\t<div class=\"elementor-widget-container\">\n\t\t\t\t\t<h2 class=\"elementor-heading-title elementor-size-default\">Tempered Glasses<\/h2>\t\t\t\t<\/div>\n\t\t\t\t<\/div>\n\t\t<div class=\"elementor-element elementor-element-af0fe6d e-con-full e-flex e-con e-child\" data-id=\"af0fe6d\" data-element_type=\"container\">\n\t\t\t\t<div class=\"elementor-element elementor-element-8b801d3 elementor-widget__width-inherit elementor-widget elementor-widget-image\" data-id=\"8b801d3\" data-element_type=\"widget\" data-widget_type=\"image.default\">\n\t\t\t\t<div class=\"elementor-widget-container\">\n\t\t\t\t\t\t\t\t\t\t\t\t\t\t\t<img fetchpriority=\"high\" decoding=\"async\" width=\"900\" height=\"595\" src=\"https:\/\/poyrazcam.com.tr\/wp-content\/uploads\/2025\/09\/temperli-cam.webp\" class=\"attachment-2048x2048 size-2048x2048 wp-image-3529\" alt=\"temperli cam\" srcset=\"https:\/\/poyrazcam.com.tr\/wp-content\/uploads\/2025\/09\/temperli-cam.webp 900w, https:\/\/poyrazcam.com.tr\/wp-content\/uploads\/2025\/09\/temperli-cam-300x198.webp 300w, https:\/\/poyrazcam.com.tr\/wp-content\/uploads\/2025\/09\/temperli-cam-768x508.webp 768w\" sizes=\"(max-width: 900px) 100vw, 900px\" title=\"Tempered Glasses\">\t\t\t\t\t\t\t\t\t\t\t\t\t\t\t<\/div>\n\t\t\t\t<\/div>\n\t\t\t\t<\/div>\n\t\t\t\t<div class=\"elementor-element elementor-element-8f81261 animated-slow elementor-widget elementor-widget-eael-adv-tabs\" data-id=\"8f81261\" data-element_type=\"widget\" data-settings=\"{&quot;_animation&quot;:&quot;none&quot;,&quot;_animation_delay&quot;:300}\" data-widget_type=\"eael-adv-tabs.default\">\n\t\t\t\t<div class=\"elementor-widget-container\">\n\t\t\t\t\t        <div data-scroll-on-click=\"\" data-scroll-speed=\"300\" id=\"eael-advance-tabs-8f81261\" class=\"eael-advance-tabs eael-tabs-vertical eael-tab-auto-active  active-caret-on\" data-tabid=\"8f81261\">\n            <div class=\"eael-tabs-nav\">\n                <ul class=\"\" role=\"tablist\">\n                                            <li id=\"rn-aklamas\" class=\"active-default eael-tab-item-trigger eael-tab-nav-item\" aria-selected=\"true\" data-tab=\"1\" role=\"tab\" tabindex=\"0\" aria-controls=\"rn-aklamas-tab\" aria-expanded=\"false\">\n                            \n                            \n                            \n                                                            <span class=\"eael-tab-title title-after-icon\" >Product Description<\/span>                                                    <\/li>\n                                            <li id=\"kullanm-alanlar\" class=\"inactive eael-tab-item-trigger eael-tab-nav-item\" aria-selected=\"false\" data-tab=\"2\" role=\"tab\" tabindex=\"-1\" aria-controls=\"kullanm-alanlar-tab\" aria-expanded=\"false\">\n                            \n                            \n                            \n                                                            <span class=\"eael-tab-title title-after-icon\" >Areas of Application<\/span>                                                    <\/li>\n                                            <li id=\"yaplabilirlik\" class=\"inactive eael-tab-item-trigger eael-tab-nav-item\" aria-selected=\"false\" data-tab=\"3\" role=\"tab\" tabindex=\"-1\" aria-controls=\"yaplabilirlik-tab\" aria-expanded=\"false\">\n                            \n                            \n                            \n                                                            <span class=\"eael-tab-title title-after-icon\" >Yap\u0131labilirlik<\/span>                                                    <\/li>\n                    \n                                  <\/ul>\n            <\/div>\n            \n            <div class=\"eael-tabs-content\">\n\t\t        \n                    <div id=\"rn-aklamas-tab\" class=\"clearfix eael-tab-content-item active-default\" data-title-link=\"rn-aklamas-tab\">\n\t\t\t\t        <p class=\"translation-block\"><strong>Poyraz Glass Tempered Glass<\/strong> is a safety glass strengthened through heating in special furnaces followed by rapid cooling, making it approximately <strong>5 times stronger<\/strong> than standard glass. It offers high resistance to mechanical impacts and sudden temperature changes, and when broken, it shatters into small, blunt fragments for safety. It is widely used in fa\u00e7ade glazing, doors, furniture, shopfronts, and areas requiring security. With our <strong>TAMGLASS<\/strong> and <strong>SOUTHTECH<\/strong> tempering lines, production can be carried out in sizes up to <strong>6000 x 2600 mm<\/strong>. Note: After tempering, cutting, drilling, or edge\/surface processing cannot be performed; these processes must be completed beforehand.<\/p>                    <\/div>\n\t\t        \n                    <div id=\"kullanm-alanlar-tab\" class=\"clearfix eael-tab-content-item inactive\" data-title-link=\"kullanm-alanlar-tab\">\n\t\t\t\t        <p class=\"translation-block\"><strong>Poyraz Glass Tempered Glass<\/strong> has a wide range of applications, from architectural projects to furniture design. It combines design and safety in special glass applications, offering aesthetic, transparent, and durable solutions for furniture and accessories. In modern building fa\u00e7ades, it ensures safety and energy efficiency, while in shopfronts it provides transparency and protection. It offers safe use in skylights, winter gardens, and ceiling glazing, while standing out with its durability in glass doors, overhead glazing, and high-traffic areas. Additionally, it provides safe solutions for vertical glazing applications up to 90 cm above the finished floor level.<\/p>                    <\/div>\n\t\t        \n                    <div id=\"yaplabilirlik-tab\" class=\"clearfix eael-tab-content-item inactive\" data-title-link=\"yaplabilirlik-tab\">\n\t\t\t\t        <p class=\"translation-block\"><strong>Poyraz Glass Tempered Glass<\/strong> is carefully tempered in high-tech furnaces and can be produced in sizes up to <strong>6000 x 2600 mm<\/strong>. It is available in thicknesses ranging from 4 mm to 19 mm, offering flexible solutions tailored to the needs of architectural and industrial projects. From fa\u00e7ade glazing to interior designs, it can be safely used in all areas where safety and durability are required.<\/p>                    <\/div>\n\t\t                    <\/div>\n        <\/div>\n\t\t\t\t<\/div>\n\t\t\t\t<\/div>\n\t\t\t\t\t<\/div>\n\t\t\t\t<\/div>\n\t\t\t\t<\/div>","protected":false},"excerpt":{"rendered":"<p>Temperli Cam \u00dcr\u00fcn A\u00e7\u0131klamas\u0131 Kullan\u0131m Alanlar\u0131 Yap\u0131labilirlik Poyraz Cam Temperli Cam, \u00f6zel f\u0131r\u0131nlarda \u0131s\u0131t\u0131l\u0131p ani so\u011futma i\u015flemiyle dayan\u0131kl\u0131l\u0131\u011f\u0131 art\u0131r\u0131lm\u0131\u015f g\u00fcvenlik cam\u0131d\u0131r ve standart camlara g\u00f6re yakla\u015f\u0131k 5 kat daha g\u00fc\u00e7l\u00fcd\u00fcr. Mekanik darbelere ve ani s\u0131cakl\u0131k de\u011fi\u015fimlerine kar\u015f\u0131 y\u00fcksek diren\u00e7 g\u00f6sterir, k\u0131r\u0131ld\u0131\u011f\u0131nda ise k\u00fc\u00e7\u00fck ve keskin olmayan par\u00e7alara ayr\u0131larak g\u00fcvenlik sa\u011flar. Cephe camlar\u0131, kap\u0131lar, mobilya, vitrinler [&hellip;]<\/p>","protected":false},"author":1,"featured_media":0,"parent":0,"menu_order":0,"comment_status":"closed","ping_status":"closed","template":"","meta":{"_eb_attr":"","_uag_custom_page_level_css":"","site-sidebar-layout":"no-sidebar","site-content-layout":"page-builder","ast-site-content-layout":"default","site-content-style":"default","site-sidebar-style":"default","ast-global-header-display":"","ast-banner-title-visibility":"","ast-main-header-display":"","ast-hfb-above-header-display":"","ast-hfb-below-header-display":"","ast-hfb-mobile-header-display":"","site-post-title":"disabled","ast-breadcrumbs-content":"disabled","ast-featured-img":"disabled","footer-sml-layout":"","theme-transparent-header-meta":"enabled","adv-header-id-meta":"","stick-header-meta":"","header-above-stick-meta":"","header-main-stick-meta":"","header-below-stick-meta":"","astra-migrate-meta-layouts":"default","ast-page-background-enabled":"default","ast-page-background-meta":{"desktop":{"background-color":"var(--ast-global-color-4)","background-image":"","background-repeat":"repeat","background-position":"center center","background-size":"auto","background-attachment":"scroll","background-type":"","background-media":"","overlay-type":"","overlay-color":"","overlay-opacity":"","overlay-gradient":""},"tablet":{"background-color":"","background-image":"","background-repeat":"repeat","background-position":"center center","background-size":"auto","background-attachment":"scroll","background-type":"","background-media":"","overlay-type":"","overlay-color":"","overlay-opacity":"","overlay-gradient":""},"mobile":{"background-color":"","background-image":"","background-repeat":"repeat","background-position":"center center","background-size":"auto","background-attachment":"scroll","background-type":"","background-media":"","overlay-type":"","overlay-color":"","overlay-opacity":"","overlay-gradient":""}},"ast-content-background-meta":{"desktop":{"background-color":"var(--ast-global-color-5)","background-image":"","background-repeat":"repeat","background-position":"center center","background-size":"auto","background-attachment":"scroll","background-type":"","background-media":"","overlay-type":"","overlay-color":"","overlay-opacity":"","overlay-gradient":""},"tablet":{"background-color":"var(--ast-global-color-5)","background-image":"","background-repeat":"repeat","background-position":"center center","background-size":"auto","background-attachment":"scroll","background-type":"","background-media":"","overlay-type":"","overlay-color":"","overlay-opacity":"","overlay-gradient":""},"mobile":{"background-color":"var(--ast-global-color-5)","background-image":"","background-repeat":"repeat","background-position":"center center","background-size":"auto","background-attachment":"scroll","background-type":"","background-media":"","overlay-type":"","overlay-color":"","overlay-opacity":"","overlay-gradient":""}},"footnotes":""},"class_list":["post-3177","page","type-page","status-publish","hentry"],"uagb_featured_image_src":{"full":false,"thumbnail":false,"medium":false,"medium_large":false,"large":false,"1536x1536":false,"2048x2048":false,"trp-custom-language-flag":false},"uagb_author_info":{"display_name":"merttanilekinci@gmail.com","author_link":"https:\/\/poyrazcam.com.tr\/en\/author\/merttanilekinci@gmail.com\/"},"uagb_comment_info":0,"uagb_excerpt":"Temperli Cam \u00dcr\u00fcn A\u00e7\u0131klamas\u0131 Kullan\u0131m Alanlar\u0131 Yap\u0131labilirlik Poyraz Cam Temperli Cam, \u00f6zel f\u0131r\u0131nlarda \u0131s\u0131t\u0131l\u0131p ani so\u011futma i\u015flemiyle dayan\u0131kl\u0131l\u0131\u011f\u0131 art\u0131r\u0131lm\u0131\u015f g\u00fcvenlik cam\u0131d\u0131r ve standart camlara g\u00f6re yakla\u015f\u0131k 5 kat daha g\u00fc\u00e7l\u00fcd\u00fcr. Mekanik darbelere ve ani s\u0131cakl\u0131k de\u011fi\u015fimlerine kar\u015f\u0131 y\u00fcksek diren\u00e7 g\u00f6sterir, k\u0131r\u0131ld\u0131\u011f\u0131nda ise k\u00fc\u00e7\u00fck ve keskin olmayan par\u00e7alara ayr\u0131larak g\u00fcvenlik sa\u011flar. Cephe camlar\u0131, kap\u0131lar, mobilya, vitrinler&hellip;","_links":{"self":[{"href":"https:\/\/poyrazcam.com.tr\/en\/wp-json\/wp\/v2\/pages\/3177","targetHints":{"allow":["GET"]}}],"collection":[{"href":"https:\/\/poyrazcam.com.tr\/en\/wp-json\/wp\/v2\/pages"}],"about":[{"href":"https:\/\/poyrazcam.com.tr\/en\/wp-json\/wp\/v2\/types\/page"}],"author":[{"embeddable":true,"href":"https:\/\/poyrazcam.com.tr\/en\/wp-json\/wp\/v2\/users\/1"}],"replies":[{"embeddable":true,"href":"https:\/\/poyrazcam.com.tr\/en\/wp-json\/wp\/v2\/comments?post=3177"}],"version-history":[{"count":13,"href":"https:\/\/poyrazcam.com.tr\/en\/wp-json\/wp\/v2\/pages\/3177\/revisions"}],"predecessor-version":[{"id":3740,"href":"https:\/\/poyrazcam.com.tr\/en\/wp-json\/wp\/v2\/pages\/3177\/revisions\/3740"}],"wp:attachment":[{"href":"https:\/\/poyrazcam.com.tr\/en\/wp-json\/wp\/v2\/media?parent=3177"}],"curies":[{"name":"wp","href":"https:\/\/api.w.org\/{rel}","templated":true}]}}