{"id":3178,"date":"2025-09-06T18:12:50","date_gmt":"2025-09-06T18:12:50","guid":{"rendered":"https:\/\/poyrazcam.com.tr\/?page_id=3178"},"modified":"2025-09-08T13:58:02","modified_gmt":"2025-09-08T13:58:02","slug":"bombeli-cam","status":"publish","type":"page","link":"https:\/\/poyrazcam.com.tr\/en\/bombeli-cam\/","title":{"rendered":"Curved Glass"},"content":{"rendered":"<div data-elementor-type=\"wp-page\" data-elementor-id=\"3178\" class=\"elementor elementor-3178\">\n\t\t\t\t<div class=\"elementor-element elementor-element-1b6161c e-con-full animated-slow e-flex elementor-invisible e-con e-parent\" data-id=\"1b6161c\" data-element_type=\"container\" data-settings=\"{&quot;background_background&quot;:&quot;classic&quot;,&quot;animation&quot;:&quot;fadeInLeft&quot;,&quot;animation_delay&quot;:300}\">\n\t\t\t\t<\/div>\n\t\t<div class=\"elementor-element elementor-element-a287a68 e-flex e-con-boxed e-con e-parent\" data-id=\"a287a68\" data-element_type=\"container\">\n\t\t\t\t\t<div class=\"e-con-inner\">\n\t\t\t\t<div class=\"elementor-element elementor-element-d2f1276 elementor-widget elementor-widget-heading\" data-id=\"d2f1276\" data-element_type=\"widget\" data-widget_type=\"heading.default\">\n\t\t\t\t<div class=\"elementor-widget-container\">\n\t\t\t\t\t<h2 class=\"elementor-heading-title elementor-size-default\">Curved Glass<\/h2>\t\t\t\t<\/div>\n\t\t\t\t<\/div>\n\t\t<div class=\"elementor-element elementor-element-ecc139c e-con-full e-flex e-con e-child\" data-id=\"ecc139c\" data-element_type=\"container\">\n\t\t\t\t<div class=\"elementor-element elementor-element-6ebe15e elementor-widget__width-inherit elementor-widget elementor-widget-image\" data-id=\"6ebe15e\" data-element_type=\"widget\" data-widget_type=\"image.default\">\n\t\t\t\t<div class=\"elementor-widget-container\">\n\t\t\t\t\t\t\t\t\t\t\t\t\t\t\t<img fetchpriority=\"high\" decoding=\"async\" width=\"1024\" height=\"768\" src=\"https:\/\/poyrazcam.com.tr\/wp-content\/uploads\/2025\/09\/bombeli-cam.webp\" class=\"attachment-2048x2048 size-2048x2048 wp-image-3513\" alt=\"bombeli cam\" srcset=\"https:\/\/poyrazcam.com.tr\/wp-content\/uploads\/2025\/09\/bombeli-cam.webp 1024w, https:\/\/poyrazcam.com.tr\/wp-content\/uploads\/2025\/09\/bombeli-cam-300x225.webp 300w, https:\/\/poyrazcam.com.tr\/wp-content\/uploads\/2025\/09\/bombeli-cam-768x576.webp 768w\" sizes=\"(max-width: 1024px) 100vw, 1024px\" title=\"Curved Glass\">\t\t\t\t\t\t\t\t\t\t\t\t\t\t\t<\/div>\n\t\t\t\t<\/div>\n\t\t\t\t<\/div>\n\t\t\t\t<div class=\"elementor-element elementor-element-8f81261 animated-slow elementor-widget elementor-widget-eael-adv-tabs\" data-id=\"8f81261\" data-element_type=\"widget\" data-settings=\"{&quot;_animation&quot;:&quot;none&quot;,&quot;_animation_delay&quot;:300}\" data-widget_type=\"eael-adv-tabs.default\">\n\t\t\t\t<div class=\"elementor-widget-container\">\n\t\t\t\t\t        <div data-scroll-on-click=\"\" data-scroll-speed=\"300\" id=\"eael-advance-tabs-8f81261\" class=\"eael-advance-tabs eael-tabs-vertical eael-tab-auto-active  active-caret-on\" data-tabid=\"8f81261\">\n            <div class=\"eael-tabs-nav\">\n                <ul class=\"\" role=\"tablist\">\n                                            <li id=\"rn-aklamas\" class=\"active-default eael-tab-item-trigger eael-tab-nav-item\" aria-selected=\"true\" data-tab=\"1\" role=\"tab\" tabindex=\"0\" aria-controls=\"rn-aklamas-tab\" aria-expanded=\"false\">\n                            \n                            \n                            \n                                                            <span class=\"eael-tab-title title-after-icon\" >Product Description<\/span>                                                    <\/li>\n                                            <li id=\"kullanm-alanlar\" class=\"inactive eael-tab-item-trigger eael-tab-nav-item\" aria-selected=\"false\" data-tab=\"2\" role=\"tab\" tabindex=\"-1\" aria-controls=\"kullanm-alanlar-tab\" aria-expanded=\"false\">\n                            \n                            \n                            \n                                                            <span class=\"eael-tab-title title-after-icon\" >Areas of Application<\/span>                                                    <\/li>\n                                            <li id=\"yaplabilirlik\" class=\"inactive eael-tab-item-trigger eael-tab-nav-item\" aria-selected=\"false\" data-tab=\"3\" role=\"tab\" tabindex=\"-1\" aria-controls=\"yaplabilirlik-tab\" aria-expanded=\"false\">\n                            \n                            \n                            \n                                                            <span class=\"eael-tab-title title-after-icon\" >Yap\u0131labilirlik<\/span>                                                    <\/li>\n                    \n                                  <\/ul>\n            <\/div>\n            \n            <div class=\"eael-tabs-content\">\n\t\t        \n                    <div id=\"rn-aklamas-tab\" class=\"clearfix eael-tab-content-item active-default\" data-title-link=\"rn-aklamas-tab\">\n\t\t\t\t        <p class=\"translation-block\"><strong>Poyraz Glass Curved Glass<\/strong> is produced by heating flat glass in a tempering furnace and shaping it into concave or convex forms according to a specific radius. During this process, it is both shaped and tempered, gaining high strength. Compared to standard glass, curved glass is far more durable, offering long-lasting solutions for aesthetic designs, safety-critical applications, and modern architectural projects.<\/p>                    <\/div>\n\t\t        \n                    <div id=\"kullanm-alanlar-tab\" class=\"clearfix eael-tab-content-item inactive\" data-title-link=\"kullanm-alanlar-tab\">\n\t\t\t\t        <p class=\"translation-block\"><strong>Poyraz Glass Curved Glass<\/strong> offers modern solutions for safety and decorative projects. With its high durability and aesthetic appearance, it is preferred in fa\u00e7ades, interior partition systems, railings, glass doors, and furniture designs. It also provides safety, strength, and long-lasting performance in automotive and industrial applications.<\/p>                    <\/div>\n\t\t        \n                    <div id=\"yaplabilirlik-tab\" class=\"clearfix eael-tab-content-item inactive\" data-title-link=\"yaplabilirlik-tab\">\n\t\t\t\t        <p class=\"translation-block\"><strong>Poyraz Glass Curved Glass<\/strong> offers a wide production range with different thickness and size options. For large curved glass, production is available in thicknesses of 6\u201312 mm, with widths up to 2600 mm and heights up to 2500 mm; for small curved glass, thicknesses of 4\u201312 mm can be produced with widths up to 2600 mm and heights up to 800 mm. The minimum radius varies between 480\u20131200 mm for small curved glass and 1500\u20132200 mm for large curved glass.<\/p>                    <\/div>\n\t\t                    <\/div>\n        <\/div>\n\t\t\t\t<\/div>\n\t\t\t\t<\/div>\n\t\t\t\t\t<\/div>\n\t\t\t\t<\/div>\n\t\t\t\t<\/div>","protected":false},"excerpt":{"rendered":"<p>Bombeli Cam \u00dcr\u00fcn A\u00e7\u0131klamas\u0131 Kullan\u0131m Alanlar\u0131 Yap\u0131labilirlik Poyraz Cam Bombeli Cam, d\u00fcz cam\u0131n temper f\u0131r\u0131n\u0131nda \u0131s\u0131t\u0131l\u0131p belirli bir yar\u0131\u00e7apa g\u00f6re i\u00e7 b\u00fckey veya d\u0131\u015f b\u00fckey form verilmesiyle \u00fcretilir. Bu i\u015flem s\u0131ras\u0131nda hem \u015fekillendirilir hem de temperlenerek y\u00fcksek mukavemet kazan\u0131r. Standart camlara g\u00f6re \u00e7ok daha dayan\u0131kl\u0131 olan bombeli cam, estetik tasar\u0131mlar, g\u00fcvenlik gerektiren uygulamalar ve modern [&hellip;]<\/p>","protected":false},"author":1,"featured_media":0,"parent":0,"menu_order":0,"comment_status":"closed","ping_status":"closed","template":"","meta":{"_eb_attr":"","_uag_custom_page_level_css":"","site-sidebar-layout":"no-sidebar","site-content-layout":"page-builder","ast-site-content-layout":"default","site-content-style":"default","site-sidebar-style":"default","ast-global-header-display":"","ast-banner-title-visibility":"","ast-main-header-display":"","ast-hfb-above-header-display":"","ast-hfb-below-header-display":"","ast-hfb-mobile-header-display":"","site-post-title":"disabled","ast-breadcrumbs-content":"disabled","ast-featured-img":"disabled","footer-sml-layout":"","theme-transparent-header-meta":"enabled","adv-header-id-meta":"","stick-header-meta":"","header-above-stick-meta":"","header-main-stick-meta":"","header-below-stick-meta":"","astra-migrate-meta-layouts":"default","ast-page-background-enabled":"default","ast-page-background-meta":{"desktop":{"background-color":"var(--ast-global-color-4)","background-image":"","background-repeat":"repeat","background-position":"center center","background-size":"auto","background-attachment":"scroll","background-type":"","background-media":"","overlay-type":"","overlay-color":"","overlay-opacity":"","overlay-gradient":""},"tablet":{"background-color":"","background-image":"","background-repeat":"repeat","background-position":"center center","background-size":"auto","background-attachment":"scroll","background-type":"","background-media":"","overlay-type":"","overlay-color":"","overlay-opacity":"","overlay-gradient":""},"mobile":{"background-color":"","background-image":"","background-repeat":"repeat","background-position":"center center","background-size":"auto","background-attachment":"scroll","background-type":"","background-media":"","overlay-type":"","overlay-color":"","overlay-opacity":"","overlay-gradient":""}},"ast-content-background-meta":{"desktop":{"background-color":"var(--ast-global-color-5)","background-image":"","background-repeat":"repeat","background-position":"center center","background-size":"auto","background-attachment":"scroll","background-type":"","background-media":"","overlay-type":"","overlay-color":"","overlay-opacity":"","overlay-gradient":""},"tablet":{"background-color":"var(--ast-global-color-5)","background-image":"","background-repeat":"repeat","background-position":"center center","background-size":"auto","background-attachment":"scroll","background-type":"","background-media":"","overlay-type":"","overlay-color":"","overlay-opacity":"","overlay-gradient":""},"mobile":{"background-color":"var(--ast-global-color-5)","background-image":"","background-repeat":"repeat","background-position":"center center","background-size":"auto","background-attachment":"scroll","background-type":"","background-media":"","overlay-type":"","overlay-color":"","overlay-opacity":"","overlay-gradient":""}},"footnotes":""},"class_list":["post-3178","page","type-page","status-publish","hentry"],"uagb_featured_image_src":{"full":false,"thumbnail":false,"medium":false,"medium_large":false,"large":false,"1536x1536":false,"2048x2048":false,"trp-custom-language-flag":false},"uagb_author_info":{"display_name":"merttanilekinci@gmail.com","author_link":"https:\/\/poyrazcam.com.tr\/en\/author\/merttanilekinci@gmail.com\/"},"uagb_comment_info":0,"uagb_excerpt":"Bombeli Cam \u00dcr\u00fcn A\u00e7\u0131klamas\u0131 Kullan\u0131m Alanlar\u0131 Yap\u0131labilirlik Poyraz Cam Bombeli Cam, d\u00fcz cam\u0131n temper f\u0131r\u0131n\u0131nda \u0131s\u0131t\u0131l\u0131p belirli bir yar\u0131\u00e7apa g\u00f6re i\u00e7 b\u00fckey veya d\u0131\u015f b\u00fckey form verilmesiyle \u00fcretilir. Bu i\u015flem s\u0131ras\u0131nda hem \u015fekillendirilir hem de temperlenerek y\u00fcksek mukavemet kazan\u0131r. Standart camlara g\u00f6re \u00e7ok daha dayan\u0131kl\u0131 olan bombeli cam, estetik tasar\u0131mlar, g\u00fcvenlik gerektiren uygulamalar ve modern&hellip;","_links":{"self":[{"href":"https:\/\/poyrazcam.com.tr\/en\/wp-json\/wp\/v2\/pages\/3178","targetHints":{"allow":["GET"]}}],"collection":[{"href":"https:\/\/poyrazcam.com.tr\/en\/wp-json\/wp\/v2\/pages"}],"about":[{"href":"https:\/\/poyrazcam.com.tr\/en\/wp-json\/wp\/v2\/types\/page"}],"author":[{"embeddable":true,"href":"https:\/\/poyrazcam.com.tr\/en\/wp-json\/wp\/v2\/users\/1"}],"replies":[{"embeddable":true,"href":"https:\/\/poyrazcam.com.tr\/en\/wp-json\/wp\/v2\/comments?post=3178"}],"version-history":[{"count":13,"href":"https:\/\/poyrazcam.com.tr\/en\/wp-json\/wp\/v2\/pages\/3178\/revisions"}],"predecessor-version":[{"id":3746,"href":"https:\/\/poyrazcam.com.tr\/en\/wp-json\/wp\/v2\/pages\/3178\/revisions\/3746"}],"wp:attachment":[{"href":"https:\/\/poyrazcam.com.tr\/en\/wp-json\/wp\/v2\/media?parent=3178"}],"curies":[{"name":"wp","href":"https:\/\/api.w.org\/{rel}","templated":true}]}}