{"id":3179,"date":"2025-09-06T18:13:01","date_gmt":"2025-09-06T18:13:01","guid":{"rendered":"https:\/\/poyrazcam.com.tr\/?page_id=3179"},"modified":"2025-09-08T13:56:34","modified_gmt":"2025-09-08T13:56:34","slug":"lamine-cam","status":"publish","type":"page","link":"https:\/\/poyrazcam.com.tr\/en\/lamine-cam\/","title":{"rendered":"Laminated Glass"},"content":{"rendered":"<div data-elementor-type=\"wp-page\" data-elementor-id=\"3179\" class=\"elementor elementor-3179\">\n\t\t\t\t<div class=\"elementor-element elementor-element-1b6161c e-con-full animated-slow e-flex elementor-invisible e-con e-parent\" data-id=\"1b6161c\" data-element_type=\"container\" data-settings=\"{&quot;background_background&quot;:&quot;classic&quot;,&quot;animation&quot;:&quot;fadeInLeft&quot;,&quot;animation_delay&quot;:300}\">\n\t\t\t\t<\/div>\n\t\t<div class=\"elementor-element elementor-element-a287a68 e-flex e-con-boxed e-con e-parent\" data-id=\"a287a68\" data-element_type=\"container\">\n\t\t\t\t\t<div class=\"e-con-inner\">\n\t\t\t\t<div class=\"elementor-element elementor-element-d2f1276 elementor-widget elementor-widget-heading\" data-id=\"d2f1276\" data-element_type=\"widget\" data-widget_type=\"heading.default\">\n\t\t\t\t<div class=\"elementor-widget-container\">\n\t\t\t\t\t<h2 class=\"elementor-heading-title elementor-size-default\">Lamine Camlar<\/h2>\t\t\t\t<\/div>\n\t\t\t\t<\/div>\n\t\t<div class=\"elementor-element elementor-element-8fc718b e-con-full e-flex e-con e-child\" data-id=\"8fc718b\" data-element_type=\"container\">\n\t\t\t\t<div class=\"elementor-element elementor-element-1b53946 elementor-widget__width-inherit elementor-widget elementor-widget-image\" data-id=\"1b53946\" data-element_type=\"widget\" data-widget_type=\"image.default\">\n\t\t\t\t<div class=\"elementor-widget-container\">\n\t\t\t\t\t\t\t\t\t\t\t\t\t\t\t<img fetchpriority=\"high\" decoding=\"async\" width=\"1536\" height=\"1024\" src=\"https:\/\/poyrazcam.com.tr\/wp-content\/uploads\/2025\/09\/lamine-cam.webp\" class=\"attachment-2048x2048 size-2048x2048 wp-image-3522\" alt=\"lamine cam\" srcset=\"https:\/\/poyrazcam.com.tr\/wp-content\/uploads\/2025\/09\/lamine-cam.webp 1536w, https:\/\/poyrazcam.com.tr\/wp-content\/uploads\/2025\/09\/lamine-cam-300x200.webp 300w, https:\/\/poyrazcam.com.tr\/wp-content\/uploads\/2025\/09\/lamine-cam-1024x683.webp 1024w, https:\/\/poyrazcam.com.tr\/wp-content\/uploads\/2025\/09\/lamine-cam-768x512.webp 768w\" sizes=\"(max-width: 1536px) 100vw, 1536px\" title=\"Laminated Glass\">\t\t\t\t\t\t\t\t\t\t\t\t\t\t\t<\/div>\n\t\t\t\t<\/div>\n\t\t\t\t<\/div>\n\t\t\t\t<div class=\"elementor-element elementor-element-8f81261 animated-slow elementor-widget elementor-widget-eael-adv-tabs\" data-id=\"8f81261\" data-element_type=\"widget\" data-settings=\"{&quot;_animation&quot;:&quot;none&quot;,&quot;_animation_delay&quot;:300}\" data-widget_type=\"eael-adv-tabs.default\">\n\t\t\t\t<div class=\"elementor-widget-container\">\n\t\t\t\t\t        <div data-scroll-on-click=\"\" data-scroll-speed=\"300\" id=\"eael-advance-tabs-8f81261\" class=\"eael-advance-tabs eael-tabs-vertical eael-tab-auto-active  active-caret-on\" data-tabid=\"8f81261\">\n            <div class=\"eael-tabs-nav\">\n                <ul class=\"\" role=\"tablist\">\n                                            <li id=\"rn-aklamas\" class=\"active-default eael-tab-item-trigger eael-tab-nav-item\" aria-selected=\"true\" data-tab=\"1\" role=\"tab\" tabindex=\"0\" aria-controls=\"rn-aklamas-tab\" aria-expanded=\"false\">\n                            \n                            \n                            \n                                                            <span class=\"eael-tab-title title-after-icon\" >Product Description<\/span>                                                    <\/li>\n                                            <li id=\"kullanm-alanlar\" class=\"inactive eael-tab-item-trigger eael-tab-nav-item\" aria-selected=\"false\" data-tab=\"2\" role=\"tab\" tabindex=\"-1\" aria-controls=\"kullanm-alanlar-tab\" aria-expanded=\"false\">\n                            \n                            \n                            \n                                                            <span class=\"eael-tab-title title-after-icon\" >Areas of Application<\/span>                                                    <\/li>\n                    \n                                  <\/ul>\n            <\/div>\n            \n            <div class=\"eael-tabs-content\">\n\t\t        \n                    <div id=\"rn-aklamas-tab\" class=\"clearfix eael-tab-content-item active-default\" data-title-link=\"rn-aklamas-tab\">\n\t\t\t\t        <p><strong data-start=\"0\" data-end=\"25\" data-is-only-node=\"\">Poyraz Cam Lamine Cam<\/strong>, iki veya daha fazla cam katman\u0131n\u0131n aras\u0131na polivinil butiral (PVB) tabakas\u0131 yerle\u015ftirilerek \u0131s\u0131 ve bas\u0131n\u00e7 alt\u0131nda birle\u015ftirilmesiyle \u00fcretilir. K\u0131r\u0131ld\u0131\u011f\u0131nda par\u00e7alar\u0131n da\u011f\u0131lmas\u0131n\u0131 \u00f6nleyerek g\u00fcvenli\u011fi art\u0131r\u0131r ve yaralanma riskini en aza indirir. Y\u00fcksek ses yal\u0131t\u0131m\u0131 ve %99 UV korumas\u0131 sunar, \u015feffaf veya renkli se\u00e7eneklerle \u00fcretilebilir. \u0130ste\u011fe ba\u011fl\u0131 olarak temperli veya bombeli camlardan da lamine \u00fcretim yap\u0131labilir. Standart \u00fcretimde 0,38 mm PVB kullan\u0131l\u0131rken, ihtiya\u00e7 halinde 0,76 mm, 1,14 mm veya 1,52 mm kal\u0131nl\u0131k se\u00e7enekleri tercih edilebilir.<\/p>                    <\/div>\n\t\t        \n                    <div id=\"kullanm-alanlar-tab\" class=\"clearfix eael-tab-content-item inactive\" data-title-link=\"kullanm-alanlar-tab\">\n\t\t\t\t        <p class=\"translation-block\"><strong>Poyraz Glass Laminated Glass<\/strong> offers a wide range of applications with its safety and decorative features. It is widely preferred for the fa\u00e7ades of workplaces, residences, shopping malls, schools, hospitals, hotels, and airports. In interiors, it provides aesthetic and safe solutions when used in decorative mirrors, stair treads, sound barriers, parapets, retaining walls, and railings. With its compatibility with modern architecture, it adds safety, aesthetics, and comfort to living spaces.<\/p>                    <\/div>\n\t\t                    <\/div>\n        <\/div>\n\t\t\t\t<\/div>\n\t\t\t\t<\/div>\n\t\t\t\t\t<\/div>\n\t\t\t\t<\/div>\n\t\t\t\t<\/div>","protected":false},"excerpt":{"rendered":"<p>Lamine Camlar \u00dcr\u00fcn A\u00e7\u0131klamas\u0131 Kullan\u0131m Alanlar\u0131 Poyraz Cam Lamine Cam, iki veya daha fazla cam katman\u0131n\u0131n aras\u0131na polivinil butiral (PVB) tabakas\u0131 yerle\u015ftirilerek \u0131s\u0131 ve bas\u0131n\u00e7 alt\u0131nda birle\u015ftirilmesiyle \u00fcretilir. K\u0131r\u0131ld\u0131\u011f\u0131nda par\u00e7alar\u0131n da\u011f\u0131lmas\u0131n\u0131 \u00f6nleyerek g\u00fcvenli\u011fi art\u0131r\u0131r ve yaralanma riskini en aza indirir. Y\u00fcksek ses yal\u0131t\u0131m\u0131 ve %99 UV korumas\u0131 sunar, \u015feffaf veya renkli se\u00e7eneklerle \u00fcretilebilir. \u0130ste\u011fe ba\u011fl\u0131 [&hellip;]<\/p>","protected":false},"author":1,"featured_media":0,"parent":0,"menu_order":0,"comment_status":"closed","ping_status":"closed","template":"","meta":{"_eb_attr":"","_uag_custom_page_level_css":"","site-sidebar-layout":"no-sidebar","site-content-layout":"page-builder","ast-site-content-layout":"default","site-content-style":"default","site-sidebar-style":"default","ast-global-header-display":"","ast-banner-title-visibility":"","ast-main-header-display":"","ast-hfb-above-header-display":"","ast-hfb-below-header-display":"","ast-hfb-mobile-header-display":"","site-post-title":"disabled","ast-breadcrumbs-content":"disabled","ast-featured-img":"disabled","footer-sml-layout":"","theme-transparent-header-meta":"enabled","adv-header-id-meta":"","stick-header-meta":"","header-above-stick-meta":"","header-main-stick-meta":"","header-below-stick-meta":"","astra-migrate-meta-layouts":"default","ast-page-background-enabled":"default","ast-page-background-meta":{"desktop":{"background-color":"var(--ast-global-color-4)","background-image":"","background-repeat":"repeat","background-position":"center center","background-size":"auto","background-attachment":"scroll","background-type":"","background-media":"","overlay-type":"","overlay-color":"","overlay-opacity":"","overlay-gradient":""},"tablet":{"background-color":"","background-image":"","background-repeat":"repeat","background-position":"center center","background-size":"auto","background-attachment":"scroll","background-type":"","background-media":"","overlay-type":"","overlay-color":"","overlay-opacity":"","overlay-gradient":""},"mobile":{"background-color":"","background-image":"","background-repeat":"repeat","background-position":"center center","background-size":"auto","background-attachment":"scroll","background-type":"","background-media":"","overlay-type":"","overlay-color":"","overlay-opacity":"","overlay-gradient":""}},"ast-content-background-meta":{"desktop":{"background-color":"var(--ast-global-color-5)","background-image":"","background-repeat":"repeat","background-position":"center center","background-size":"auto","background-attachment":"scroll","background-type":"","background-media":"","overlay-type":"","overlay-color":"","overlay-opacity":"","overlay-gradient":""},"tablet":{"background-color":"var(--ast-global-color-5)","background-image":"","background-repeat":"repeat","background-position":"center center","background-size":"auto","background-attachment":"scroll","background-type":"","background-media":"","overlay-type":"","overlay-color":"","overlay-opacity":"","overlay-gradient":""},"mobile":{"background-color":"var(--ast-global-color-5)","background-image":"","background-repeat":"repeat","background-position":"center center","background-size":"auto","background-attachment":"scroll","background-type":"","background-media":"","overlay-type":"","overlay-color":"","overlay-opacity":"","overlay-gradient":""}},"footnotes":""},"class_list":["post-3179","page","type-page","status-publish","hentry"],"uagb_featured_image_src":{"full":false,"thumbnail":false,"medium":false,"medium_large":false,"large":false,"1536x1536":false,"2048x2048":false,"trp-custom-language-flag":false},"uagb_author_info":{"display_name":"merttanilekinci@gmail.com","author_link":"https:\/\/poyrazcam.com.tr\/en\/author\/merttanilekinci@gmail.com\/"},"uagb_comment_info":0,"uagb_excerpt":"Lamine Camlar \u00dcr\u00fcn A\u00e7\u0131klamas\u0131 Kullan\u0131m Alanlar\u0131 Poyraz Cam Lamine Cam, iki veya daha fazla cam katman\u0131n\u0131n aras\u0131na polivinil butiral (PVB) tabakas\u0131 yerle\u015ftirilerek \u0131s\u0131 ve bas\u0131n\u00e7 alt\u0131nda birle\u015ftirilmesiyle \u00fcretilir. K\u0131r\u0131ld\u0131\u011f\u0131nda par\u00e7alar\u0131n da\u011f\u0131lmas\u0131n\u0131 \u00f6nleyerek g\u00fcvenli\u011fi art\u0131r\u0131r ve yaralanma riskini en aza indirir. Y\u00fcksek ses yal\u0131t\u0131m\u0131 ve %99 UV korumas\u0131 sunar, \u015feffaf veya renkli se\u00e7eneklerle \u00fcretilebilir. \u0130ste\u011fe ba\u011fl\u0131&hellip;","_links":{"self":[{"href":"https:\/\/poyrazcam.com.tr\/en\/wp-json\/wp\/v2\/pages\/3179","targetHints":{"allow":["GET"]}}],"collection":[{"href":"https:\/\/poyrazcam.com.tr\/en\/wp-json\/wp\/v2\/pages"}],"about":[{"href":"https:\/\/poyrazcam.com.tr\/en\/wp-json\/wp\/v2\/types\/page"}],"author":[{"embeddable":true,"href":"https:\/\/poyrazcam.com.tr\/en\/wp-json\/wp\/v2\/users\/1"}],"replies":[{"embeddable":true,"href":"https:\/\/poyrazcam.com.tr\/en\/wp-json\/wp\/v2\/comments?post=3179"}],"version-history":[{"count":13,"href":"https:\/\/poyrazcam.com.tr\/en\/wp-json\/wp\/v2\/pages\/3179\/revisions"}],"predecessor-version":[{"id":3743,"href":"https:\/\/poyrazcam.com.tr\/en\/wp-json\/wp\/v2\/pages\/3179\/revisions\/3743"}],"wp:attachment":[{"href":"https:\/\/poyrazcam.com.tr\/en\/wp-json\/wp\/v2\/media?parent=3179"}],"curies":[{"name":"wp","href":"https:\/\/api.w.org\/{rel}","templated":true}]}}