{"id":3197,"date":"2025-09-06T18:26:24","date_gmt":"2025-09-06T18:26:24","guid":{"rendered":"https:\/\/poyrazcam.com.tr\/?page_id=3197"},"modified":"2025-09-08T13:35:07","modified_gmt":"2025-09-08T13:35:07","slug":"flotal-e","status":"publish","type":"page","link":"https:\/\/poyrazcam.com.tr\/en\/flotal-e\/","title":{"rendered":"Flotal E"},"content":{"rendered":"<div data-elementor-type=\"wp-page\" data-elementor-id=\"3197\" class=\"elementor elementor-3197\">\n\t\t\t\t<div class=\"elementor-element elementor-element-1b6161c e-con-full animated-slow e-flex elementor-invisible e-con e-parent\" data-id=\"1b6161c\" data-element_type=\"container\" data-settings=\"{&quot;background_background&quot;:&quot;classic&quot;,&quot;animation&quot;:&quot;fadeInLeft&quot;,&quot;animation_delay&quot;:300}\">\n\t\t\t\t<\/div>\n\t\t<div class=\"elementor-element elementor-element-a287a68 e-flex e-con-boxed e-con e-parent\" data-id=\"a287a68\" data-element_type=\"container\">\n\t\t\t\t\t<div class=\"e-con-inner\">\n\t\t\t\t<div class=\"elementor-element elementor-element-d2f1276 elementor-widget elementor-widget-heading\" data-id=\"d2f1276\" data-element_type=\"widget\" data-widget_type=\"heading.default\">\n\t\t\t\t<div class=\"elementor-widget-container\">\n\t\t\t\t\t<h2 class=\"elementor-heading-title elementor-size-default\">Flotal E<\/h2>\t\t\t\t<\/div>\n\t\t\t\t<\/div>\n\t\t<div class=\"elementor-element elementor-element-bc29896 e-con-full e-flex e-con e-child\" data-id=\"bc29896\" data-element_type=\"container\">\n\t\t\t\t<div class=\"elementor-element elementor-element-8df3db7 elementor-widget__width-inherit elementor-widget elementor-widget-image\" data-id=\"8df3db7\" data-element_type=\"widget\" data-widget_type=\"image.default\">\n\t\t\t\t<div class=\"elementor-widget-container\">\n\t\t\t\t\t\t\t\t\t\t\t\t\t\t\t<img fetchpriority=\"high\" decoding=\"async\" width=\"816\" height=\"374\" src=\"https:\/\/poyrazcam.com.tr\/wp-content\/uploads\/2025\/09\/flotal-e.webp\" class=\"attachment-2048x2048 size-2048x2048 wp-image-3516\" alt=\"flotal e\" srcset=\"https:\/\/poyrazcam.com.tr\/wp-content\/uploads\/2025\/09\/flotal-e.webp 816w, https:\/\/poyrazcam.com.tr\/wp-content\/uploads\/2025\/09\/flotal-e-300x138.webp 300w, https:\/\/poyrazcam.com.tr\/wp-content\/uploads\/2025\/09\/flotal-e-768x352.webp 768w\" sizes=\"(max-width: 816px) 100vw, 816px\" title=\"Flotal E\">\t\t\t\t\t\t\t\t\t\t\t\t\t\t\t<\/div>\n\t\t\t\t<\/div>\n\t\t\t\t<\/div>\n\t\t\t\t<div class=\"elementor-element elementor-element-8f81261 animated-slow elementor-widget elementor-widget-eael-adv-tabs\" data-id=\"8f81261\" data-element_type=\"widget\" data-settings=\"{&quot;_animation&quot;:&quot;none&quot;,&quot;_animation_delay&quot;:300}\" data-widget_type=\"eael-adv-tabs.default\">\n\t\t\t\t<div class=\"elementor-widget-container\">\n\t\t\t\t\t        <div data-scroll-on-click=\"\" data-scroll-speed=\"300\" id=\"eael-advance-tabs-8f81261\" class=\"eael-advance-tabs eael-tabs-vertical eael-tab-auto-active  active-caret-on\" data-tabid=\"8f81261\">\n            <div class=\"eael-tabs-nav\">\n                <ul class=\"\" role=\"tablist\">\n                                            <li id=\"rn-aklamas\" class=\"active-default eael-tab-item-trigger eael-tab-nav-item\" aria-selected=\"true\" data-tab=\"1\" role=\"tab\" tabindex=\"0\" aria-controls=\"rn-aklamas-tab\" aria-expanded=\"false\">\n                            \n                            \n                            \n                                                            <span class=\"eael-tab-title title-after-icon\" >Product Description<\/span>                                                    <\/li>\n                                            <li id=\"kullanm-avantajlar\" class=\"inactive eael-tab-item-trigger eael-tab-nav-item\" aria-selected=\"false\" data-tab=\"2\" role=\"tab\" tabindex=\"-1\" aria-controls=\"kullanm-avantajlar-tab\" aria-expanded=\"false\">\n                            \n                            \n                            \n                                                            <span class=\"eael-tab-title title-after-icon\" >Usage Advantages<\/span>                                                    <\/li>\n                                            <li id=\"kullanm-alanlar\" class=\"inactive eael-tab-item-trigger eael-tab-nav-item\" aria-selected=\"false\" data-tab=\"3\" role=\"tab\" tabindex=\"-1\" aria-controls=\"kullanm-alanlar-tab\" aria-expanded=\"false\">\n                            \n                            \n                            \n                                                            <span class=\"eael-tab-title title-after-icon\" >Areas of Application<\/span>                                                    <\/li>\n                    \n                                  <\/ul>\n            <\/div>\n            \n            <div class=\"eael-tabs-content\">\n\t\t        \n                    <div id=\"rn-aklamas-tab\" class=\"clearfix eael-tab-content-item active-default\" data-title-link=\"rn-aklamas-tab\">\n\t\t\t\t        <p><strong>Poyraz Cam Flotal E Ekolojik Ayna<\/strong>, y\u00fcksek dayan\u0131m ve \u00e7evre dostu \u00fcretim s\u00fcreciyle \u00f6ne \u00e7\u0131kan modern bir aynad\u0131r. \u00dcretiminde bak\u0131r ve kur\u015fun i\u00e7ermeyen \u00f6zel kimyasal boyalar kullan\u0131l\u0131r. Y\u00fcksek kaliteli ham cam \u00fczerine yap\u0131lan <strong>parlatma ve g\u00fcm\u00fc\u015f kaplama i\u015flemleri<\/strong> ile m\u00fckemmel yans\u0131tma \u00f6zelli\u011fine sahip bir y\u00fczey elde edilir, ard\u0131ndan boya tabakalar\u0131 ile g\u00fcm\u00fc\u015f tabaka korunur. Flotal E \u00fcretim s\u00fcrecinde <strong>daha az kat\u0131 ve gaz at\u0131k<\/strong> olu\u015fur, bu sayede \u00e7evresel etkiler minimuma indirilir. \u00dcst koruyucu ya\u015f boya %100 kur\u015funsuz, ya\u015f astar boya ise %0,5\u2019den d\u00fc\u015f\u00fck kur\u015fun tuzu i\u00e7erecek \u015fekilde form\u00fcle edilmi\u015ftir. Dayan\u0131kl\u0131 yap\u0131s\u0131, y\u00fcksek yans\u0131tma performans\u0131 ve ekolojik \u00fcretim teknolojisi ile Flotal E, hem estetik hem de \u00e7evreye duyarl\u0131 projeler i\u00e7in ideal bir \u00e7\u00f6z\u00fcmd\u00fcr.<\/p>                    <\/div>\n\t\t        \n                    <div id=\"kullanm-avantajlar-tab\" class=\"clearfix eael-tab-content-item inactive\" data-title-link=\"kullanm-avantajlar-tab\">\n\t\t\t\t        <p class=\"translation-block\"><strong>Poyraz Glass Flotal E Ecological Mirror<\/strong> reflects light indoors, making spaces brighter and more spacious. It adds an aesthetic appearance by bringing new dimensions to narrow, irregular, and dim areas. With its reflective property, it enlarges and expands spaces while providing decorative solutions. <strong>Ecological Production:<\/strong> Environmentally friendly with its copper-free and lead-free structure. <strong>Durability:<\/strong> Offers superior resistance to high atmospheric humidity and corrosion. <strong>Optical Performance:<\/strong> Provides clear and bright images with high reflectivity. <strong>Aesthetic Contribution:<\/strong> Brings freshness, elegance, and a modern look to spaces. <strong>Color Options:<\/strong> Available in standard clear, as well as optional smoke, bronze, blue, and green tones.<\/p>                    <\/div>\n\t\t        \n                    <div id=\"kullanm-alanlar-tab\" class=\"clearfix eael-tab-content-item inactive\" data-title-link=\"kullanm-alanlar-tab\">\n\t\t\t\t        <p class=\"translation-block\"><strong>Poyraz Glass Flotal E Ecological Mirror<\/strong> is preferred in various interior applications thanks to its eco-friendly structure and high durability. With its high reflectivity, it adds aesthetics, spaciousness, and a modern look to spaces. <strong>Bathrooms and Kitchens:<\/strong> Provides long-lasting use with resistance to moisture and corrosion. <strong>Bedrooms and Living Areas:<\/strong> Makes narrow and dim spaces appear wider and more open. <strong>Stores, Sports, and Exhibition Halls:<\/strong> Enhances interiors with elegance, creating a modern atmosphere. <strong>Childcare Centers and Schools:<\/strong> Offers safe solutions with its copper-free and lead-free structure. Flotal E stands out as an eco-friendly and aesthetic choice, especially in all interior projects where a <strong>wider, higher, deeper, and brighter<\/strong> appearance is desired.<\/p>\n                    <\/div>\n\t\t                    <\/div>\n        <\/div>\n\t\t\t\t<\/div>\n\t\t\t\t<\/div>\n\t\t\t\t\t<\/div>\n\t\t\t\t<\/div>\n\t\t\t\t<\/div>","protected":false},"excerpt":{"rendered":"<p>Flotal E \u00dcr\u00fcn A\u00e7\u0131klamas\u0131 Kullan\u0131m Avantajlar\u0131 Kullan\u0131m Alanlar\u0131 Poyraz Cam Flotal E Ekolojik Ayna, y\u00fcksek dayan\u0131m ve \u00e7evre dostu \u00fcretim s\u00fcreciyle \u00f6ne \u00e7\u0131kan modern bir aynad\u0131r. \u00dcretiminde bak\u0131r ve kur\u015fun i\u00e7ermeyen \u00f6zel kimyasal boyalar kullan\u0131l\u0131r. Y\u00fcksek kaliteli ham cam \u00fczerine yap\u0131lan parlatma ve g\u00fcm\u00fc\u015f kaplama i\u015flemleri ile m\u00fckemmel yans\u0131tma \u00f6zelli\u011fine sahip bir y\u00fczey elde edilir, [&hellip;]<\/p>","protected":false},"author":1,"featured_media":0,"parent":0,"menu_order":0,"comment_status":"closed","ping_status":"closed","template":"","meta":{"_eb_attr":"","_uag_custom_page_level_css":"","site-sidebar-layout":"no-sidebar","site-content-layout":"page-builder","ast-site-content-layout":"default","site-content-style":"default","site-sidebar-style":"default","ast-global-header-display":"","ast-banner-title-visibility":"","ast-main-header-display":"","ast-hfb-above-header-display":"","ast-hfb-below-header-display":"","ast-hfb-mobile-header-display":"","site-post-title":"disabled","ast-breadcrumbs-content":"disabled","ast-featured-img":"disabled","footer-sml-layout":"","theme-transparent-header-meta":"enabled","adv-header-id-meta":"","stick-header-meta":"","header-above-stick-meta":"","header-main-stick-meta":"","header-below-stick-meta":"","astra-migrate-meta-layouts":"default","ast-page-background-enabled":"default","ast-page-background-meta":{"desktop":{"background-color":"var(--ast-global-color-4)","background-image":"","background-repeat":"repeat","background-position":"center center","background-size":"auto","background-attachment":"scroll","background-type":"","background-media":"","overlay-type":"","overlay-color":"","overlay-opacity":"","overlay-gradient":""},"tablet":{"background-color":"","background-image":"","background-repeat":"repeat","background-position":"center center","background-size":"auto","background-attachment":"scroll","background-type":"","background-media":"","overlay-type":"","overlay-color":"","overlay-opacity":"","overlay-gradient":""},"mobile":{"background-color":"","background-image":"","background-repeat":"repeat","background-position":"center center","background-size":"auto","background-attachment":"scroll","background-type":"","background-media":"","overlay-type":"","overlay-color":"","overlay-opacity":"","overlay-gradient":""}},"ast-content-background-meta":{"desktop":{"background-color":"var(--ast-global-color-5)","background-image":"","background-repeat":"repeat","background-position":"center center","background-size":"auto","background-attachment":"scroll","background-type":"","background-media":"","overlay-type":"","overlay-color":"","overlay-opacity":"","overlay-gradient":""},"tablet":{"background-color":"var(--ast-global-color-5)","background-image":"","background-repeat":"repeat","background-position":"center center","background-size":"auto","background-attachment":"scroll","background-type":"","background-media":"","overlay-type":"","overlay-color":"","overlay-opacity":"","overlay-gradient":""},"mobile":{"background-color":"var(--ast-global-color-5)","background-image":"","background-repeat":"repeat","background-position":"center center","background-size":"auto","background-attachment":"scroll","background-type":"","background-media":"","overlay-type":"","overlay-color":"","overlay-opacity":"","overlay-gradient":""}},"footnotes":""},"class_list":["post-3197","page","type-page","status-publish","hentry"],"uagb_featured_image_src":{"full":false,"thumbnail":false,"medium":false,"medium_large":false,"large":false,"1536x1536":false,"2048x2048":false,"trp-custom-language-flag":false},"uagb_author_info":{"display_name":"merttanilekinci@gmail.com","author_link":"https:\/\/poyrazcam.com.tr\/en\/author\/merttanilekinci@gmail.com\/"},"uagb_comment_info":0,"uagb_excerpt":"Flotal E \u00dcr\u00fcn A\u00e7\u0131klamas\u0131 Kullan\u0131m Avantajlar\u0131 Kullan\u0131m Alanlar\u0131 Poyraz Cam Flotal E Ekolojik Ayna, y\u00fcksek dayan\u0131m ve \u00e7evre dostu \u00fcretim s\u00fcreciyle \u00f6ne \u00e7\u0131kan modern bir aynad\u0131r. \u00dcretiminde bak\u0131r ve kur\u015fun i\u00e7ermeyen \u00f6zel kimyasal boyalar kullan\u0131l\u0131r. Y\u00fcksek kaliteli ham cam \u00fczerine yap\u0131lan parlatma ve g\u00fcm\u00fc\u015f kaplama i\u015flemleri ile m\u00fckemmel yans\u0131tma \u00f6zelli\u011fine sahip bir y\u00fczey elde edilir,&hellip;","_links":{"self":[{"href":"https:\/\/poyrazcam.com.tr\/en\/wp-json\/wp\/v2\/pages\/3197","targetHints":{"allow":["GET"]}}],"collection":[{"href":"https:\/\/poyrazcam.com.tr\/en\/wp-json\/wp\/v2\/pages"}],"about":[{"href":"https:\/\/poyrazcam.com.tr\/en\/wp-json\/wp\/v2\/types\/page"}],"author":[{"embeddable":true,"href":"https:\/\/poyrazcam.com.tr\/en\/wp-json\/wp\/v2\/users\/1"}],"replies":[{"embeddable":true,"href":"https:\/\/poyrazcam.com.tr\/en\/wp-json\/wp\/v2\/comments?post=3197"}],"version-history":[{"count":16,"href":"https:\/\/poyrazcam.com.tr\/en\/wp-json\/wp\/v2\/pages\/3197\/revisions"}],"predecessor-version":[{"id":3706,"href":"https:\/\/poyrazcam.com.tr\/en\/wp-json\/wp\/v2\/pages\/3197\/revisions\/3706"}],"wp:attachment":[{"href":"https:\/\/poyrazcam.com.tr\/en\/wp-json\/wp\/v2\/media?parent=3197"}],"curies":[{"name":"wp","href":"https:\/\/api.w.org\/{rel}","templated":true}]}}