{"id":3240,"date":"2025-09-06T19:00:04","date_gmt":"2025-09-06T19:00:04","guid":{"rendered":"https:\/\/poyrazcam.com.tr\/?page_id=3240"},"modified":"2025-09-08T13:59:58","modified_gmt":"2025-09-08T13:59:58","slug":"akustik-lamine","status":"publish","type":"page","link":"https:\/\/poyrazcam.com.tr\/en\/akustik-lamine\/","title":{"rendered":"Acouistic Laminated Glass"},"content":{"rendered":"<div data-elementor-type=\"wp-page\" data-elementor-id=\"3240\" class=\"elementor elementor-3240\">\n\t\t\t\t<div class=\"elementor-element elementor-element-1b6161c e-con-full animated-slow e-flex elementor-invisible e-con e-parent\" data-id=\"1b6161c\" data-element_type=\"container\" data-settings=\"{&quot;background_background&quot;:&quot;classic&quot;,&quot;animation&quot;:&quot;fadeInLeft&quot;,&quot;animation_delay&quot;:300}\">\n\t\t\t\t<\/div>\n\t\t<div class=\"elementor-element elementor-element-a287a68 e-flex e-con-boxed e-con e-parent\" data-id=\"a287a68\" data-element_type=\"container\">\n\t\t\t\t\t<div class=\"e-con-inner\">\n\t\t\t\t<div class=\"elementor-element elementor-element-d2f1276 elementor-widget elementor-widget-heading\" data-id=\"d2f1276\" data-element_type=\"widget\" data-widget_type=\"heading.default\">\n\t\t\t\t<div class=\"elementor-widget-container\">\n\t\t\t\t\t<h2 class=\"elementor-heading-title elementor-size-default\">Acouistic Laminated Glass<\/h2>\t\t\t\t<\/div>\n\t\t\t\t<\/div>\n\t\t<div class=\"elementor-element elementor-element-d734c2f e-con-full e-flex e-con e-child\" data-id=\"d734c2f\" data-element_type=\"container\">\n\t\t\t\t<div class=\"elementor-element elementor-element-1facca8 elementor-widget__width-inherit elementor-widget elementor-widget-image\" data-id=\"1facca8\" data-element_type=\"widget\" data-widget_type=\"image.default\">\n\t\t\t\t<div class=\"elementor-widget-container\">\n\t\t\t\t\t\t\t\t\t\t\t\t\t\t\t<img fetchpriority=\"high\" decoding=\"async\" width=\"1536\" height=\"1024\" src=\"https:\/\/poyrazcam.com.tr\/wp-content\/uploads\/2025\/09\/akustik-lamine.webp\" class=\"attachment-2048x2048 size-2048x2048 wp-image-3512\" alt=\"akustik lamine\" srcset=\"https:\/\/poyrazcam.com.tr\/wp-content\/uploads\/2025\/09\/akustik-lamine.webp 1536w, https:\/\/poyrazcam.com.tr\/wp-content\/uploads\/2025\/09\/akustik-lamine-300x200.webp 300w, https:\/\/poyrazcam.com.tr\/wp-content\/uploads\/2025\/09\/akustik-lamine-1024x683.webp 1024w, https:\/\/poyrazcam.com.tr\/wp-content\/uploads\/2025\/09\/akustik-lamine-768x512.webp 768w\" sizes=\"(max-width: 1536px) 100vw, 1536px\" title=\"Acouistic Laminated Glass\">\t\t\t\t\t\t\t\t\t\t\t\t\t\t\t<\/div>\n\t\t\t\t<\/div>\n\t\t\t\t<\/div>\n\t\t\t\t<div class=\"elementor-element elementor-element-8f81261 animated-slow elementor-widget elementor-widget-eael-adv-tabs\" data-id=\"8f81261\" data-element_type=\"widget\" data-settings=\"{&quot;_animation&quot;:&quot;none&quot;,&quot;_animation_delay&quot;:300}\" data-widget_type=\"eael-adv-tabs.default\">\n\t\t\t\t<div class=\"elementor-widget-container\">\n\t\t\t\t\t        <div data-scroll-on-click=\"\" data-scroll-speed=\"300\" id=\"eael-advance-tabs-8f81261\" class=\"eael-advance-tabs eael-tabs-vertical eael-tab-auto-active  active-caret-on\" data-tabid=\"8f81261\">\n            <div class=\"eael-tabs-nav\">\n                <ul class=\"\" role=\"tablist\">\n                                            <li id=\"rn-aklamas\" class=\"active-default eael-tab-item-trigger eael-tab-nav-item\" aria-selected=\"true\" data-tab=\"1\" role=\"tab\" tabindex=\"0\" aria-controls=\"rn-aklamas-tab\" aria-expanded=\"false\">\n                            \n                            \n                            \n                                                            <span class=\"eael-tab-title title-after-icon\" >Product Description<\/span>                                                    <\/li>\n                                            <li id=\"kullanm-avantajlar\" class=\"inactive eael-tab-item-trigger eael-tab-nav-item\" aria-selected=\"false\" data-tab=\"2\" role=\"tab\" tabindex=\"-1\" aria-controls=\"kullanm-avantajlar-tab\" aria-expanded=\"false\">\n                            \n                            \n                            \n                                                            <span class=\"eael-tab-title title-after-icon\" >Usage Advantages<\/span>                                                    <\/li>\n                                            <li id=\"kullanm-alanlar\" class=\"inactive eael-tab-item-trigger eael-tab-nav-item\" aria-selected=\"false\" data-tab=\"3\" role=\"tab\" tabindex=\"-1\" aria-controls=\"kullanm-alanlar-tab\" aria-expanded=\"false\">\n                            \n                            \n                            \n                                                            <span class=\"eael-tab-title title-after-icon\" >Areas of Application<\/span>                                                    <\/li>\n                    \n                                  <\/ul>\n            <\/div>\n            \n            <div class=\"eael-tabs-content\">\n\t\t        \n                    <div id=\"rn-aklamas-tab\" class=\"clearfix eael-tab-content-item active-default\" data-title-link=\"rn-aklamas-tab\">\n\t\t\t\t        <p><strong data-start=\"0\" data-end=\"33\" data-is-only-node=\"\">Poyraz Cam Akustik Lamine Cam<\/strong>, iki veya daha fazla cam plakas\u0131n\u0131n aras\u0131na ses yal\u0131t\u0131m\u0131 sa\u011flayan \u00f6zel akustik PVB tabakalar\u0131n\u0131n yerle\u015ftirilip \u0131s\u0131 ve bas\u0131n\u00e7 alt\u0131nda kal\u0131c\u0131 olarak birle\u015ftirilmesiyle \u00fcretilir. Akustik PVB, ses titre\u015fimlerini s\u00f6n\u00fcmleyerek kar\u015f\u0131 tarafa daha az ses ge\u00e7i\u015fi sa\u011flar ve g\u00fcr\u00fclt\u00fcy\u00fc 10 dB\u2019ye kadar (%50) azaltabilir. Bu \u00f6zelli\u011fiyle konut, ofis, e\u011fitim ve sa\u011fl\u0131k yap\u0131lar\u0131nda konforlu ya\u015fam ve \u00e7al\u0131\u015fma ortamlar\u0131 sunar. D\u0131\u015f g\u00fcr\u00fclt\u00fcy\u00fc azaltman\u0131n yan\u0131 s\u0131ra mahremiyet avantaj\u0131 da sa\u011flayan Poyraz Cam Akustik Lamine Cam, modern mimarinin vazge\u00e7ilmez \u00e7\u00f6z\u00fcmlerinden biridir.<\/p>                    <\/div>\n\t\t        \n                    <div id=\"kullanm-avantajlar-tab\" class=\"clearfix eael-tab-content-item inactive\" data-title-link=\"kullanm-avantajlar-tab\">\n\t\t\t\t        <p><strong data-start=\"0\" data-end=\"33\" data-is-only-node=\"\">Poyraz Cam Akustik Lamine Cam<\/strong>, d\u0131\u015f ortam g\u00fcr\u00fclt\u00fcs\u00fcn\u00fc azaltarak i\u00e7 mek\u00e2nlarda sakin ve konforlu alanlar olu\u015fturur, g\u00fcr\u00fclt\u00fcn\u00fcn insan sa\u011fl\u0131\u011f\u0131 \u00fczerindeki olumsuz etkilerini en aza indirir. Cama \u00e7arpma kaynakl\u0131 kazalarda yaralanma riskini d\u00fc\u015f\u00fcr\u00fcrken, darbelere kar\u015f\u0131 y\u00fcksek g\u00fcvenlik sa\u011flayarak h\u0131rs\u0131zl\u0131k giri\u015fimlerini geciktirir. UV \u0131\u015f\u0131nlar\u0131n\u0131n %97\u201399\u2019unu engelleyerek e\u015fyalar\u0131n solmas\u0131n\u0131 \u00f6nler. Is\u0131cam \u00fcnitelerinde kullan\u0131ld\u0131\u011f\u0131nda emniyet, g\u00fcvenlik, etkin g\u00fcr\u00fclt\u00fc kontrol\u00fc ve \u0131s\u0131 yal\u0131t\u0131m\u0131n\u0131 bir arada sunar. Low-E kaplamal\u0131 akustik lamine cam se\u00e7enekleriyle enerji tasarrufu ve verimli \u0131s\u0131 kontrol\u00fc sa\u011flar.<\/p>                    <\/div>\n\t\t        \n                    <div id=\"kullanm-alanlar-tab\" class=\"clearfix eael-tab-content-item inactive\" data-title-link=\"kullanm-alanlar-tab\">\n\t\t\t\t        <p class=\"translation-block\"><strong>Poyraz Glass Acoustic Laminated Glass<\/strong> is used in areas exposed to heavy traffic, aircraft, and train noise, as well as along highways to reduce vehicle and horn sounds. It provides effective sound insulation in high-noise environments such as event and concert venues, meeting rooms, and interpreter booths. In office partitions, it creates quiet and efficient working spaces, while in factories and industrial facilities, it is preferred for noise control. It also meets the high sound insulation needs of airport buildings, ensuring comfortable spaces.<\/p>                    <\/div>\n\t\t                    <\/div>\n        <\/div>\n\t\t\t\t<\/div>\n\t\t\t\t<\/div>\n\t\t\t\t\t<\/div>\n\t\t\t\t<\/div>\n\t\t\t\t<\/div>","protected":false},"excerpt":{"rendered":"<p>Akustik Lamine \u00dcr\u00fcn A\u00e7\u0131klamas\u0131 Kullan\u0131m Avantajlar\u0131 Kullan\u0131m Alanlar\u0131 Poyraz Cam Akustik Lamine Cam, iki veya daha fazla cam plakas\u0131n\u0131n aras\u0131na ses yal\u0131t\u0131m\u0131 sa\u011flayan \u00f6zel akustik PVB tabakalar\u0131n\u0131n yerle\u015ftirilip \u0131s\u0131 ve bas\u0131n\u00e7 alt\u0131nda kal\u0131c\u0131 olarak birle\u015ftirilmesiyle \u00fcretilir. Akustik PVB, ses titre\u015fimlerini s\u00f6n\u00fcmleyerek kar\u015f\u0131 tarafa daha az ses ge\u00e7i\u015fi sa\u011flar ve g\u00fcr\u00fclt\u00fcy\u00fc 10 dB\u2019ye kadar (%50) azaltabilir. [&hellip;]<\/p>","protected":false},"author":1,"featured_media":0,"parent":0,"menu_order":0,"comment_status":"closed","ping_status":"closed","template":"","meta":{"_eb_attr":"","_uag_custom_page_level_css":"","site-sidebar-layout":"no-sidebar","site-content-layout":"page-builder","ast-site-content-layout":"full-width-container","site-content-style":"unboxed","site-sidebar-style":"unboxed","ast-global-header-display":"","ast-banner-title-visibility":"","ast-main-header-display":"","ast-hfb-above-header-display":"","ast-hfb-below-header-display":"","ast-hfb-mobile-header-display":"","site-post-title":"disabled","ast-breadcrumbs-content":"disabled","ast-featured-img":"disabled","footer-sml-layout":"","theme-transparent-header-meta":"enabled","adv-header-id-meta":"","stick-header-meta":"","header-above-stick-meta":"","header-main-stick-meta":"","header-below-stick-meta":"","astra-migrate-meta-layouts":"set","ast-page-background-enabled":"default","ast-page-background-meta":{"desktop":{"background-color":"var(--ast-global-color-4)","background-image":"","background-repeat":"repeat","background-position":"center center","background-size":"auto","background-attachment":"scroll","background-type":"","background-media":"","overlay-type":"","overlay-color":"","overlay-opacity":"","overlay-gradient":""},"tablet":{"background-color":"","background-image":"","background-repeat":"repeat","background-position":"center center","background-size":"auto","background-attachment":"scroll","background-type":"","background-media":"","overlay-type":"","overlay-color":"","overlay-opacity":"","overlay-gradient":""},"mobile":{"background-color":"","background-image":"","background-repeat":"repeat","background-position":"center center","background-size":"auto","background-attachment":"scroll","background-type":"","background-media":"","overlay-type":"","overlay-color":"","overlay-opacity":"","overlay-gradient":""}},"ast-content-background-meta":{"desktop":{"background-color":"var(--ast-global-color-5)","background-image":"","background-repeat":"repeat","background-position":"center center","background-size":"auto","background-attachment":"scroll","background-type":"","background-media":"","overlay-type":"","overlay-color":"","overlay-opacity":"","overlay-gradient":""},"tablet":{"background-color":"var(--ast-global-color-5)","background-image":"","background-repeat":"repeat","background-position":"center center","background-size":"auto","background-attachment":"scroll","background-type":"","background-media":"","overlay-type":"","overlay-color":"","overlay-opacity":"","overlay-gradient":""},"mobile":{"background-color":"var(--ast-global-color-5)","background-image":"","background-repeat":"repeat","background-position":"center center","background-size":"auto","background-attachment":"scroll","background-type":"","background-media":"","overlay-type":"","overlay-color":"","overlay-opacity":"","overlay-gradient":""}},"footnotes":""},"class_list":["post-3240","page","type-page","status-publish","hentry"],"uagb_featured_image_src":{"full":false,"thumbnail":false,"medium":false,"medium_large":false,"large":false,"1536x1536":false,"2048x2048":false,"trp-custom-language-flag":false},"uagb_author_info":{"display_name":"merttanilekinci@gmail.com","author_link":"https:\/\/poyrazcam.com.tr\/en\/author\/merttanilekinci@gmail.com\/"},"uagb_comment_info":0,"uagb_excerpt":"Akustik Lamine \u00dcr\u00fcn A\u00e7\u0131klamas\u0131 Kullan\u0131m Avantajlar\u0131 Kullan\u0131m Alanlar\u0131 Poyraz Cam Akustik Lamine Cam, iki veya daha fazla cam plakas\u0131n\u0131n aras\u0131na ses yal\u0131t\u0131m\u0131 sa\u011flayan \u00f6zel akustik PVB tabakalar\u0131n\u0131n yerle\u015ftirilip \u0131s\u0131 ve bas\u0131n\u00e7 alt\u0131nda kal\u0131c\u0131 olarak birle\u015ftirilmesiyle \u00fcretilir. Akustik PVB, ses titre\u015fimlerini s\u00f6n\u00fcmleyerek kar\u015f\u0131 tarafa daha az ses ge\u00e7i\u015fi sa\u011flar ve g\u00fcr\u00fclt\u00fcy\u00fc 10 dB\u2019ye kadar (%50) azaltabilir.&hellip;","_links":{"self":[{"href":"https:\/\/poyrazcam.com.tr\/en\/wp-json\/wp\/v2\/pages\/3240","targetHints":{"allow":["GET"]}}],"collection":[{"href":"https:\/\/poyrazcam.com.tr\/en\/wp-json\/wp\/v2\/pages"}],"about":[{"href":"https:\/\/poyrazcam.com.tr\/en\/wp-json\/wp\/v2\/types\/page"}],"author":[{"embeddable":true,"href":"https:\/\/poyrazcam.com.tr\/en\/wp-json\/wp\/v2\/users\/1"}],"replies":[{"embeddable":true,"href":"https:\/\/poyrazcam.com.tr\/en\/wp-json\/wp\/v2\/comments?post=3240"}],"version-history":[{"count":14,"href":"https:\/\/poyrazcam.com.tr\/en\/wp-json\/wp\/v2\/pages\/3240\/revisions"}],"predecessor-version":[{"id":3749,"href":"https:\/\/poyrazcam.com.tr\/en\/wp-json\/wp\/v2\/pages\/3240\/revisions\/3749"}],"wp:attachment":[{"href":"https:\/\/poyrazcam.com.tr\/en\/wp-json\/wp\/v2\/media?parent=3240"}],"curies":[{"name":"wp","href":"https:\/\/api.w.org\/{rel}","templated":true}]}}