{"id":3331,"date":"2025-09-07T17:02:47","date_gmt":"2025-09-07T17:02:47","guid":{"rendered":"https:\/\/poyrazcam.com.tr\/?page_id=3331"},"modified":"2025-09-08T10:38:35","modified_gmt":"2025-09-08T10:38:35","slug":"hizmetlerimiz","status":"publish","type":"page","link":"https:\/\/poyrazcam.com.tr\/en\/hizmetlerimiz\/","title":{"rendered":"Our Services"},"content":{"rendered":"<div data-elementor-type=\"wp-page\" data-elementor-id=\"3331\" class=\"elementor elementor-3331\">\n\t\t\t\t<div class=\"elementor-element elementor-element-1b6161c animated-slow e-flex e-con-boxed elementor-invisible e-con e-parent\" data-id=\"1b6161c\" data-element_type=\"container\" data-settings=\"{&quot;background_background&quot;:&quot;classic&quot;,&quot;animation&quot;:&quot;fadeInLeft&quot;,&quot;animation_delay&quot;:300}\">\n\t\t\t\t\t<div class=\"e-con-inner\">\n\t\t<div class=\"elementor-element elementor-element-a621323 e-con-full e-flex e-con e-child\" data-id=\"a621323\" data-element_type=\"container\">\n\t\t\t\t<div class=\"elementor-element elementor-element-2ff45f2 elementor-widget elementor-widget-heading\" data-id=\"2ff45f2\" data-element_type=\"widget\" data-widget_type=\"heading.default\">\n\t\t\t\t<div class=\"elementor-widget-container\">\n\t\t\t\t\t<h1 class=\"elementor-heading-title elementor-size-default\">Our Services<\/h1>\t\t\t\t<\/div>\n\t\t\t\t<\/div>\n\t\t\t\t<\/div>\n\t\t\t\t\t<\/div>\n\t\t\t\t<\/div>\n\t\t<div class=\"elementor-element elementor-element-6341013 animated-slow e-flex e-con-boxed e-con e-parent\" data-id=\"6341013\" data-element_type=\"container\" data-settings=\"{&quot;animation&quot;:&quot;none&quot;,&quot;animation_mobile&quot;:&quot;none&quot;,&quot;animation_delay&quot;:200}\">\n\t\t\t\t\t<div class=\"e-con-inner\">\n\t\t<div class=\"elementor-element elementor-element-a52b002 e-con-full e-flex e-con e-child\" data-id=\"a52b002\" data-element_type=\"container\">\n\t\t\t\t<div class=\"elementor-element elementor-element-c60c9a0 elementor-widget elementor-widget-heading\" data-id=\"c60c9a0\" data-element_type=\"widget\" data-widget_type=\"heading.default\">\n\t\t\t\t<div class=\"elementor-widget-container\">\n\t\t\t\t\t<h2 class=\"elementor-heading-title elementor-size-default\">Edge Processing<\/h2>\t\t\t\t<\/div>\n\t\t\t\t<\/div>\n\t\t\t\t<\/div>\n\t\t<div class=\"elementor-element elementor-element-eaae9f1 e-con-full animated-slow e-flex e-con e-child\" data-id=\"eaae9f1\" data-element_type=\"container\" data-settings=\"{&quot;background_background&quot;:&quot;classic&quot;,&quot;animation&quot;:&quot;none&quot;,&quot;animation_delay&quot;:300}\">\n\t\t<div class=\"elementor-element elementor-element-23ed921 e-con-full e-flex e-con e-child\" data-id=\"23ed921\" data-element_type=\"container\">\n\t\t\t\t\t\t\t<div data-eael_opacity=\"{&quot;opacity&quot;:0.8}\" data-eael_scale_effect=\"{&quot;scale_x&quot;:1.05,&quot;scale_y&quot;:1.05}\" data-eael_duration=\"{&quot;transitionDuration&quot;:500}\" data-eael_delay=\"{&quot;transitionDelay&quot;:100}\" data-eael_easing=\"{&quot;transitionEasing&quot;:&quot;ease-out&quot;}\" data-eael_hover_duration=\"{&quot;transitionDuration&quot;:1000}\" data-eael_hover_easing=\"{&quot;transitionEasing&quot;:&quot;ease&quot;}\" class=\"eael_hover_effect elementor-element elementor-element-5ba9472 elementor-widget__width-inherit animated-slow elementor-invisible elementor-widget elementor-widget-image\" data-id=\"5ba9472\" data-element_type=\"widget\" data-settings=\"{&quot;eael_hover_effect_transform_popover&quot;:&quot;yes&quot;,&quot;eael_hover_effect_general_settings_easing&quot;:&quot;ease-out&quot;,&quot;_animation&quot;:&quot;fadeIn&quot;,&quot;_animation_delay&quot;:200,&quot;eael_hover_effect_general_settings_hover_easing&quot;:&quot;ease&quot;}\" data-widget_type=\"image.default\">\n\t\t\t\t<div class=\"elementor-widget-container\">\n\t\t\t\t\t\t\t\t\t\t\t\t\t\t\t<img fetchpriority=\"high\" decoding=\"async\" width=\"1024\" height=\"1024\" src=\"https:\/\/poyrazcam.com.tr\/wp-content\/uploads\/2025\/09\/rodaj-hizmeet.webp\" class=\"attachment-2048x2048 size-2048x2048 wp-image-3625\" alt=\"rodaj hizmeet\" srcset=\"https:\/\/poyrazcam.com.tr\/wp-content\/uploads\/2025\/09\/rodaj-hizmeet.webp 1024w, https:\/\/poyrazcam.com.tr\/wp-content\/uploads\/2025\/09\/rodaj-hizmeet-300x300.webp 300w, https:\/\/poyrazcam.com.tr\/wp-content\/uploads\/2025\/09\/rodaj-hizmeet-150x150.webp 150w, https:\/\/poyrazcam.com.tr\/wp-content\/uploads\/2025\/09\/rodaj-hizmeet-768x768.webp 768w\" sizes=\"(max-width: 1024px) 100vw, 1024px\" title=\"Our Services\">\t\t\t\t\t\t\t\t\t\t\t\t\t\t\t<\/div>\n\t\t\t\t<\/div>\n\t\t\t\t<\/div>\n\t\t<div class=\"elementor-element elementor-element-84b86df e-con-full e-flex e-con e-child\" data-id=\"84b86df\" data-element_type=\"container\">\n\t\t\t\t<div class=\"elementor-element elementor-element-35fdbfd elementor-widget elementor-widget-heading\" data-id=\"35fdbfd\" data-element_type=\"widget\" data-widget_type=\"heading.default\">\n\t\t\t\t<div class=\"elementor-widget-container\">\n\t\t\t\t\t<h3 class=\"elementor-heading-title elementor-size-default\">Running In<\/h3>\t\t\t\t<\/div>\n\t\t\t\t<\/div>\n\t\t\t\t<div class=\"elementor-element elementor-element-edbdf52 elementor-widget elementor-widget-text-editor\" data-id=\"edbdf52\" data-element_type=\"widget\" data-widget_type=\"text-editor.default\">\n\t\t\t\t<div class=\"elementor-widget-container\">\n\t\t\t\t\t\t\t\t\t\n<div>\n  \n  <p style=\"line-height:1.6;margin-bottom:10px\" class=\"translation-block\">Edge finishing: the process of eliminating sharpness from glass edges and corners while polishing the surface. According to application needs, the following edge finishing types are preferred:<\/p>\n  <ul style=\"margin-left:15px;line-height:1.6;margin-bottom:15px\">\n    <li class=\"translation-block\">Flat Polishing: The edge is smoothed, and a straight-line finish is applied.<\/li>\n    <li class=\"translation-block\"><strong>Beveled Edge Grinding (90\u00b0 \/ 45\u00b0):<\/strong> The edge is cut at specific angles to create a smooth and decorative transition.<\/li>\n    <li class=\"translation-block\"><strong>C Edge Grinding (Bullnose):<\/strong> A curved polish that offers comfort and aesthetics in areas with frequent hand contact.<\/li>\n    <li class=\"translation-block\"><strong>Profile Edge Grinding:<\/strong> Applied in <em>graduated<\/em> or specially shaped forms according to specific requirements.<\/li>\n  <\/ul>\n\n  <h6 style=\"color:#0a4297;margin-bottom:10px\">Areas of Application<\/h6>\n  <ul style=\"margin-left:15px;line-height:1.6\">\n    <li>Interior and exterior decoration applications<\/li>\n    <li>Glass surfaces used in furniture and mirror production<\/li>\n    <li>Staircase and balcony railing systems<\/li>\n    <li>Architectural and decorative glass components designed to showcase visible edges with refined detail<\/li>\n  <\/ul>\n<\/div>\n\t\t\t\t\t\t\t\t<\/div>\n\t\t\t\t<\/div>\n\t\t\t\t<\/div>\n\t\t\t\t<\/div>\n\t\t\t\t\t<\/div>\n\t\t\t\t<\/div>\n\t\t<div class=\"elementor-element elementor-element-ab07652 animated-slow e-flex e-con-boxed e-con e-parent\" data-id=\"ab07652\" data-element_type=\"container\" data-settings=\"{&quot;animation&quot;:&quot;none&quot;,&quot;animation_mobile&quot;:&quot;none&quot;,&quot;animation_delay&quot;:200}\">\n\t\t\t\t\t<div class=\"e-con-inner\">\n\t\t<div class=\"elementor-element elementor-element-3029a2e e-con-full animated-slow e-flex e-con e-child\" data-id=\"3029a2e\" data-element_type=\"container\" data-settings=\"{&quot;background_background&quot;:&quot;classic&quot;,&quot;animation&quot;:&quot;none&quot;,&quot;animation_delay&quot;:300}\">\n\t\t<div class=\"elementor-element elementor-element-d8a6410 e-con-full e-flex e-con e-child\" data-id=\"d8a6410\" data-element_type=\"container\">\n\t\t\t\t\t\t\t<div data-eael_opacity=\"{&quot;opacity&quot;:0.8}\" data-eael_scale_effect=\"{&quot;scale_x&quot;:1.05,&quot;scale_y&quot;:1.05}\" data-eael_duration=\"{&quot;transitionDuration&quot;:500}\" data-eael_delay=\"{&quot;transitionDelay&quot;:100}\" data-eael_easing=\"{&quot;transitionEasing&quot;:&quot;ease-out&quot;}\" data-eael_hover_duration=\"{&quot;transitionDuration&quot;:1000}\" data-eael_hover_easing=\"{&quot;transitionEasing&quot;:&quot;ease&quot;}\" class=\"eael_hover_effect elementor-element elementor-element-2ff3212 elementor-widget__width-inherit animated-slow elementor-invisible elementor-widget elementor-widget-image\" data-id=\"2ff3212\" data-element_type=\"widget\" data-settings=\"{&quot;eael_hover_effect_transform_popover&quot;:&quot;yes&quot;,&quot;eael_hover_effect_general_settings_easing&quot;:&quot;ease-out&quot;,&quot;_animation&quot;:&quot;fadeIn&quot;,&quot;_animation_delay&quot;:200,&quot;eael_hover_effect_general_settings_hover_easing&quot;:&quot;ease&quot;}\" data-widget_type=\"image.default\">\n\t\t\t\t<div class=\"elementor-widget-container\">\n\t\t\t\t\t\t\t\t\t\t\t\t\t\t\t<img decoding=\"async\" width=\"1024\" height=\"1024\" src=\"https:\/\/poyrazcam.com.tr\/wp-content\/uploads\/2025\/09\/kenar-isleme-delik.webp\" class=\"attachment-2048x2048 size-2048x2048 wp-image-3520\" alt=\"kenar isleme delik\" srcset=\"https:\/\/poyrazcam.com.tr\/wp-content\/uploads\/2025\/09\/kenar-isleme-delik.webp 1024w, https:\/\/poyrazcam.com.tr\/wp-content\/uploads\/2025\/09\/kenar-isleme-delik-300x300.webp 300w, https:\/\/poyrazcam.com.tr\/wp-content\/uploads\/2025\/09\/kenar-isleme-delik-150x150.webp 150w, https:\/\/poyrazcam.com.tr\/wp-content\/uploads\/2025\/09\/kenar-isleme-delik-768x768.webp 768w\" sizes=\"(max-width: 1024px) 100vw, 1024px\" title=\"Our Services\">\t\t\t\t\t\t\t\t\t\t\t\t\t\t\t<\/div>\n\t\t\t\t<\/div>\n\t\t\t\t<\/div>\n\t\t<div class=\"elementor-element elementor-element-a72db67 e-con-full e-flex e-con e-child\" data-id=\"a72db67\" data-element_type=\"container\">\n\t\t\t\t<div class=\"elementor-element elementor-element-5200a38 elementor-widget elementor-widget-heading\" data-id=\"5200a38\" data-element_type=\"widget\" data-widget_type=\"heading.default\">\n\t\t\t\t<div class=\"elementor-widget-container\">\n\t\t\t\t\t<h3 class=\"elementor-heading-title elementor-size-default\">Hole<\/h3>\t\t\t\t<\/div>\n\t\t\t\t<\/div>\n\t\t\t\t<div class=\"elementor-element elementor-element-cf6077b elementor-widget elementor-widget-text-editor\" data-id=\"cf6077b\" data-element_type=\"widget\" data-widget_type=\"text-editor.default\">\n\t\t\t\t<div class=\"elementor-widget-container\">\n\t\t\t\t\t\t\t\t\t<div>\n  <p style=\"line-height:1.6;margin-bottom:10px\" class=\"translation-block\">Drilling: the process of perforating glass with specialized drill bits in the required diameters, either countersunk or non-countersunk, ensuring safe and precise openings for screws, handles, and fastening components.<\/p>\n\n  <h6 style=\"color:#0a4297;margin-bottom:10px\">Areas of Application<\/h6>\n  <ul style=\"margin-left:15px;line-height:1.6\">\n    <li>Glass doors<\/li>\n    <li>Glass panels<\/li>\n    <li>Screw and handle points of glass structural elements<\/li>\n  <\/ul>\n<\/div>\n\t\t\t\t\t\t\t\t<\/div>\n\t\t\t\t<\/div>\n\t\t\t\t<\/div>\n\t\t\t\t<\/div>\n\t\t\t\t\t<\/div>\n\t\t\t\t<\/div>\n\t\t<div class=\"elementor-element elementor-element-87cab2d animated-slow e-flex e-con-boxed e-con e-parent\" data-id=\"87cab2d\" data-element_type=\"container\" data-settings=\"{&quot;animation&quot;:&quot;none&quot;,&quot;animation_mobile&quot;:&quot;none&quot;,&quot;animation_delay&quot;:200}\">\n\t\t\t\t\t<div class=\"e-con-inner\">\n\t\t<div class=\"elementor-element elementor-element-4623744 e-con-full e-flex e-con e-child\" data-id=\"4623744\" data-element_type=\"container\">\n\t\t\t\t<div class=\"elementor-element elementor-element-d4c52e6 elementor-widget elementor-widget-heading\" data-id=\"d4c52e6\" data-element_type=\"widget\" data-widget_type=\"heading.default\">\n\t\t\t\t<div class=\"elementor-widget-container\">\n\t\t\t\t\t<h2 class=\"elementor-heading-title elementor-size-default\">Surface Treatment<\/h2>\t\t\t\t<\/div>\n\t\t\t\t<\/div>\n\t\t\t\t<\/div>\n\t\t<div class=\"elementor-element elementor-element-29a9e17 e-con-full animated-slow e-flex e-con e-child\" data-id=\"29a9e17\" data-element_type=\"container\" data-settings=\"{&quot;background_background&quot;:&quot;classic&quot;,&quot;animation&quot;:&quot;none&quot;,&quot;animation_delay&quot;:300}\">\n\t\t<div class=\"elementor-element elementor-element-dfa7cd9 e-con-full e-flex e-con e-child\" data-id=\"dfa7cd9\" data-element_type=\"container\">\n\t\t\t\t\t\t\t<div data-eael_opacity=\"{&quot;opacity&quot;:0.8}\" data-eael_scale_effect=\"{&quot;scale_x&quot;:1.05,&quot;scale_y&quot;:1.05}\" data-eael_duration=\"{&quot;transitionDuration&quot;:500}\" data-eael_delay=\"{&quot;transitionDelay&quot;:100}\" data-eael_easing=\"{&quot;transitionEasing&quot;:&quot;ease-out&quot;}\" data-eael_hover_duration=\"{&quot;transitionDuration&quot;:1000}\" data-eael_hover_easing=\"{&quot;transitionEasing&quot;:&quot;ease&quot;}\" class=\"eael_hover_effect elementor-element elementor-element-cabd3e7 elementor-widget__width-inherit animated-slow elementor-invisible elementor-widget elementor-widget-image\" data-id=\"cabd3e7\" data-element_type=\"widget\" data-settings=\"{&quot;eael_hover_effect_transform_popover&quot;:&quot;yes&quot;,&quot;eael_hover_effect_general_settings_easing&quot;:&quot;ease-out&quot;,&quot;_animation&quot;:&quot;fadeIn&quot;,&quot;_animation_delay&quot;:200,&quot;eael_hover_effect_general_settings_hover_easing&quot;:&quot;ease&quot;}\" data-widget_type=\"image.default\">\n\t\t\t\t<div class=\"elementor-widget-container\">\n\t\t\t\t\t\t\t\t\t\t\t\t\t\t\t<img decoding=\"async\" width=\"1024\" height=\"1024\" src=\"https:\/\/poyrazcam.com.tr\/wp-content\/uploads\/2025\/09\/emaye.webp\" class=\"attachment-2048x2048 size-2048x2048 wp-image-2752\" alt=\"emaye\" srcset=\"https:\/\/poyrazcam.com.tr\/wp-content\/uploads\/2025\/09\/emaye.webp 1024w, https:\/\/poyrazcam.com.tr\/wp-content\/uploads\/2025\/09\/emaye-300x300.webp 300w, https:\/\/poyrazcam.com.tr\/wp-content\/uploads\/2025\/09\/emaye-150x150.webp 150w, https:\/\/poyrazcam.com.tr\/wp-content\/uploads\/2025\/09\/emaye-768x768.webp 768w\" sizes=\"(max-width: 1024px) 100vw, 1024px\" title=\"Our Services\">\t\t\t\t\t\t\t\t\t\t\t\t\t\t\t<\/div>\n\t\t\t\t<\/div>\n\t\t\t\t<\/div>\n\t\t<div class=\"elementor-element elementor-element-b00a724 e-con-full e-flex e-con e-child\" data-id=\"b00a724\" data-element_type=\"container\">\n\t\t\t\t<div class=\"elementor-element elementor-element-d5b1859 elementor-widget elementor-widget-heading\" data-id=\"d5b1859\" data-element_type=\"widget\" data-widget_type=\"heading.default\">\n\t\t\t\t<div class=\"elementor-widget-container\">\n\t\t\t\t\t<h3 class=\"elementor-heading-title elementor-size-default\">Enamel Painted Glass<\/h3>\t\t\t\t<\/div>\n\t\t\t\t<\/div>\n\t\t\t\t<div class=\"elementor-element elementor-element-17343b6 elementor-widget elementor-widget-text-editor\" data-id=\"17343b6\" data-element_type=\"widget\" data-widget_type=\"text-editor.default\">\n\t\t\t\t<div class=\"elementor-widget-container\">\n\t\t\t\t\t\t\t\t\t<div>\n  <p style=\"line-height:1.6;margin-bottom:10px\" class=\"translation-block\">Painted glass: produced by applying the desired RAL enamel paint onto clear or tinted flat glass surfaces through screen printing or roller coating, followed by tempering. It combines aesthetic elegance with lasting durability.<\/p>\n\n  <h6 style=\"color:#0a4297;margin-bottom:10px\">Areas of Application<\/h6>\n  <ul style=\"margin-left:15px;line-height:1.6\">\n    <li>Glass doors<\/li>\n    <li>Glass panels<\/li>\n    <li>Exterior cladding systems<\/li>\n    <li>Glass partitions<\/li>\n    <li>Decorative structural elements<\/li>\n  <\/ul>\n<\/div>\n\t\t\t\t\t\t\t\t<\/div>\n\t\t\t\t<\/div>\n\t\t\t\t<\/div>\n\t\t\t\t<\/div>\n\t\t\t\t\t<\/div>\n\t\t\t\t<\/div>\n\t\t<div class=\"elementor-element elementor-element-f754e46 animated-slow e-flex e-con-boxed e-con e-parent\" data-id=\"f754e46\" data-element_type=\"container\" data-settings=\"{&quot;animation&quot;:&quot;none&quot;,&quot;animation_mobile&quot;:&quot;none&quot;,&quot;animation_delay&quot;:200}\">\n\t\t\t\t\t<div class=\"e-con-inner\">\n\t\t<div class=\"elementor-element elementor-element-b920f31 e-con-full animated-slow e-flex e-con e-child\" data-id=\"b920f31\" data-element_type=\"container\" data-settings=\"{&quot;background_background&quot;:&quot;classic&quot;,&quot;animation&quot;:&quot;none&quot;,&quot;animation_delay&quot;:300}\">\n\t\t<div class=\"elementor-element elementor-element-8292cec e-con-full e-flex e-con e-child\" data-id=\"8292cec\" data-element_type=\"container\">\n\t\t\t\t\t\t\t<div data-eael_opacity=\"{&quot;opacity&quot;:0.8}\" data-eael_scale_effect=\"{&quot;scale_x&quot;:1.05,&quot;scale_y&quot;:1.05}\" data-eael_duration=\"{&quot;transitionDuration&quot;:500}\" data-eael_delay=\"{&quot;transitionDelay&quot;:100}\" data-eael_easing=\"{&quot;transitionEasing&quot;:&quot;ease-out&quot;}\" data-eael_hover_duration=\"{&quot;transitionDuration&quot;:1000}\" data-eael_hover_easing=\"{&quot;transitionEasing&quot;:&quot;ease&quot;}\" class=\"eael_hover_effect elementor-element elementor-element-3b908da elementor-widget__width-inherit animated-slow elementor-invisible elementor-widget elementor-widget-image\" data-id=\"3b908da\" data-element_type=\"widget\" data-settings=\"{&quot;eael_hover_effect_transform_popover&quot;:&quot;yes&quot;,&quot;eael_hover_effect_general_settings_easing&quot;:&quot;ease-out&quot;,&quot;_animation&quot;:&quot;fadeIn&quot;,&quot;_animation_delay&quot;:200,&quot;eael_hover_effect_general_settings_hover_easing&quot;:&quot;ease&quot;}\" data-widget_type=\"image.default\">\n\t\t\t\t<div class=\"elementor-widget-container\">\n\t\t\t\t\t\t\t\t\t\t\t\t\t\t\t<img loading=\"lazy\" decoding=\"async\" width=\"1024\" height=\"1024\" src=\"https:\/\/poyrazcam.com.tr\/wp-content\/uploads\/2025\/09\/kumlamax.webp\" class=\"attachment-2048x2048 size-2048x2048 wp-image-2751\" alt=\"kumlamax\" srcset=\"https:\/\/poyrazcam.com.tr\/wp-content\/uploads\/2025\/09\/kumlamax.webp 1024w, https:\/\/poyrazcam.com.tr\/wp-content\/uploads\/2025\/09\/kumlamax-300x300.webp 300w, https:\/\/poyrazcam.com.tr\/wp-content\/uploads\/2025\/09\/kumlamax-150x150.webp 150w, https:\/\/poyrazcam.com.tr\/wp-content\/uploads\/2025\/09\/kumlamax-768x768.webp 768w\" sizes=\"(max-width: 1024px) 100vw, 1024px\" title=\"Our Services\">\t\t\t\t\t\t\t\t\t\t\t\t\t\t\t<\/div>\n\t\t\t\t<\/div>\n\t\t\t\t<\/div>\n\t\t<div class=\"elementor-element elementor-element-dca74b2 e-con-full e-flex e-con e-child\" data-id=\"dca74b2\" data-element_type=\"container\">\n\t\t\t\t<div class=\"elementor-element elementor-element-d1b9856 elementor-widget elementor-widget-heading\" data-id=\"d1b9856\" data-element_type=\"widget\" data-widget_type=\"heading.default\">\n\t\t\t\t<div class=\"elementor-widget-container\">\n\t\t\t\t\t<h3 class=\"elementor-heading-title elementor-size-default\">Sandblasting<\/h3>\t\t\t\t<\/div>\n\t\t\t\t<\/div>\n\t\t\t\t<div class=\"elementor-element elementor-element-f79d05f elementor-widget elementor-widget-text-editor\" data-id=\"f79d05f\" data-element_type=\"widget\" data-widget_type=\"text-editor.default\">\n\t\t\t\t<div class=\"elementor-widget-container\">\n\t\t\t\t\t\t\t\t\t<div>\n  <p style=\"line-height:1.6;margin-bottom:10px\">\n    Kumlama; y\u00fcksek hava bas\u0131nc\u0131yla kumun cam y\u00fczeye \u00e7arpt\u0131r\u0131larak <strong>temizleme<\/strong> veya <strong>p\u00fcr\u00fczlendirme<\/strong> i\u015flemidir. \n    Dekoratif ya da g\u00f6r\u00fc\u015f engelleme amac\u0131yla kullan\u0131lan, yakla\u015f\u0131k bir as\u0131rl\u0131k ge\u00e7mi\u015fe sahip k\u00f6kl\u00fc bir cam i\u015fleme y\u00f6ntemidir.\n  <\/p>\n\n  <p style=\"line-height:1.6;margin-bottom:10px\">\n    Sandblasted glass, favored in residential and commercial spaces, enhances interiors with its elegant look and contributes to bright, open environments, making it one of the most prevalent decorative structural elements today.\n  <\/p>\n\n  <h6 style=\"color:#0a4297;margin-bottom:10px\">Areas of Application<\/h6>\n  <ul style=\"margin-left:15px;line-height:1.6\">\n    <li>Glass doors<\/li>\n    <li>Glass panels<\/li>\n    <li>Exterior cladding systems<\/li>\n    <li>Glass partitions<\/li>\n    <li>Decorative structural elements<\/li>\n  <\/ul>\n<\/div>\n\t\t\t\t\t\t\t\t<\/div>\n\t\t\t\t<\/div>\n\t\t\t\t<\/div>\n\t\t\t\t<\/div>\n\t\t\t\t\t<\/div>\n\t\t\t\t<\/div>\n\t\t\t\t<\/div>","protected":false},"excerpt":{"rendered":"<p>Hizmetlerimiz Kenar \u0130\u015fleme Rodaj Rodaj; cam\u0131n kenar ve k\u00f6\u015felerindeki keskinli\u011fin al\u0131nmas\u0131 ve y\u00fczeyin perdahlanmas\u0131 i\u015flemidir. Uygulama ihtiyac\u0131na g\u00f6re a\u015fa\u011f\u0131daki rodaj tipleri tercih edilir: D\u00fcz Rodaj: Kenar\u0131n keskinli\u011fi al\u0131n\u0131r ve d\u00fcz hatta perdah yap\u0131l\u0131r. Pahl\u0131 Rodaj (90\u00b0 \/ 45\u00b0): Kenara belirli a\u00e7\u0131larda k\u0131rma verilerek yumu\u015fak ve dekoratif bir ge\u00e7i\u015f sa\u011flan\u0131r. C Rodaj (Bal\u0131k S\u0131rt\u0131): Yay bi\u00e7imli [&hellip;]<\/p>","protected":false},"author":1,"featured_media":0,"parent":0,"menu_order":0,"comment_status":"closed","ping_status":"closed","template":"","meta":{"_eb_attr":"","_uag_custom_page_level_css":"","site-sidebar-layout":"no-sidebar","site-content-layout":"page-builder","ast-site-content-layout":"default","site-content-style":"default","site-sidebar-style":"default","ast-global-header-display":"","ast-banner-title-visibility":"","ast-main-header-display":"","ast-hfb-above-header-display":"","ast-hfb-below-header-display":"","ast-hfb-mobile-header-display":"","site-post-title":"disabled","ast-breadcrumbs-content":"disabled","ast-featured-img":"disabled","footer-sml-layout":"","theme-transparent-header-meta":"enabled","adv-header-id-meta":"","stick-header-meta":"","header-above-stick-meta":"","header-main-stick-meta":"","header-below-stick-meta":"","astra-migrate-meta-layouts":"default","ast-page-background-enabled":"default","ast-page-background-meta":{"desktop":{"background-color":"var(--ast-global-color-4)","background-image":"","background-repeat":"repeat","background-position":"center center","background-size":"auto","background-attachment":"scroll","background-type":"","background-media":"","overlay-type":"","overlay-color":"","overlay-opacity":"","overlay-gradient":""},"tablet":{"background-color":"","background-image":"","background-repeat":"repeat","background-position":"center center","background-size":"auto","background-attachment":"scroll","background-type":"","background-media":"","overlay-type":"","overlay-color":"","overlay-opacity":"","overlay-gradient":""},"mobile":{"background-color":"","background-image":"","background-repeat":"repeat","background-position":"center center","background-size":"auto","background-attachment":"scroll","background-type":"","background-media":"","overlay-type":"","overlay-color":"","overlay-opacity":"","overlay-gradient":""}},"ast-content-background-meta":{"desktop":{"background-color":"var(--ast-global-color-5)","background-image":"","background-repeat":"repeat","background-position":"center center","background-size":"auto","background-attachment":"scroll","background-type":"","background-media":"","overlay-type":"","overlay-color":"","overlay-opacity":"","overlay-gradient":""},"tablet":{"background-color":"var(--ast-global-color-5)","background-image":"","background-repeat":"repeat","background-position":"center center","background-size":"auto","background-attachment":"scroll","background-type":"","background-media":"","overlay-type":"","overlay-color":"","overlay-opacity":"","overlay-gradient":""},"mobile":{"background-color":"var(--ast-global-color-5)","background-image":"","background-repeat":"repeat","background-position":"center center","background-size":"auto","background-attachment":"scroll","background-type":"","background-media":"","overlay-type":"","overlay-color":"","overlay-opacity":"","overlay-gradient":""}},"footnotes":""},"class_list":["post-3331","page","type-page","status-publish","hentry"],"uagb_featured_image_src":{"full":false,"thumbnail":false,"medium":false,"medium_large":false,"large":false,"1536x1536":false,"2048x2048":false,"trp-custom-language-flag":false},"uagb_author_info":{"display_name":"merttanilekinci@gmail.com","author_link":"https:\/\/poyrazcam.com.tr\/en\/author\/merttanilekinci@gmail.com\/"},"uagb_comment_info":0,"uagb_excerpt":"Hizmetlerimiz Kenar \u0130\u015fleme Rodaj Rodaj; cam\u0131n kenar ve k\u00f6\u015felerindeki keskinli\u011fin al\u0131nmas\u0131 ve y\u00fczeyin perdahlanmas\u0131 i\u015flemidir. Uygulama ihtiyac\u0131na g\u00f6re a\u015fa\u011f\u0131daki rodaj tipleri tercih edilir: D\u00fcz Rodaj: Kenar\u0131n keskinli\u011fi al\u0131n\u0131r ve d\u00fcz hatta perdah yap\u0131l\u0131r. Pahl\u0131 Rodaj (90\u00b0 \/ 45\u00b0): Kenara belirli a\u00e7\u0131larda k\u0131rma verilerek yumu\u015fak ve dekoratif bir ge\u00e7i\u015f sa\u011flan\u0131r. C Rodaj (Bal\u0131k S\u0131rt\u0131): Yay bi\u00e7imli&hellip;","_links":{"self":[{"href":"https:\/\/poyrazcam.com.tr\/en\/wp-json\/wp\/v2\/pages\/3331","targetHints":{"allow":["GET"]}}],"collection":[{"href":"https:\/\/poyrazcam.com.tr\/en\/wp-json\/wp\/v2\/pages"}],"about":[{"href":"https:\/\/poyrazcam.com.tr\/en\/wp-json\/wp\/v2\/types\/page"}],"author":[{"embeddable":true,"href":"https:\/\/poyrazcam.com.tr\/en\/wp-json\/wp\/v2\/users\/1"}],"replies":[{"embeddable":true,"href":"https:\/\/poyrazcam.com.tr\/en\/wp-json\/wp\/v2\/comments?post=3331"}],"version-history":[{"count":16,"href":"https:\/\/poyrazcam.com.tr\/en\/wp-json\/wp\/v2\/pages\/3331\/revisions"}],"predecessor-version":[{"id":3631,"href":"https:\/\/poyrazcam.com.tr\/en\/wp-json\/wp\/v2\/pages\/3331\/revisions\/3631"}],"wp:attachment":[{"href":"https:\/\/poyrazcam.com.tr\/en\/wp-json\/wp\/v2\/media?parent=3331"}],"curies":[{"name":"wp","href":"https:\/\/api.w.org\/{rel}","templated":true}]}}