{"id":3375,"date":"2025-09-08T07:15:50","date_gmt":"2025-09-08T07:15:50","guid":{"rendered":"https:\/\/poyrazcam.com.tr\/?page_id=3375"},"modified":"2025-09-08T15:17:30","modified_gmt":"2025-09-08T15:17:30","slug":"hakkimizda","status":"publish","type":"page","link":"https:\/\/poyrazcam.com.tr\/en\/hakkimizda\/","title":{"rendered":"About Us"},"content":{"rendered":"<div data-elementor-type=\"wp-page\" data-elementor-id=\"3375\" class=\"elementor elementor-3375\">\n\t\t\t\t<div class=\"elementor-element elementor-element-1b6161c animated-slow e-flex e-con-boxed elementor-invisible e-con e-parent\" data-id=\"1b6161c\" data-element_type=\"container\" data-settings=\"{&quot;background_background&quot;:&quot;classic&quot;,&quot;animation&quot;:&quot;fadeInLeft&quot;,&quot;animation_delay&quot;:300}\">\n\t\t\t\t\t<div class=\"e-con-inner\">\n\t\t<div class=\"elementor-element elementor-element-a621323 e-con-full e-flex e-con e-child\" data-id=\"a621323\" data-element_type=\"container\">\n\t\t\t\t<div class=\"elementor-element elementor-element-2ff45f2 elementor-widget elementor-widget-heading\" data-id=\"2ff45f2\" data-element_type=\"widget\" data-widget_type=\"heading.default\">\n\t\t\t\t<div class=\"elementor-widget-container\">\n\t\t\t\t\t<h1 class=\"elementor-heading-title elementor-size-default\">About Us<\/h1>\t\t\t\t<\/div>\n\t\t\t\t<\/div>\n\t\t\t\t<\/div>\n\t\t\t\t\t<\/div>\n\t\t\t\t<\/div>\n\t\t<div class=\"elementor-element elementor-element-6341013 animated-slow e-flex e-con-boxed e-con e-parent\" data-id=\"6341013\" data-element_type=\"container\" data-settings=\"{&quot;animation&quot;:&quot;none&quot;,&quot;animation_mobile&quot;:&quot;none&quot;,&quot;animation_delay&quot;:200}\">\n\t\t\t\t\t<div class=\"e-con-inner\">\n\t\t<div class=\"elementor-element elementor-element-a52b002 e-con-full e-flex e-con e-child\" data-id=\"a52b002\" data-element_type=\"container\">\n\t\t\t\t<div class=\"elementor-element elementor-element-c60c9a0 elementor-widget elementor-widget-heading\" data-id=\"c60c9a0\" data-element_type=\"widget\" data-widget_type=\"heading.default\">\n\t\t\t\t<div class=\"elementor-widget-container\">\n\t\t\t\t\t<h2 class=\"elementor-heading-title elementor-size-default\">Who Are We?<\/h2>\t\t\t\t<\/div>\n\t\t\t\t<\/div>\n\t\t\t\t<\/div>\n\t\t<div class=\"elementor-element elementor-element-eaae9f1 e-con-full animated-slow e-flex e-con e-child\" data-id=\"eaae9f1\" data-element_type=\"container\" data-settings=\"{&quot;background_background&quot;:&quot;classic&quot;,&quot;animation&quot;:&quot;none&quot;,&quot;animation_delay&quot;:300}\">\n\t\t<div class=\"elementor-element elementor-element-23ed921 e-con-full e-flex e-con e-child\" data-id=\"23ed921\" data-element_type=\"container\">\n\t\t\t\t\t\t\t<div data-eael_opacity=\"{&quot;opacity&quot;:0.8}\" data-eael_scale_effect=\"{&quot;scale_x&quot;:1.05,&quot;scale_y&quot;:1.05}\" data-eael_duration=\"{&quot;transitionDuration&quot;:500}\" data-eael_delay=\"{&quot;transitionDelay&quot;:100}\" data-eael_easing=\"{&quot;transitionEasing&quot;:&quot;ease-out&quot;}\" data-eael_hover_duration=\"{&quot;transitionDuration&quot;:1000}\" data-eael_hover_easing=\"{&quot;transitionEasing&quot;:&quot;ease&quot;}\" class=\"eael_hover_effect elementor-element elementor-element-5ba9472 elementor-widget__width-inherit animated-slow elementor-invisible elementor-widget elementor-widget-image\" data-id=\"5ba9472\" data-element_type=\"widget\" data-settings=\"{&quot;eael_hover_effect_transform_popover&quot;:&quot;yes&quot;,&quot;eael_hover_effect_general_settings_easing&quot;:&quot;ease-out&quot;,&quot;_animation&quot;:&quot;fadeIn&quot;,&quot;_animation_delay&quot;:200,&quot;eael_hover_effect_general_settings_hover_easing&quot;:&quot;ease&quot;}\" data-widget_type=\"image.default\">\n\t\t\t\t<div class=\"elementor-widget-container\">\n\t\t\t\t\t\t\t\t\t\t\t\t\t\t\t<img fetchpriority=\"high\" decoding=\"async\" width=\"1919\" height=\"959\" src=\"https:\/\/poyrazcam.com.tr\/wp-content\/uploads\/2025\/09\/poyraz-cam-giris.webp\" class=\"attachment-2048x2048 size-2048x2048 wp-image-3378\" alt=\"poyraz cam giris\" srcset=\"https:\/\/poyrazcam.com.tr\/wp-content\/uploads\/2025\/09\/poyraz-cam-giris.webp 1919w, https:\/\/poyrazcam.com.tr\/wp-content\/uploads\/2025\/09\/poyraz-cam-giris-300x150.webp 300w, https:\/\/poyrazcam.com.tr\/wp-content\/uploads\/2025\/09\/poyraz-cam-giris-1024x512.webp 1024w, https:\/\/poyrazcam.com.tr\/wp-content\/uploads\/2025\/09\/poyraz-cam-giris-768x384.webp 768w, https:\/\/poyrazcam.com.tr\/wp-content\/uploads\/2025\/09\/poyraz-cam-giris-1536x768.webp 1536w\" sizes=\"(max-width: 1919px) 100vw, 1919px\" title=\"About Us\">\t\t\t\t\t\t\t\t\t\t\t\t\t\t\t<\/div>\n\t\t\t\t<\/div>\n\t\t\t\t<\/div>\n\t\t<div class=\"elementor-element elementor-element-84b86df e-con-full e-flex e-con e-child\" data-id=\"84b86df\" data-element_type=\"container\">\n\t\t\t\t<div class=\"elementor-element elementor-element-1c9f379 elementor-widget elementor-widget-text-editor\" data-id=\"1c9f379\" data-element_type=\"widget\" data-widget_type=\"text-editor.default\">\n\t\t\t\t<div class=\"elementor-widget-container\">\n\t\t\t\t\t\t\t\t\t<p data-start=\"0\" data-end=\"244\">Poyraz Glass is a well-established family-owned company operating in Adana with many years of experience in the glass industry. With its reliability, commitment to quality production, and customer-oriented approach, it is among the leading companies in the sector.<\/p><p data-start=\"246\" data-end=\"499\" data-is-last-node=\"\" data-is-only-node=\"\">ChatGPT:\n\nWith modern production lines, innovative investments, and an expert team, it provides accurate and reliable solutions for diverse needs. With its uncompromising commitment to quality and strong supply chain, it adds value to the glass industry both regionally and nationwide.<\/p>\t\t\t\t\t\t\t\t<\/div>\n\t\t\t\t<\/div>\n\t\t\t\t<\/div>\n\t\t\t\t<\/div>\n\t\t\t\t\t<\/div>\n\t\t\t\t<\/div>\n\t\t<div class=\"elementor-element elementor-element-6a253d5 animated-slow e-flex e-con-boxed e-con e-parent\" data-id=\"6a253d5\" data-element_type=\"container\" data-settings=\"{&quot;animation&quot;:&quot;none&quot;,&quot;animation_mobile&quot;:&quot;none&quot;,&quot;animation_delay&quot;:200}\">\n\t\t\t\t\t<div class=\"e-con-inner\">\n\t\t<div class=\"elementor-element elementor-element-8118a8f e-con-full e-flex e-con e-child\" data-id=\"8118a8f\" data-element_type=\"container\">\n\t\t\t\t<div class=\"elementor-element elementor-element-a56ff29 elementor-widget__width-initial elementor-widget elementor-widget-heading\" data-id=\"a56ff29\" data-element_type=\"widget\" data-widget_type=\"heading.default\">\n\t\t\t\t<div class=\"elementor-widget-container\">\n\t\t\t\t\t<h2 class=\"elementor-heading-title elementor-size-default\">Our Vision &amp; Mission<\/h2>\t\t\t\t<\/div>\n\t\t\t\t<\/div>\n\t\t\t\t<\/div>\n\t\t<div class=\"elementor-element elementor-element-83d6ad4 e-con-full animated-slow e-flex e-con e-child\" data-id=\"83d6ad4\" data-element_type=\"container\" data-settings=\"{&quot;background_background&quot;:&quot;classic&quot;,&quot;animation&quot;:&quot;none&quot;,&quot;animation_delay&quot;:300}\">\n\t\t<div class=\"elementor-element elementor-element-8a7cc55 e-con-full e-flex e-con e-child\" data-id=\"8a7cc55\" data-element_type=\"container\">\n\t\t\t\t\t\t\t<div data-eael_opacity=\"{&quot;opacity&quot;:0.8}\" data-eael_scale_effect=\"{&quot;scale_x&quot;:1.05,&quot;scale_y&quot;:1.05}\" data-eael_duration=\"{&quot;transitionDuration&quot;:500}\" data-eael_delay=\"{&quot;transitionDelay&quot;:100}\" data-eael_easing=\"{&quot;transitionEasing&quot;:&quot;ease-out&quot;}\" data-eael_hover_duration=\"{&quot;transitionDuration&quot;:1000}\" data-eael_hover_easing=\"{&quot;transitionEasing&quot;:&quot;ease&quot;}\" class=\"eael_hover_effect elementor-element elementor-element-67eea0d elementor-widget__width-inherit animated-slow elementor-invisible elementor-widget elementor-widget-image\" data-id=\"67eea0d\" data-element_type=\"widget\" data-settings=\"{&quot;eael_hover_effect_transform_popover&quot;:&quot;yes&quot;,&quot;eael_hover_effect_general_settings_easing&quot;:&quot;ease-out&quot;,&quot;_animation&quot;:&quot;fadeIn&quot;,&quot;_animation_delay&quot;:200,&quot;eael_hover_effect_general_settings_hover_easing&quot;:&quot;ease&quot;}\" data-widget_type=\"image.default\">\n\t\t\t\t<div class=\"elementor-widget-container\">\n\t\t\t\t\t\t\t\t\t\t\t\t\t\t\t<img decoding=\"async\" width=\"1919\" height=\"926\" src=\"https:\/\/poyrazcam.com.tr\/wp-content\/uploads\/2025\/09\/poyraz-cam-hero.webp\" class=\"attachment-2048x2048 size-2048x2048 wp-image-3377\" alt=\"poyraz cam hero\" srcset=\"https:\/\/poyrazcam.com.tr\/wp-content\/uploads\/2025\/09\/poyraz-cam-hero.webp 1919w, https:\/\/poyrazcam.com.tr\/wp-content\/uploads\/2025\/09\/poyraz-cam-hero-300x145.webp 300w, https:\/\/poyrazcam.com.tr\/wp-content\/uploads\/2025\/09\/poyraz-cam-hero-1024x494.webp 1024w, https:\/\/poyrazcam.com.tr\/wp-content\/uploads\/2025\/09\/poyraz-cam-hero-768x371.webp 768w, https:\/\/poyrazcam.com.tr\/wp-content\/uploads\/2025\/09\/poyraz-cam-hero-1536x741.webp 1536w\" sizes=\"(max-width: 1919px) 100vw, 1919px\" title=\"About Us\">\t\t\t\t\t\t\t\t\t\t\t\t\t\t\t<\/div>\n\t\t\t\t<\/div>\n\t\t\t\t<\/div>\n\t\t<div class=\"elementor-element elementor-element-115857f e-con-full e-flex e-con e-child\" data-id=\"115857f\" data-element_type=\"container\">\n\t\t\t\t<div class=\"elementor-element elementor-element-3958109 elementor-widget elementor-widget-text-editor\" data-id=\"3958109\" data-element_type=\"widget\" data-widget_type=\"text-editor.default\">\n\t\t\t\t<div class=\"elementor-widget-container\">\n\t\t\t\t\t\t\t\t\t<p data-start=\"0\" data-end=\"261\">By maintaining sustainable growth, we aim to be one of the preferred brands in the industry, keep customer satisfaction at the highest level, carry out environmentally friendly production, and take advantage of the latest technologies to rank among the leaders in the glass sector.<\/p><p data-start=\"263\" data-end=\"544\" data-is-last-node=\"\" data-is-only-node=\"\">As a reliable and preferred company, we aim to continuously improve, deliver the highest quality to our customers in the most efficient timeframe, provide effective solutions in both domestic and international markets, and act with a sense of responsibility toward our employees and the environment.<\/p>\t\t\t\t\t\t\t\t<\/div>\n\t\t\t\t<\/div>\n\t\t\t\t<\/div>\n\t\t\t\t<\/div>\n\t\t\t\t\t<\/div>\n\t\t\t\t<\/div>\n\t\t<div class=\"elementor-element elementor-element-44d984f animated-slow e-flex e-con-boxed e-con e-parent\" data-id=\"44d984f\" data-element_type=\"container\" data-settings=\"{&quot;animation&quot;:&quot;none&quot;,&quot;animation_mobile&quot;:&quot;none&quot;,&quot;animation_delay&quot;:200}\">\n\t\t\t\t\t<div class=\"e-con-inner\">\n\t\t<div class=\"elementor-element elementor-element-9058390 e-con-full e-flex e-con e-child\" data-id=\"9058390\" data-element_type=\"container\">\n\t\t\t\t<div class=\"elementor-element elementor-element-871d0ca elementor-widget elementor-widget-heading\" data-id=\"871d0ca\" data-element_type=\"widget\" data-widget_type=\"heading.default\">\n\t\t\t\t<div class=\"elementor-widget-container\">\n\t\t\t\t\t<h2 class=\"elementor-heading-title elementor-size-default\">Our Quality Policy<\/h2>\t\t\t\t<\/div>\n\t\t\t\t<\/div>\n\t\t\t\t<\/div>\n\t\t<div class=\"elementor-element elementor-element-f6603fc e-con-full animated-slow e-flex e-con e-child\" data-id=\"f6603fc\" data-element_type=\"container\" data-settings=\"{&quot;background_background&quot;:&quot;classic&quot;,&quot;animation&quot;:&quot;none&quot;,&quot;animation_delay&quot;:300}\">\n\t\t<div class=\"elementor-element elementor-element-6029e4e e-con-full e-flex e-con e-child\" data-id=\"6029e4e\" data-element_type=\"container\">\n\t\t\t\t<div class=\"elementor-element elementor-element-5eb6a9e elementor-widget elementor-widget-text-editor\" data-id=\"5eb6a9e\" data-element_type=\"widget\" data-widget_type=\"text-editor.default\">\n\t\t\t\t<div class=\"elementor-widget-container\">\n\t\t\t\t\t\t\t\t\t<p data-start=\"0\" data-end=\"330\">Embracing quality as a corporate culture, Poyraz Glass has adopted the principle of conducting all its activities in compliance with international standards and achieving results beyond customer expectations. The management of feedback, a risk-based approach, and a commitment to continuous improvement form the foundation of our quality policy.<\/p><p data-start=\"332\" data-end=\"516\" data-is-last-node=\"\" data-is-only-node=\"\">Supporting the innovative perspectives of employees, enhancing their technical competencies, and carrying out environmentally friendly production are integral parts of Poyraz Glass\u2019s understanding of quality.<\/p>\t\t\t\t\t\t\t\t<\/div>\n\t\t\t\t<\/div>\n\t\t\t\t<\/div>\n\t\t\t\t<\/div>\n\t\t\t\t\t<\/div>\n\t\t\t\t<\/div>\n\t\t\t\t<\/div>","protected":false},"excerpt":{"rendered":"<p>Hakk\u0131m\u0131zda Biz Kimiz? Poyraz Cam, cam sekt\u00f6r\u00fcnde uzun y\u0131llara dayanan tecr\u00fcbesiyle Adana\u2019da faaliyet g\u00f6steren k\u00f6kl\u00fc bir aile firmas\u0131d\u0131r. G\u00fcvenilirli\u011fi, kaliteli \u00fcretim anlay\u0131\u015f\u0131 ve m\u00fc\u015fteri odakl\u0131 yakla\u015f\u0131m\u0131 sayesinde sekt\u00f6r\u00fcnde \u00f6nc\u00fc firmalar aras\u0131nda yer almaktad\u0131r. Modern \u00fcretim hatlar\u0131, yenilik\u00e7i yat\u0131r\u0131mlar\u0131 ve uzman kadrosuyla farkl\u0131 ihtiya\u00e7lara do\u011fru ve g\u00fcvenilir \u00e7\u00f6z\u00fcmler sunmaktad\u0131r. Kaliteden taviz vermeyen duru\u015fu ve g\u00fc\u00e7l\u00fc tedarik [&hellip;]<\/p>","protected":false},"author":1,"featured_media":0,"parent":0,"menu_order":0,"comment_status":"closed","ping_status":"closed","template":"","meta":{"_eb_attr":"","_uag_custom_page_level_css":"","site-sidebar-layout":"no-sidebar","site-content-layout":"page-builder","ast-site-content-layout":"default","site-content-style":"default","site-sidebar-style":"default","ast-global-header-display":"","ast-banner-title-visibility":"","ast-main-header-display":"","ast-hfb-above-header-display":"","ast-hfb-below-header-display":"","ast-hfb-mobile-header-display":"","site-post-title":"disabled","ast-breadcrumbs-content":"disabled","ast-featured-img":"disabled","footer-sml-layout":"","theme-transparent-header-meta":"enabled","adv-header-id-meta":"","stick-header-meta":"","header-above-stick-meta":"","header-main-stick-meta":"","header-below-stick-meta":"","astra-migrate-meta-layouts":"default","ast-page-background-enabled":"default","ast-page-background-meta":{"desktop":{"background-color":"var(--ast-global-color-4)","background-image":"","background-repeat":"repeat","background-position":"center center","background-size":"auto","background-attachment":"scroll","background-type":"","background-media":"","overlay-type":"","overlay-color":"","overlay-opacity":"","overlay-gradient":""},"tablet":{"background-color":"","background-image":"","background-repeat":"repeat","background-position":"center center","background-size":"auto","background-attachment":"scroll","background-type":"","background-media":"","overlay-type":"","overlay-color":"","overlay-opacity":"","overlay-gradient":""},"mobile":{"background-color":"","background-image":"","background-repeat":"repeat","background-position":"center center","background-size":"auto","background-attachment":"scroll","background-type":"","background-media":"","overlay-type":"","overlay-color":"","overlay-opacity":"","overlay-gradient":""}},"ast-content-background-meta":{"desktop":{"background-color":"var(--ast-global-color-5)","background-image":"","background-repeat":"repeat","background-position":"center center","background-size":"auto","background-attachment":"scroll","background-type":"","background-media":"","overlay-type":"","overlay-color":"","overlay-opacity":"","overlay-gradient":""},"tablet":{"background-color":"var(--ast-global-color-5)","background-image":"","background-repeat":"repeat","background-position":"center center","background-size":"auto","background-attachment":"scroll","background-type":"","background-media":"","overlay-type":"","overlay-color":"","overlay-opacity":"","overlay-gradient":""},"mobile":{"background-color":"var(--ast-global-color-5)","background-image":"","background-repeat":"repeat","background-position":"center center","background-size":"auto","background-attachment":"scroll","background-type":"","background-media":"","overlay-type":"","overlay-color":"","overlay-opacity":"","overlay-gradient":""}},"footnotes":""},"class_list":["post-3375","page","type-page","status-publish","hentry"],"uagb_featured_image_src":{"full":false,"thumbnail":false,"medium":false,"medium_large":false,"large":false,"1536x1536":false,"2048x2048":false,"trp-custom-language-flag":false},"uagb_author_info":{"display_name":"merttanilekinci@gmail.com","author_link":"https:\/\/poyrazcam.com.tr\/en\/author\/merttanilekinci@gmail.com\/"},"uagb_comment_info":0,"uagb_excerpt":"Hakk\u0131m\u0131zda Biz Kimiz? Poyraz Cam, cam sekt\u00f6r\u00fcnde uzun y\u0131llara dayanan tecr\u00fcbesiyle Adana\u2019da faaliyet g\u00f6steren k\u00f6kl\u00fc bir aile firmas\u0131d\u0131r. G\u00fcvenilirli\u011fi, kaliteli \u00fcretim anlay\u0131\u015f\u0131 ve m\u00fc\u015fteri odakl\u0131 yakla\u015f\u0131m\u0131 sayesinde sekt\u00f6r\u00fcnde \u00f6nc\u00fc firmalar aras\u0131nda yer almaktad\u0131r. Modern \u00fcretim hatlar\u0131, yenilik\u00e7i yat\u0131r\u0131mlar\u0131 ve uzman kadrosuyla farkl\u0131 ihtiya\u00e7lara do\u011fru ve g\u00fcvenilir \u00e7\u00f6z\u00fcmler sunmaktad\u0131r. Kaliteden taviz vermeyen duru\u015fu ve g\u00fc\u00e7l\u00fc tedarik&hellip;","_links":{"self":[{"href":"https:\/\/poyrazcam.com.tr\/en\/wp-json\/wp\/v2\/pages\/3375","targetHints":{"allow":["GET"]}}],"collection":[{"href":"https:\/\/poyrazcam.com.tr\/en\/wp-json\/wp\/v2\/pages"}],"about":[{"href":"https:\/\/poyrazcam.com.tr\/en\/wp-json\/wp\/v2\/types\/page"}],"author":[{"embeddable":true,"href":"https:\/\/poyrazcam.com.tr\/en\/wp-json\/wp\/v2\/users\/1"}],"replies":[{"embeddable":true,"href":"https:\/\/poyrazcam.com.tr\/en\/wp-json\/wp\/v2\/comments?post=3375"}],"version-history":[{"count":16,"href":"https:\/\/poyrazcam.com.tr\/en\/wp-json\/wp\/v2\/pages\/3375\/revisions"}],"predecessor-version":[{"id":3754,"href":"https:\/\/poyrazcam.com.tr\/en\/wp-json\/wp\/v2\/pages\/3375\/revisions\/3754"}],"wp:attachment":[{"href":"https:\/\/poyrazcam.com.tr\/en\/wp-json\/wp\/v2\/media?parent=3375"}],"curies":[{"name":"wp","href":"https:\/\/api.w.org\/{rel}","templated":true}]}}